{"id":2038,"date":"2025-04-17T23:19:33","date_gmt":"2025-04-17T21:19:33","guid":{"rendered":"https:\/\/www.regionalis.shop\/madebyju\/product\/5er-set-bio-bienenwachstuecher-muster-gelb-creme-rosa\/"},"modified":"2025-12-05T11:53:57","modified_gmt":"2025-12-05T10:53:57","slug":"5er-set-bio-bienenwachstuecher-muster-gelb-creme-rosa","status":"publish","type":"product","link":"https:\/\/www.regionalis.shop\/madebyju\/shop\/5er-set-bio-bienenwachstuecher-muster-gelb-creme-rosa\/","title":{"rendered":"5er SET Bio-Bienenwachst\u00fccher &#8211; MUSTER GELB\/CREME\/ROSA"},"content":{"rendered":"","protected":false},"excerpt":{"rendered":"<p>Die nachhaltige Alternative \u00a0zu Alufolie oder Frischhaltefolie<br \/>\n<strong>WIEDERVERWENDBAR, ABWASCHBAR<\/strong><\/p>\n<p>Dieses gro\u00dfe Set besteht aus <strong>5 ST\u00dcCK Bienenwachst\u00fcchern<\/strong> in folgenden Gr\u00f6\u00dfen:<br \/>\nXS 13x13cm, S 18x18cm, M 20x23cm, L 26x28cm, XL 32x35cm<\/p>\n<p>Unsere Bienenwachst\u00fccher sind als Lebensmittel- Kontaktgegenstand von unabh\u00e4ngiger Stelle gepr\u00fcft.<br \/>\n<strong>Wir verwenden ausschlie\u00dflich in \u00d6sterreich f\u00fcr Lebensmittelkontakt zugelassene Inhaltsstoffe!<\/strong><\/p>\n<p>Durch die verschiedenen Gr\u00f6\u00dfen ist der Einsatz in der nachhaltigen K\u00fcche nahezu unbegrenzt. Frisch halten, Abdecken, Einwickeln oder Jausenverpackung!<br \/>\nNat\u00fcrlich erhalten Sie dazu eine ausf\u00fchrliche <strong>ANLEITUNG<\/strong> wie Sie unsere Bienenwachst\u00fccher\u00a0richtig verwenden.<\/p>\n<p>&nbsp;<\/p>\n","protected":false},"featured_media":2039,"template":"","meta":{"_acf_changed":false},"product_brand":[],"product_cat":[160,172,103],"product_tag":[],"class_list":{"0":"post-2038","1":"product","2":"type-product","3":"status-publish","4":"has-post-thumbnail","6":"product_cat-nachhaltiger-haushalt","7":"product_cat-verpacken-verstauen","8":"product_cat-wohnen-deko","10":"first","11":"instock","12":"purchasable","13":"product-type-simple"},"acf":[],"_links":{"self":[{"href":"https:\/\/www.regionalis.shop\/madebyju\/wp-json\/wp\/v2\/product\/2038","targetHints":{"allow":["GET"]}}],"collection":[{"href":"https:\/\/www.regionalis.shop\/madebyju\/wp-json\/wp\/v2\/product"}],"about":[{"href":"https:\/\/www.regionalis.shop\/madebyju\/wp-json\/wp\/v2\/types\/product"}],"wp:featuredmedia":[{"embeddable":true,"href":"https:\/\/www.regionalis.shop\/madebyju\/wp-json\/wp\/v2\/media\/2039"}],"wp:attachment":[{"href":"https:\/\/www.regionalis.shop\/madebyju\/wp-json\/wp\/v2\/media?parent=2038"}],"wp:term":[{"taxonomy":"product_brand","embeddable":true,"href":"https:\/\/www.regionalis.shop\/madebyju\/wp-json\/wp\/v2\/product_brand?post=2038"},{"taxonomy":"product_cat","embeddable":true,"href":"https:\/\/www.regionalis.shop\/madebyju\/wp-json\/wp\/v2\/product_cat?post=2038"},{"taxonomy":"product_tag","embeddable":true,"href":"https:\/\/www.regionalis.shop\/madebyju\/wp-json\/wp\/v2\/product_tag?post=2038"}],"curies":[{"name":"wp","href":"https:\/\/api.w.org\/{rel}","templated":true}]}}