{"id":2215,"date":"2025-11-27T09:22:16","date_gmt":"2025-11-27T08:22:16","guid":{"rendered":"https:\/\/www.regionalis.shop\/madebyju\/?post_type=product&#038;p=2215"},"modified":"2025-11-27T10:40:37","modified_gmt":"2025-11-27T09:40:37","slug":"faeustlinge-traktor-bunt-grau-groesse-waehlbar-gefuettert","status":"publish","type":"product","link":"https:\/\/www.regionalis.shop\/madebyju\/shop\/faeustlinge-traktor-bunt-grau-groesse-waehlbar-gefuettert\/","title":{"rendered":"F\u00c4USTLINGE TRAKTOR bunt grau &#8211; Gr\u00f6\u00dfe w\u00e4hlbar (gef\u00fcttert)"},"content":{"rendered":"","protected":false},"excerpt":{"rendered":"<p>Diese F\u00e4ustlinge sind<strong> warm, doppellagig<\/strong>, innen vollst\u00e4ndig <strong>gef\u00fcttert mit<\/strong> kuscheligem <strong>Fleece<\/strong><\/p>\n<p>Bis 3 Jahre ist eine Aufh\u00e4nge- Kordel dabei<br \/>\nDie Babygr\u00f6\u00dfe ist aus praktischen Gr\u00fcnden ohne Daumen gen\u00e4ht<\/p>\n<p><strong>Material:<\/strong><br \/>\nAussen: Baumwolljersey 95% Baumwolle, 5% Elasthan<br \/>\nInnen: Fleece<\/p>\n<p>bis 40 Grad schonend in der Waschmaschine waschbar<\/p>\n<p>Das passende Hauben\/Schal SET (verschiedene Gr\u00f6\u00dfen ausw\u00e4hlbar) ist ebenfalls in dieser Kategorie eingestellt!!!<\/p>\n<p>0-1,5 Jahre (L\u00e4nge ca. 8,5-9cm) inkl. Jackenaufh\u00e4ngung ohne Daumen<br \/>\n2-3 Jahre (L\u00e4nge ca. 10cm) inkl. Jackenaufh\u00e4ngung<br \/>\n4-5 Jahre (L\u00e4nge ca. 11,5cm)<br \/>\n6-7 Jahre (L\u00e4nge ca. 13cm)<br \/>\n8-10 Jahre (L\u00e4nge ca. 14cm)<\/p>\n<p>Die angegebene L\u00e4nge wird gemessen von der HANDWURZEL bis FINGERSPITZE <strong>(<i>ohne B\u00fcndchen!)<\/i><\/strong><\/p>\n<p><strong>Wichtiger Hinweis:<\/strong> Die Farbe des B\u00fcndchens kann variieren, wird aber immer perfekt passend zum Muster ausgew\u00e4hlt!<\/p>\n<p>&nbsp;<\/p>\n","protected":false},"featured_media":2259,"template":"","meta":{"_acf_changed":false},"product_brand":[],"product_cat":[107,38,44,47],"product_tag":[],"class_list":{"0":"post-2215","1":"product","2":"type-product","3":"status-publish","4":"has-post-thumbnail","6":"product_cat-accessoires-baby-kinder","7":"product_cat-baby-kinder","8":"product_cat-handschuhe","9":"product_cat-hauben-muetzen","11":"first","12":"instock","13":"purchasable","14":"product-type-variable"},"acf":[],"_links":{"self":[{"href":"https:\/\/www.regionalis.shop\/madebyju\/wp-json\/wp\/v2\/product\/2215","targetHints":{"allow":["GET"]}}],"collection":[{"href":"https:\/\/www.regionalis.shop\/madebyju\/wp-json\/wp\/v2\/product"}],"about":[{"href":"https:\/\/www.regionalis.shop\/madebyju\/wp-json\/wp\/v2\/types\/product"}],"wp:featuredmedia":[{"embeddable":true,"href":"https:\/\/www.regionalis.shop\/madebyju\/wp-json\/wp\/v2\/media\/2259"}],"wp:attachment":[{"href":"https:\/\/www.regionalis.shop\/madebyju\/wp-json\/wp\/v2\/media?parent=2215"}],"wp:term":[{"taxonomy":"product_brand","embeddable":true,"href":"https:\/\/www.regionalis.shop\/madebyju\/wp-json\/wp\/v2\/product_brand?post=2215"},{"taxonomy":"product_cat","embeddable":true,"href":"https:\/\/www.regionalis.shop\/madebyju\/wp-json\/wp\/v2\/product_cat?post=2215"},{"taxonomy":"product_tag","embeddable":true,"href":"https:\/\/www.regionalis.shop\/madebyju\/wp-json\/wp\/v2\/product_tag?post=2215"}],"curies":[{"name":"wp","href":"https:\/\/api.w.org\/{rel}","templated":true}]}}