{"id":2506,"date":"2025-11-27T17:59:26","date_gmt":"2025-11-27T16:59:26","guid":{"rendered":"https:\/\/www.regionalis.shop\/madebyju\/?post_type=product&#038;p=2506"},"modified":"2025-11-27T17:59:27","modified_gmt":"2025-11-27T16:59:27","slug":"set-haubeloopschal-monstertrucks-grau-ausfuehrung-und-groesse-waehlbar","status":"publish","type":"product","link":"https:\/\/www.regionalis.shop\/madebyju\/shop\/set-haubeloopschal-monstertrucks-grau-ausfuehrung-und-groesse-waehlbar\/","title":{"rendered":"SET HAUBE+LOOPSCHAL MONSTERTRUCKS grau  (Ausf\u00fchrung und Gr\u00f6\u00dfe w\u00e4hlbar)"},"content":{"rendered":"","protected":false},"excerpt":{"rendered":"<p><strong>SET<\/strong> aus cooler <strong>BEANIEHAUBE<\/strong> mit einem <strong>LOOPSCHAL<\/strong> (2- lagig)<\/p>\n<p><strong>WINTER<\/strong>&#8211; Variante: Haube + Loop gef\u00fcttert mit <strong>FLEECE<\/strong><br \/>\n<strong>FR\u00dcHLING<\/strong>&#8211; Variante: Haube + Loop gef\u00fcttert mit <strong>BAUMWOLLJERSEY<\/strong><\/p>\n<p>Die angegebenen <strong>GR\u00d6SSEN entsprechen<\/strong> <strong>dem<\/strong> <strong>KOPFUMFANG<\/strong> (gemessen an der breitesten Stelle um die Ohren!)<\/p>\n<p><strong>Material:<\/strong><br \/>\nHaube: au\u00dfen 95% Baumwolle, 5% Elasthan, innen weiches Fleece oder Jersey<br \/>\nLoop: au\u00dfen 95% Baumwolle, 5% Elasthan, innen weiches Fleece oder Jersey<br \/>\n(entsprechend \u00d6ko- Tex 100 Standard)<\/p>\n<p>bis 40 Grad in der Waschmaschine schonend waschbar!<\/p>\n<p><strong>Wichtiger Hinweis:<\/strong><br \/>\nDie Innenfarben k\u00f6nnen variieren, sie werden immer zum Stoff \u00a0passend ausgesucht! Je nach Stoff- Zuschnitt kann die Anordnung des Musters geringf\u00fcgig variieren. Viele weitere Motive findet ihr auf www.madebyju.at<\/p>\n","protected":false},"featured_media":2475,"template":"","meta":{"_acf_changed":false},"product_brand":[],"product_cat":[38,47],"product_tag":[],"class_list":{"0":"post-2506","1":"product","2":"type-product","3":"status-publish","4":"has-post-thumbnail","6":"product_cat-baby-kinder","7":"product_cat-hauben-muetzen","9":"first","10":"instock","11":"taxable","12":"shipping-taxable","13":"purchasable","14":"product-type-variable"},"acf":[],"_links":{"self":[{"href":"https:\/\/www.regionalis.shop\/madebyju\/wp-json\/wp\/v2\/product\/2506","targetHints":{"allow":["GET"]}}],"collection":[{"href":"https:\/\/www.regionalis.shop\/madebyju\/wp-json\/wp\/v2\/product"}],"about":[{"href":"https:\/\/www.regionalis.shop\/madebyju\/wp-json\/wp\/v2\/types\/product"}],"wp:featuredmedia":[{"embeddable":true,"href":"https:\/\/www.regionalis.shop\/madebyju\/wp-json\/wp\/v2\/media\/2475"}],"wp:attachment":[{"href":"https:\/\/www.regionalis.shop\/madebyju\/wp-json\/wp\/v2\/media?parent=2506"}],"wp:term":[{"taxonomy":"product_brand","embeddable":true,"href":"https:\/\/www.regionalis.shop\/madebyju\/wp-json\/wp\/v2\/product_brand?post=2506"},{"taxonomy":"product_cat","embeddable":true,"href":"https:\/\/www.regionalis.shop\/madebyju\/wp-json\/wp\/v2\/product_cat?post=2506"},{"taxonomy":"product_tag","embeddable":true,"href":"https:\/\/www.regionalis.shop\/madebyju\/wp-json\/wp\/v2\/product_tag?post=2506"}],"curies":[{"name":"wp","href":"https:\/\/api.w.org\/{rel}","templated":true}]}}