{"id":1053,"date":"2025-04-18T05:14:43","date_gmt":"2025-04-18T03:14:43","guid":{"rendered":"https:\/\/www.regionalis.shop\/maedesuess\/product\/rucksack-braun\/"},"modified":"2025-04-18T05:14:43","modified_gmt":"2025-04-18T03:14:43","slug":"rucksack-braun","status":"publish","type":"product","link":"https:\/\/www.regionalis.shop\/maedesuess\/shop\/rucksack-braun\/","title":{"rendered":"Rucksack braun"},"content":{"rendered":"<p>Kultiger Turnbeutel mit Blumen Muster<br \/>\nDer Rucksack ist gef\u00fcttert und besitzt eine Innentasche f\u00fcrs Handy und f\u00fcr Taschent\u00fccher<br \/>\nDie Kordel ist 8-10mm dick und l\u00e4sst sich gut auf den Schultern tragen<br \/>\nGr\u00f6\u00dfe ist ca H42cm x B33cm<br \/>\nDer Rucksack besteht aus Kunstleder und M\u00f6belstoff mit einer leicht samtigen Oberfl\u00e4che<br \/>\nwaschbar bei 30\u00b0C schonwaschgang<br \/>\nnicht bleichen, nicht in den Trockner<\/p>\n","protected":false},"excerpt":{"rendered":"<p>Kultiger Turnbeutel mit Blumen Muster Der Rucksack ist gef\u00fcttert und besitzt eine Innentasche f\u00fcrs Handy und f\u00fcr Taschent\u00fccher Die Kordel ist 8-10mm dick und l\u00e4sst sich gut auf den Schultern tragen Gr\u00f6\u00dfe ist ca H42cm x B33cm Der Rucksack besteht aus Kunstleder und M\u00f6belstoff mit einer leicht samtigen Oberfl\u00e4che waschbar bei 30\u00b0C schonwaschgang nicht bleichen, &hellip; <a href=\"https:\/\/www.regionalis.shop\/maedesuess\/shop\/rucksack-braun\/\">Continued<\/a><\/p>\n","protected":false},"featured_media":1054,"template":"","meta":{"_acf_changed":false},"product_brand":[],"product_cat":[166,95],"product_tag":[],"class_list":{"0":"post-1053","1":"product","2":"type-product","3":"status-publish","4":"has-post-thumbnail","6":"product_cat-rucksaecke-gymbags","7":"product_cat-taschen","9":"first","10":"instock","11":"purchasable","12":"product-type-simple"},"acf":[],"_links":{"self":[{"href":"https:\/\/www.regionalis.shop\/maedesuess\/wp-json\/wp\/v2\/product\/1053","targetHints":{"allow":["GET"]}}],"collection":[{"href":"https:\/\/www.regionalis.shop\/maedesuess\/wp-json\/wp\/v2\/product"}],"about":[{"href":"https:\/\/www.regionalis.shop\/maedesuess\/wp-json\/wp\/v2\/types\/product"}],"wp:featuredmedia":[{"embeddable":true,"href":"https:\/\/www.regionalis.shop\/maedesuess\/wp-json\/wp\/v2\/media\/1054"}],"wp:attachment":[{"href":"https:\/\/www.regionalis.shop\/maedesuess\/wp-json\/wp\/v2\/media?parent=1053"}],"wp:term":[{"taxonomy":"product_brand","embeddable":true,"href":"https:\/\/www.regionalis.shop\/maedesuess\/wp-json\/wp\/v2\/product_brand?post=1053"},{"taxonomy":"product_cat","embeddable":true,"href":"https:\/\/www.regionalis.shop\/maedesuess\/wp-json\/wp\/v2\/product_cat?post=1053"},{"taxonomy":"product_tag","embeddable":true,"href":"https:\/\/www.regionalis.shop\/maedesuess\/wp-json\/wp\/v2\/product_tag?post=1053"}],"curies":[{"name":"wp","href":"https:\/\/api.w.org\/{rel}","templated":true}]}}