{"id":1067,"date":"2025-04-18T05:14:18","date_gmt":"2025-04-18T03:14:18","guid":{"rendered":"https:\/\/www.regionalis.shop\/maedesuess\/product\/rucksack-flamingo\/"},"modified":"2025-04-18T05:14:18","modified_gmt":"2025-04-18T03:14:18","slug":"rucksack-flamingo","status":"publish","type":"product","link":"https:\/\/www.regionalis.shop\/maedesuess\/shop\/rucksack-flamingo\/","title":{"rendered":"Rucksack Flamingo"},"content":{"rendered":"<p>Kultiger Turnbeutel mi goldenen Flamingos<br \/>\nDer Rucksack ist gef\u00fcttert und besitzt eine Innentasche f\u00fcrs Handy und f\u00fcr Taschent\u00fccher<br \/>\nDie Kordel ist 8-10mm dick und l\u00e4sst sich gut auf den Schultern tragen<br \/>\nGr\u00f6\u00dfe ist ca H42cm x B33cm<br \/>\nDer Rucksack besteht aus Kunstleder und Canvas-Stoff<br \/>\nwaschbar bei 30\u00b0C schonwaschgang<br \/>\nnicht bleichen, nicht in den Trockner<\/p>\n","protected":false},"excerpt":{"rendered":"<p>Kultiger Turnbeutel mi goldenen Flamingos Der Rucksack ist gef\u00fcttert und besitzt eine Innentasche f\u00fcrs Handy und f\u00fcr Taschent\u00fccher Die Kordel ist 8-10mm dick und l\u00e4sst sich gut auf den Schultern tragen Gr\u00f6\u00dfe ist ca H42cm x B33cm Der Rucksack besteht aus Kunstleder und Canvas-Stoff waschbar bei 30\u00b0C schonwaschgang nicht bleichen, nicht in den Trockner<\/p>\n","protected":false},"featured_media":1068,"template":"","meta":{"_acf_changed":false},"product_brand":[],"product_cat":[166,95],"product_tag":[],"class_list":{"0":"post-1067","1":"product","2":"type-product","3":"status-publish","4":"has-post-thumbnail","6":"product_cat-rucksaecke-gymbags","7":"product_cat-taschen","9":"first","10":"instock","11":"purchasable","12":"product-type-simple"},"acf":[],"_links":{"self":[{"href":"https:\/\/www.regionalis.shop\/maedesuess\/wp-json\/wp\/v2\/product\/1067","targetHints":{"allow":["GET"]}}],"collection":[{"href":"https:\/\/www.regionalis.shop\/maedesuess\/wp-json\/wp\/v2\/product"}],"about":[{"href":"https:\/\/www.regionalis.shop\/maedesuess\/wp-json\/wp\/v2\/types\/product"}],"wp:featuredmedia":[{"embeddable":true,"href":"https:\/\/www.regionalis.shop\/maedesuess\/wp-json\/wp\/v2\/media\/1068"}],"wp:attachment":[{"href":"https:\/\/www.regionalis.shop\/maedesuess\/wp-json\/wp\/v2\/media?parent=1067"}],"wp:term":[{"taxonomy":"product_brand","embeddable":true,"href":"https:\/\/www.regionalis.shop\/maedesuess\/wp-json\/wp\/v2\/product_brand?post=1067"},{"taxonomy":"product_cat","embeddable":true,"href":"https:\/\/www.regionalis.shop\/maedesuess\/wp-json\/wp\/v2\/product_cat?post=1067"},{"taxonomy":"product_tag","embeddable":true,"href":"https:\/\/www.regionalis.shop\/maedesuess\/wp-json\/wp\/v2\/product_tag?post=1067"}],"curies":[{"name":"wp","href":"https:\/\/api.w.org\/{rel}","templated":true}]}}