{"id":1082,"date":"2025-04-18T05:13:24","date_gmt":"2025-04-18T03:13:24","guid":{"rendered":"https:\/\/www.regionalis.shop\/maedesuess\/product\/walkjacke-mantel-fuer-kinder-grau-gr-116\/"},"modified":"2025-04-18T05:13:24","modified_gmt":"2025-04-18T03:13:24","slug":"walkjacke-mantel-fuer-kinder-grau-gr-116","status":"publish","type":"product","link":"https:\/\/www.regionalis.shop\/maedesuess\/shop\/walkjacke-mantel-fuer-kinder-grau-gr-116\/","title":{"rendered":"Walkjacke, Mantel f\u00fcr Kinder grau Gr. 116"},"content":{"rendered":"<p>Wollwalkjacke mit Kapuze<br \/>\ngef\u00fcttert mit einem French Terry Stoff 100%BW<br \/>\nWollwalk aus 100%Wolle<br \/>\nmit aufgesetzten Taschen<br \/>\nKnopfverschluss<br \/>\nR\u00fcckenl\u00e4nge 51cm<br \/>\n\u00c4rmell\u00e4nge ohne Umschlag 36cm<\/p>\n<p>Der Stoff ist vorgewaschen und kann daher im Wollprogramm bei 30\u00b0C und wenig schleudern gewaschen werden.<\/p>\n","protected":false},"excerpt":{"rendered":"<p>Wollwalkjacke mit Kapuze gef\u00fcttert mit einem French Terry Stoff 100%BW Wollwalk aus 100%Wolle mit aufgesetzten Taschen Knopfverschluss R\u00fcckenl\u00e4nge 51cm \u00c4rmell\u00e4nge ohne Umschlag 36cm Der Stoff ist vorgewaschen und kann daher im Wollprogramm bei 30\u00b0C und wenig schleudern gewaschen werden.<\/p>\n","protected":false},"featured_media":1083,"template":"","meta":{"_acf_changed":false},"product_brand":[],"product_cat":[38,49],"product_tag":[],"class_list":{"0":"post-1082","1":"product","2":"type-product","3":"status-publish","4":"has-post-thumbnail","6":"product_cat-baby-kinder","7":"product_cat-kinderkleidung","9":"first","10":"instock","11":"purchasable","12":"product-type-simple"},"acf":[],"_links":{"self":[{"href":"https:\/\/www.regionalis.shop\/maedesuess\/wp-json\/wp\/v2\/product\/1082","targetHints":{"allow":["GET"]}}],"collection":[{"href":"https:\/\/www.regionalis.shop\/maedesuess\/wp-json\/wp\/v2\/product"}],"about":[{"href":"https:\/\/www.regionalis.shop\/maedesuess\/wp-json\/wp\/v2\/types\/product"}],"wp:featuredmedia":[{"embeddable":true,"href":"https:\/\/www.regionalis.shop\/maedesuess\/wp-json\/wp\/v2\/media\/1083"}],"wp:attachment":[{"href":"https:\/\/www.regionalis.shop\/maedesuess\/wp-json\/wp\/v2\/media?parent=1082"}],"wp:term":[{"taxonomy":"product_brand","embeddable":true,"href":"https:\/\/www.regionalis.shop\/maedesuess\/wp-json\/wp\/v2\/product_brand?post=1082"},{"taxonomy":"product_cat","embeddable":true,"href":"https:\/\/www.regionalis.shop\/maedesuess\/wp-json\/wp\/v2\/product_cat?post=1082"},{"taxonomy":"product_tag","embeddable":true,"href":"https:\/\/www.regionalis.shop\/maedesuess\/wp-json\/wp\/v2\/product_tag?post=1082"}],"curies":[{"name":"wp","href":"https:\/\/api.w.org\/{rel}","templated":true}]}}