{"id":1094,"date":"2025-04-18T05:10:04","date_gmt":"2025-04-18T03:10:04","guid":{"rendered":"https:\/\/www.regionalis.shop\/maedesuess\/product\/kindermuetze-mit-latz-lila\/"},"modified":"2025-04-18T05:10:04","modified_gmt":"2025-04-18T03:10:04","slug":"kindermuetze-mit-latz-lila","status":"publish","type":"product","link":"https:\/\/www.regionalis.shop\/maedesuess\/shop\/kindermuetze-mit-latz-lila\/","title":{"rendered":"Kinderm\u00fctze mit Latz Lila"},"content":{"rendered":"<p>Zwei Knotenm\u00fctze mit Latz aus Jerseystoff<br \/>\nM\u00fctze ist gut f\u00fcr den \u00dcbergang<br \/>\nGr. 40-45cm (4-9 Monate)<br \/>\nStoff aus 100%BW<br \/>\nHandmade<br \/>\nbei 30\u00b0C waschbar<\/p>\n","protected":false},"excerpt":{"rendered":"<p>Zwei Knotenm\u00fctze mit Latz aus Jerseystoff M\u00fctze ist gut f\u00fcr den \u00dcbergang Gr. 40-45cm (4-9 Monate) Stoff aus 100%BW Handmade bei 30\u00b0C waschbar<\/p>\n","protected":false},"featured_media":1095,"template":"","meta":{"_acf_changed":false},"product_brand":[],"product_cat":[38,47],"product_tag":[],"class_list":{"0":"post-1094","1":"product","2":"type-product","3":"status-publish","4":"has-post-thumbnail","6":"product_cat-baby-kinder","7":"product_cat-hauben-muetzen","9":"first","10":"instock","11":"purchasable","12":"product-type-simple"},"acf":[],"_links":{"self":[{"href":"https:\/\/www.regionalis.shop\/maedesuess\/wp-json\/wp\/v2\/product\/1094","targetHints":{"allow":["GET"]}}],"collection":[{"href":"https:\/\/www.regionalis.shop\/maedesuess\/wp-json\/wp\/v2\/product"}],"about":[{"href":"https:\/\/www.regionalis.shop\/maedesuess\/wp-json\/wp\/v2\/types\/product"}],"wp:featuredmedia":[{"embeddable":true,"href":"https:\/\/www.regionalis.shop\/maedesuess\/wp-json\/wp\/v2\/media\/1095"}],"wp:attachment":[{"href":"https:\/\/www.regionalis.shop\/maedesuess\/wp-json\/wp\/v2\/media?parent=1094"}],"wp:term":[{"taxonomy":"product_brand","embeddable":true,"href":"https:\/\/www.regionalis.shop\/maedesuess\/wp-json\/wp\/v2\/product_brand?post=1094"},{"taxonomy":"product_cat","embeddable":true,"href":"https:\/\/www.regionalis.shop\/maedesuess\/wp-json\/wp\/v2\/product_cat?post=1094"},{"taxonomy":"product_tag","embeddable":true,"href":"https:\/\/www.regionalis.shop\/maedesuess\/wp-json\/wp\/v2\/product_tag?post=1094"}],"curies":[{"name":"wp","href":"https:\/\/api.w.org\/{rel}","templated":true}]}}