{"id":1098,"date":"2025-04-18T05:10:04","date_gmt":"2025-04-18T03:10:04","guid":{"rendered":"https:\/\/www.regionalis.shop\/maedesuess\/product\/kinderrock-rot-mit-baendern\/"},"modified":"2025-04-18T05:10:04","modified_gmt":"2025-04-18T03:10:04","slug":"kinderrock-rot-mit-baendern","status":"publish","type":"product","link":"https:\/\/www.regionalis.shop\/maedesuess\/shop\/kinderrock-rot-mit-baendern\/","title":{"rendered":"Kinderrock rot mit B\u00e4ndern"},"content":{"rendered":"<p>der Rockbund ist aus einem weichen B\u00fcndchenstoff und l\u00e4sst sich daher sehr bequem tragen und w\u00e4chst auch 1-2 Gr\u00f6\u00dfen mit<br \/>\nan der L\u00e4nge sind verscchiedene B\u00e4nder aufgesteppt<br \/>\nder Rock ist nicht gef\u00fcttert<br \/>\nRockl\u00e4nge Gr.122-128 ist 38cm<br \/>\nRockl\u00e4nge Gr.128-134 ist 42cm<br \/>\nB\u00fcndchenbreite ist 8cm<br \/>\nB\u00fcndchenstoff: 95%BW, 5%EL<br \/>\nRockstoff: 100%BW<br \/>\n100%Handmade<br \/>\nbei 30\u00b0C im Wollprogramm waschen<br \/>\nnicht in den Trockner<\/p>\n","protected":false},"excerpt":{"rendered":"<p>der Rockbund ist aus einem weichen B\u00fcndchenstoff und l\u00e4sst sich daher sehr bequem tragen und w\u00e4chst auch 1-2 Gr\u00f6\u00dfen mit an der L\u00e4nge sind verscchiedene B\u00e4nder aufgesteppt der Rock ist nicht gef\u00fcttert Rockl\u00e4nge Gr.122-128 ist 38cm Rockl\u00e4nge Gr.128-134 ist 42cm B\u00fcndchenbreite ist 8cm B\u00fcndchenstoff: 95%BW, 5%EL Rockstoff: 100%BW 100%Handmade bei 30\u00b0C im Wollprogramm waschen nicht &hellip; <a href=\"https:\/\/www.regionalis.shop\/maedesuess\/shop\/kinderrock-rot-mit-baendern\/\">Continued<\/a><\/p>\n","protected":false},"featured_media":1099,"template":"","meta":{"_acf_changed":false},"product_brand":[],"product_cat":[38,49],"product_tag":[],"class_list":{"0":"post-1098","1":"product","2":"type-product","3":"status-publish","4":"has-post-thumbnail","6":"product_cat-baby-kinder","7":"product_cat-kinderkleidung","9":"first","10":"instock","11":"purchasable","12":"product-type-simple"},"acf":[],"_links":{"self":[{"href":"https:\/\/www.regionalis.shop\/maedesuess\/wp-json\/wp\/v2\/product\/1098","targetHints":{"allow":["GET"]}}],"collection":[{"href":"https:\/\/www.regionalis.shop\/maedesuess\/wp-json\/wp\/v2\/product"}],"about":[{"href":"https:\/\/www.regionalis.shop\/maedesuess\/wp-json\/wp\/v2\/types\/product"}],"wp:featuredmedia":[{"embeddable":true,"href":"https:\/\/www.regionalis.shop\/maedesuess\/wp-json\/wp\/v2\/media\/1099"}],"wp:attachment":[{"href":"https:\/\/www.regionalis.shop\/maedesuess\/wp-json\/wp\/v2\/media?parent=1098"}],"wp:term":[{"taxonomy":"product_brand","embeddable":true,"href":"https:\/\/www.regionalis.shop\/maedesuess\/wp-json\/wp\/v2\/product_brand?post=1098"},{"taxonomy":"product_cat","embeddable":true,"href":"https:\/\/www.regionalis.shop\/maedesuess\/wp-json\/wp\/v2\/product_cat?post=1098"},{"taxonomy":"product_tag","embeddable":true,"href":"https:\/\/www.regionalis.shop\/maedesuess\/wp-json\/wp\/v2\/product_tag?post=1098"}],"curies":[{"name":"wp","href":"https:\/\/api.w.org\/{rel}","templated":true}]}}