{"id":1141,"date":"2025-04-18T05:08:36","date_gmt":"2025-04-18T03:08:36","guid":{"rendered":"https:\/\/www.regionalis.shop\/maedesuess\/product\/rucksack-ananas\/"},"modified":"2025-04-18T05:08:36","modified_gmt":"2025-04-18T03:08:36","slug":"rucksack-ananas","status":"publish","type":"product","link":"https:\/\/www.regionalis.shop\/maedesuess\/shop\/rucksack-ananas\/","title":{"rendered":"Rucksack Ananas"},"content":{"rendered":"<p>Kultiger Turnbeutel mit Ananas-Muster<br \/>\nDer Rucksack ist gef\u00fcttert und besitzt eine Innentasche f\u00fcrs Handy und f\u00fcr Taschent\u00fccher<br \/>\nDie Kordel ist 8-10mm dick und l\u00e4sst sich gut auf den Schultern tragen<br \/>\nGr\u00f6\u00dfe ist ca H42cm x B33cm<br \/>\nDer Rucksack besteht aus Kunstleder und Canvas-Stoff<br \/>\nwaschbar bei 30\u00b0C schonwaschgang<br \/>\nnicht bleichen, nicht in den Trockner<\/p>\n","protected":false},"excerpt":{"rendered":"<p>Kultiger Turnbeutel mit Ananas-Muster Der Rucksack ist gef\u00fcttert und besitzt eine Innentasche f\u00fcrs Handy und f\u00fcr Taschent\u00fccher Die Kordel ist 8-10mm dick und l\u00e4sst sich gut auf den Schultern tragen Gr\u00f6\u00dfe ist ca H42cm x B33cm Der Rucksack besteht aus Kunstleder und Canvas-Stoff waschbar bei 30\u00b0C schonwaschgang nicht bleichen, nicht in den Trockner<\/p>\n","protected":false},"featured_media":1142,"template":"","meta":{"_acf_changed":false},"product_brand":[],"product_cat":[166,95],"product_tag":[],"class_list":{"0":"post-1141","1":"product","2":"type-product","3":"status-publish","4":"has-post-thumbnail","6":"product_cat-rucksaecke-gymbags","7":"product_cat-taschen","9":"first","10":"instock","11":"purchasable","12":"product-type-simple"},"acf":[],"_links":{"self":[{"href":"https:\/\/www.regionalis.shop\/maedesuess\/wp-json\/wp\/v2\/product\/1141","targetHints":{"allow":["GET"]}}],"collection":[{"href":"https:\/\/www.regionalis.shop\/maedesuess\/wp-json\/wp\/v2\/product"}],"about":[{"href":"https:\/\/www.regionalis.shop\/maedesuess\/wp-json\/wp\/v2\/types\/product"}],"wp:featuredmedia":[{"embeddable":true,"href":"https:\/\/www.regionalis.shop\/maedesuess\/wp-json\/wp\/v2\/media\/1142"}],"wp:attachment":[{"href":"https:\/\/www.regionalis.shop\/maedesuess\/wp-json\/wp\/v2\/media?parent=1141"}],"wp:term":[{"taxonomy":"product_brand","embeddable":true,"href":"https:\/\/www.regionalis.shop\/maedesuess\/wp-json\/wp\/v2\/product_brand?post=1141"},{"taxonomy":"product_cat","embeddable":true,"href":"https:\/\/www.regionalis.shop\/maedesuess\/wp-json\/wp\/v2\/product_cat?post=1141"},{"taxonomy":"product_tag","embeddable":true,"href":"https:\/\/www.regionalis.shop\/maedesuess\/wp-json\/wp\/v2\/product_tag?post=1141"}],"curies":[{"name":"wp","href":"https:\/\/api.w.org\/{rel}","templated":true}]}}