{"id":1162,"date":"2025-04-18T05:08:02","date_gmt":"2025-04-18T03:08:02","guid":{"rendered":"https:\/\/www.regionalis.shop\/maedesuess\/product\/kinder-set-elefant-gr-92\/"},"modified":"2025-04-18T05:08:02","modified_gmt":"2025-04-18T03:08:02","slug":"kinder-set-elefant-gr-92","status":"publish","type":"product","link":"https:\/\/www.regionalis.shop\/maedesuess\/shop\/kinder-set-elefant-gr-92\/","title":{"rendered":"Kinder-Set Elefant Gr 92"},"content":{"rendered":"<p>Pumphose mit Langarmshirt<br \/>\nJerseystoff ist aus 100% Baumwolle<br \/>\nPumphose mit Mitwachsb\u00fcndchen und passen somit 1-2 Gr\u00f6\u00dfen lang<br \/>\nbei 30\u00b0C waschbar<br \/>\nHandmade<\/p>\n","protected":false},"excerpt":{"rendered":"<p>Pumphose mit Langarmshirt Jerseystoff ist aus 100% Baumwolle Pumphose mit Mitwachsb\u00fcndchen und passen somit 1-2 Gr\u00f6\u00dfen lang bei 30\u00b0C waschbar Handmade<\/p>\n","protected":false},"featured_media":1163,"template":"","meta":{"_acf_changed":false},"product_brand":[],"product_cat":[38,49],"product_tag":[],"class_list":{"0":"post-1162","1":"product","2":"type-product","3":"status-publish","4":"has-post-thumbnail","6":"product_cat-baby-kinder","7":"product_cat-kinderkleidung","9":"first","10":"instock","11":"purchasable","12":"product-type-simple"},"acf":[],"_links":{"self":[{"href":"https:\/\/www.regionalis.shop\/maedesuess\/wp-json\/wp\/v2\/product\/1162","targetHints":{"allow":["GET"]}}],"collection":[{"href":"https:\/\/www.regionalis.shop\/maedesuess\/wp-json\/wp\/v2\/product"}],"about":[{"href":"https:\/\/www.regionalis.shop\/maedesuess\/wp-json\/wp\/v2\/types\/product"}],"wp:featuredmedia":[{"embeddable":true,"href":"https:\/\/www.regionalis.shop\/maedesuess\/wp-json\/wp\/v2\/media\/1163"}],"wp:attachment":[{"href":"https:\/\/www.regionalis.shop\/maedesuess\/wp-json\/wp\/v2\/media?parent=1162"}],"wp:term":[{"taxonomy":"product_brand","embeddable":true,"href":"https:\/\/www.regionalis.shop\/maedesuess\/wp-json\/wp\/v2\/product_brand?post=1162"},{"taxonomy":"product_cat","embeddable":true,"href":"https:\/\/www.regionalis.shop\/maedesuess\/wp-json\/wp\/v2\/product_cat?post=1162"},{"taxonomy":"product_tag","embeddable":true,"href":"https:\/\/www.regionalis.shop\/maedesuess\/wp-json\/wp\/v2\/product_tag?post=1162"}],"curies":[{"name":"wp","href":"https:\/\/api.w.org\/{rel}","templated":true}]}}