{"id":862,"date":"2025-05-24T13:44:06","date_gmt":"2025-05-24T11:44:06","guid":{"rendered":"https:\/\/starter.stage.shop-it.at\/?page_id=862"},"modified":"2025-10-23T15:21:37","modified_gmt":"2025-10-23T13:21:37","slug":"startseite","status":"publish","type":"page","link":"https:\/\/www.regionalis.shop\/makis-kleine-welt\/","title":{"rendered":"Startseite"},"content":{"rendered":"<section>\n    <div class=\"header-title\">\n        <h1 class=\"h2\">Willkommen bei Maki\u00b4s kleine Welt<\/h1>\n    <\/div>\n            <h2 class=\"h3\">Handgemacht in Lieboch<\/h2>\n                <p>Mit viel Liebe zum Detail fertige ich bereits seit 2011 Unikate f\u00fcr Babies und Kinder. Als gepr\u00fcfte Kleidermacherin lege ich gro\u00dfen Wert auf qualitativ hochwertige Stoffe und Verarbeitung.<br \/>\nJedes Unikat wird von mir in meinem kleinen Atelier gen\u00e4ht.<br \/>\nStangenware gibt es schon genug! Lasst uns gemeinsam die Kleiderschr\u00e4nke einzigartiger bef\u00fcllen und Geschenke mit \u2665 schenken.<\/p>\n\n    \n    <h3>Produkte<\/h3>\n\n    <div class=\"woocommerce columns-3 \"><ul class=\"products columns-3\">\n<li class=\"product type-product post-1061 status-publish first instock product_cat-baby-kinder product_cat-kinderkleidung has-post-thumbnail purchasable product-type-simple\">\n\t<a href=\"https:\/\/www.regionalis.shop\/makis-kleine-welt\/shop\/jeansjacke-babyjacke-gr-62-68-eule\/\" class=\"woocommerce-LoopProduct-link woocommerce-loop-product__link\"><div class=\"wc-block-grid__product-image\"><img loading=\"lazy\" decoding=\"async\" width=\"420\" height=\"420\" src=\"https:\/\/www.regionalis.shop\/app\/uploads\/sites\/377\/368_2020_03_19_10_26_45_588912257.jpg\" class=\"attachment-large size-large\" alt=\"Jeansjacke, Babyjacke Gr.62\/68 Eule\" srcset=\"https:\/\/www.regionalis.shop\/app\/uploads\/sites\/377\/368_2020_03_19_10_26_45_588912257.jpg 420w, https:\/\/www.regionalis.shop\/app\/uploads\/sites\/377\/368_2020_03_19_10_26_45_588912257-300x300.jpg 300w, https:\/\/www.regionalis.shop\/app\/uploads\/sites\/377\/368_2020_03_19_10_26_45_588912257-150x150.jpg 150w, https:\/\/www.regionalis.shop\/app\/uploads\/sites\/377\/368_2020_03_19_10_26_45_588912257-100x100.jpg 100w\" sizes=\"auto, (max-width: 420px) 100vw, 420px\" \/><\/div><h2 class=\"woocommerce-loop-product__title\">Jeansjacke, Babyjacke Gr.62\/68 Eule<\/h2>\n\t<span class=\"price\"><span class=\"woocommerce-Price-amount amount\"><bdi>40,00&nbsp;<span class=\"woocommerce-Price-currencySymbol\">&euro;<\/span><\/bdi><\/span><\/span>\n<\/a><\/li>\n<li class=\"product type-product post-1057 status-publish instock product_cat-accessoires-baby-kinder product_cat-baby-kinder has-post-thumbnail purchasable product-type-simple\">\n\t<a href=\"https:\/\/www.regionalis.shop\/makis-kleine-welt\/shop\/dreieckstuch-halstuch-ab-15-jahre-ponny\/\" class=\"woocommerce-LoopProduct-link woocommerce-loop-product__link\"><div class=\"wc-block-grid__product-image\"><img loading=\"lazy\" decoding=\"async\" width=\"420\" height=\"420\" src=\"https:\/\/www.regionalis.shop\/app\/uploads\/sites\/377\/368_2020_03_19_09_56_40_704627391.jpg\" class=\"attachment-large size-large\" alt=\"Dreieckstuch, Halstuch ab 1,5 Jahre &quot;Ponny&quot;\" srcset=\"https:\/\/www.regionalis.shop\/app\/uploads\/sites\/377\/368_2020_03_19_09_56_40_704627391.jpg 420w, https:\/\/www.regionalis.shop\/app\/uploads\/sites\/377\/368_2020_03_19_09_56_40_704627391-300x300.jpg 300w, https:\/\/www.regionalis.shop\/app\/uploads\/sites\/377\/368_2020_03_19_09_56_40_704627391-150x150.jpg 150w, https:\/\/www.regionalis.shop\/app\/uploads\/sites\/377\/368_2020_03_19_09_56_40_704627391-100x100.jpg 100w\" sizes=\"auto, (max-width: 420px) 100vw, 420px\" \/><\/div><h2 class=\"woocommerce-loop-product__title\">Dreieckstuch, Halstuch ab 1,5 Jahre &#8222;Ponny&#8220;<\/h2>\n\t<span class=\"price\"><span class=\"woocommerce-Price-amount amount\"><bdi>25,00&nbsp;<span class=\"woocommerce-Price-currencySymbol\">&euro;<\/span><\/bdi><\/span><\/span>\n<\/a><\/li>\n<li class=\"product type-product post-1053 status-publish last instock product_cat-accessoires-baby-kinder product_cat-baby-kinder has-post-thumbnail purchasable product-type-simple\">\n\t<a href=\"https:\/\/www.regionalis.shop\/makis-kleine-welt\/shop\/dreieckstuchhalstuch-ab-15-jahre-hase\/\" class=\"woocommerce-LoopProduct-link woocommerce-loop-product__link\"><div class=\"wc-block-grid__product-image\"><img loading=\"lazy\" decoding=\"async\" width=\"420\" height=\"420\" src=\"https:\/\/www.regionalis.shop\/app\/uploads\/sites\/377\/368_2020_03_19_09_49_12_222816137.jpg\" class=\"attachment-large size-large\" alt=\"Dreieckstuch,Halstuch  ab 1,5 Jahre &quot;Hase&quot;\" srcset=\"https:\/\/www.regionalis.shop\/app\/uploads\/sites\/377\/368_2020_03_19_09_49_12_222816137.jpg 420w, https:\/\/www.regionalis.shop\/app\/uploads\/sites\/377\/368_2020_03_19_09_49_12_222816137-300x300.jpg 300w, https:\/\/www.regionalis.shop\/app\/uploads\/sites\/377\/368_2020_03_19_09_49_12_222816137-150x150.jpg 150w, https:\/\/www.regionalis.shop\/app\/uploads\/sites\/377\/368_2020_03_19_09_49_12_222816137-100x100.jpg 100w\" sizes=\"auto, (max-width: 420px) 100vw, 420px\" \/><\/div><h2 class=\"woocommerce-loop-product__title\">Dreieckstuch,Halstuch  ab 1,5 Jahre &#8222;Hase&#8220;<\/h2>\n\t<span class=\"price\"><span class=\"woocommerce-Price-amount amount\"><bdi>25,00&nbsp;<span class=\"woocommerce-Price-currencySymbol\">&euro;<\/span><\/bdi><\/span><\/span>\n<\/a><\/li>\n<\/ul>\n<\/div>\n    <p>\n        <a href=\"https:\/\/www.regionalis.shop\/makis-kleine-welt\/shop\/\" class=\"btn btn-primary btn-icon-right\">\n            Alle Produkte <i class=\"bi bi-arrow-right-short\"><\/i>\n        <\/a>\n    <\/p>\n<\/section>\n\n<div data-block-name=\"woocommerce\/store-notices\" class=\"wc-block-store-notices woocommerce alignwide alignwide wp-block-woocommerce-store-notices\"><div class=\"woocommerce-notices-wrapper\"><\/div><\/div>","protected":false},"excerpt":{"rendered":"","protected":false},"author":1,"featured_media":0,"parent":0,"menu_order":0,"comment_status":"closed","ping_status":"closed","template":"template-home.blade.php","meta":{"_acf_changed":false,"footnotes":""},"class_list":["post-862","page","type-page","status-publish","hentry"],"acf":[],"_links":{"self":[{"href":"https:\/\/www.regionalis.shop\/makis-kleine-welt\/wp-json\/wp\/v2\/pages\/862","targetHints":{"allow":["GET"]}}],"collection":[{"href":"https:\/\/www.regionalis.shop\/makis-kleine-welt\/wp-json\/wp\/v2\/pages"}],"about":[{"href":"https:\/\/www.regionalis.shop\/makis-kleine-welt\/wp-json\/wp\/v2\/types\/page"}],"author":[{"embeddable":true,"href":"https:\/\/www.regionalis.shop\/makis-kleine-welt\/wp-json\/wp\/v2\/users\/1"}],"replies":[{"embeddable":true,"href":"https:\/\/www.regionalis.shop\/makis-kleine-welt\/wp-json\/wp\/v2\/comments?post=862"}],"version-history":[{"count":28,"href":"https:\/\/www.regionalis.shop\/makis-kleine-welt\/wp-json\/wp\/v2\/pages\/862\/revisions"}],"predecessor-version":[{"id":1041,"href":"https:\/\/www.regionalis.shop\/makis-kleine-welt\/wp-json\/wp\/v2\/pages\/862\/revisions\/1041"}],"wp:attachment":[{"href":"https:\/\/www.regionalis.shop\/makis-kleine-welt\/wp-json\/wp\/v2\/media?parent=862"}],"curies":[{"name":"wp","href":"https:\/\/api.w.org\/{rel}","templated":true}]}}