{"id":1053,"date":"2025-04-28T04:16:07","date_gmt":"2025-04-28T02:16:07","guid":{"rendered":"https:\/\/www.regionalis.shop\/makis-kleine-welt\/product\/dreieckstuchhalstuch-ab-15-jahre-hase\/"},"modified":"2025-04-28T04:16:07","modified_gmt":"2025-04-28T02:16:07","slug":"dreieckstuchhalstuch-ab-15-jahre-hase","status":"publish","type":"product","link":"https:\/\/www.regionalis.shop\/makis-kleine-welt\/shop\/dreieckstuchhalstuch-ab-15-jahre-hase\/","title":{"rendered":"Dreieckstuch,Halstuch  ab 1,5 Jahre &#8222;Hase&#8220;"},"content":{"rendered":"<p>Das XXL Dreieckshalstuch ist ab 1,5 Jahre tragbar.<br \/>\nDas Halstuch ist Doppelseitig gen\u00e4ht und ein Hase appliziert.<br \/>\nDie Vorderseite ist aus Jerseystoff ( 97% Baumwolle, 3% Elasthan), die R\u00fcckseite Baumwollstoff ( 100% Baumwolle )<\/p>\n<p>*FARBE*: hellblau, wei\u00df, grau<br \/>\n*MOTIV*: Hase<\/p>\n<p>Handmade in der Steiermark.<\/p>\n<p>Alle meine Produkte sind Einzelst\u00fccke,Unikate, und werden kein weiteres Mal so gen\u00e4ht.<\/p>\n<p>\u2757Das Halstuch kann bei 40\u00b0C Feinw\u00e4sche in der Waschmaschine gewaschen werden.<br \/>\n\u2757Geb\u00fcgelt kann auf Stufe 2 werden.<br \/>\n\u2757NICHT Trockner geeignet \u2757<\/p>\n","protected":false},"excerpt":{"rendered":"<p>Das XXL Dreieckshalstuch ist ab 1,5 Jahre tragbar. Das Halstuch ist Doppelseitig gen\u00e4ht und ein Hase appliziert. Die Vorderseite ist aus Jerseystoff ( 97% Baumwolle, 3% Elasthan), die R\u00fcckseite Baumwollstoff ( 100% Baumwolle ) *FARBE*: hellblau, wei\u00df, grau *MOTIV*: Hase Handmade in der Steiermark. Alle meine Produkte sind Einzelst\u00fccke,Unikate, und werden kein weiteres Mal so &hellip; <a href=\"https:\/\/www.regionalis.shop\/makis-kleine-welt\/shop\/dreieckstuchhalstuch-ab-15-jahre-hase\/\">Continued<\/a><\/p>\n","protected":false},"featured_media":1054,"template":"","meta":{"_acf_changed":false},"product_brand":[],"product_cat":[107,38],"product_tag":[],"class_list":{"0":"post-1053","1":"product","2":"type-product","3":"status-publish","4":"has-post-thumbnail","6":"product_cat-accessoires-baby-kinder","7":"product_cat-baby-kinder","9":"first","10":"instock","11":"purchasable","12":"product-type-simple"},"acf":[],"_links":{"self":[{"href":"https:\/\/www.regionalis.shop\/makis-kleine-welt\/wp-json\/wp\/v2\/product\/1053","targetHints":{"allow":["GET"]}}],"collection":[{"href":"https:\/\/www.regionalis.shop\/makis-kleine-welt\/wp-json\/wp\/v2\/product"}],"about":[{"href":"https:\/\/www.regionalis.shop\/makis-kleine-welt\/wp-json\/wp\/v2\/types\/product"}],"wp:featuredmedia":[{"embeddable":true,"href":"https:\/\/www.regionalis.shop\/makis-kleine-welt\/wp-json\/wp\/v2\/media\/1054"}],"wp:attachment":[{"href":"https:\/\/www.regionalis.shop\/makis-kleine-welt\/wp-json\/wp\/v2\/media?parent=1053"}],"wp:term":[{"taxonomy":"product_brand","embeddable":true,"href":"https:\/\/www.regionalis.shop\/makis-kleine-welt\/wp-json\/wp\/v2\/product_brand?post=1053"},{"taxonomy":"product_cat","embeddable":true,"href":"https:\/\/www.regionalis.shop\/makis-kleine-welt\/wp-json\/wp\/v2\/product_cat?post=1053"},{"taxonomy":"product_tag","embeddable":true,"href":"https:\/\/www.regionalis.shop\/makis-kleine-welt\/wp-json\/wp\/v2\/product_tag?post=1053"}],"curies":[{"name":"wp","href":"https:\/\/api.w.org\/{rel}","templated":true}]}}