{"id":1061,"date":"2025-04-28T04:16:07","date_gmt":"2025-04-28T02:16:07","guid":{"rendered":"https:\/\/www.regionalis.shop\/makis-kleine-welt\/product\/jeansjacke-babyjacke-gr-62-68-eule\/"},"modified":"2025-04-28T04:16:07","modified_gmt":"2025-04-28T02:16:07","slug":"jeansjacke-babyjacke-gr-62-68-eule","status":"publish","type":"product","link":"https:\/\/www.regionalis.shop\/makis-kleine-welt\/shop\/jeansjacke-babyjacke-gr-62-68-eule\/","title":{"rendered":"Jeansjacke, Babyjacke Gr.62\/68 Eule"},"content":{"rendered":"<p>Jeansjacke komplett gef\u00fcttert mit Baumwollstoff.<br \/>\nBestickt ist die Jacke mit Eulen.<br \/>\nDie Jacke ist Aussen aus weichem Jeansstoff und mit B\u00e4ndern und R\u00fcschen verziert,<br \/>\nDie Zipfelkapuze ist mit den Kringelb\u00e4ndern ein s\u00fc\u00dfer Hingucker.<br \/>\nGeschlossen wird die Jacke mit dunkelblauen Kamsnaps.<\/p>\n<p>&#8211;FARBE&#8211;: blau, orange<br \/>\n&#8211;MOTIV&#8211;: Eule<\/p>\n<p>\u2757Die Jacke kann bei 40\u00b0C Feinw\u00e4sche in der Waschmaschine gewaschen werden.<br \/>\n\u2757Geb\u00fcgelt kann vorsichtig auf Stufe 2 werden.<br \/>\n\u2757NICHT Trockner geeignet \u2757<\/p>\n<p>Die Jacke ist ein Unikat und wird so kein weiteres Mal gen\u00e4ht!<\/p>\n","protected":false},"excerpt":{"rendered":"<p>Jeansjacke komplett gef\u00fcttert mit Baumwollstoff. Bestickt ist die Jacke mit Eulen. Die Jacke ist Aussen aus weichem Jeansstoff und mit B\u00e4ndern und R\u00fcschen verziert, Die Zipfelkapuze ist mit den Kringelb\u00e4ndern ein s\u00fc\u00dfer Hingucker. Geschlossen wird die Jacke mit dunkelblauen Kamsnaps. &#8211;FARBE&#8211;: blau, orange &#8211;MOTIV&#8211;: Eule \u2757Die Jacke kann bei 40\u00b0C Feinw\u00e4sche in der Waschmaschine gewaschen &hellip; <a href=\"https:\/\/www.regionalis.shop\/makis-kleine-welt\/shop\/jeansjacke-babyjacke-gr-62-68-eule\/\">Continued<\/a><\/p>\n","protected":false},"featured_media":1062,"template":"","meta":{"_acf_changed":false},"product_brand":[],"product_cat":[38,49],"product_tag":[],"class_list":{"0":"post-1061","1":"product","2":"type-product","3":"status-publish","4":"has-post-thumbnail","6":"product_cat-baby-kinder","7":"product_cat-kinderkleidung","9":"first","10":"instock","11":"purchasable","12":"product-type-simple"},"acf":[],"_links":{"self":[{"href":"https:\/\/www.regionalis.shop\/makis-kleine-welt\/wp-json\/wp\/v2\/product\/1061","targetHints":{"allow":["GET"]}}],"collection":[{"href":"https:\/\/www.regionalis.shop\/makis-kleine-welt\/wp-json\/wp\/v2\/product"}],"about":[{"href":"https:\/\/www.regionalis.shop\/makis-kleine-welt\/wp-json\/wp\/v2\/types\/product"}],"wp:featuredmedia":[{"embeddable":true,"href":"https:\/\/www.regionalis.shop\/makis-kleine-welt\/wp-json\/wp\/v2\/media\/1062"}],"wp:attachment":[{"href":"https:\/\/www.regionalis.shop\/makis-kleine-welt\/wp-json\/wp\/v2\/media?parent=1061"}],"wp:term":[{"taxonomy":"product_brand","embeddable":true,"href":"https:\/\/www.regionalis.shop\/makis-kleine-welt\/wp-json\/wp\/v2\/product_brand?post=1061"},{"taxonomy":"product_cat","embeddable":true,"href":"https:\/\/www.regionalis.shop\/makis-kleine-welt\/wp-json\/wp\/v2\/product_cat?post=1061"},{"taxonomy":"product_tag","embeddable":true,"href":"https:\/\/www.regionalis.shop\/makis-kleine-welt\/wp-json\/wp\/v2\/product_tag?post=1061"}],"curies":[{"name":"wp","href":"https:\/\/api.w.org\/{rel}","templated":true}]}}