{"id":1065,"date":"2025-04-28T04:03:26","date_gmt":"2025-04-28T02:03:26","guid":{"rendered":"https:\/\/www.regionalis.shop\/makis-kleine-welt\/product\/2tlg-set-wikinger-hose-sweatjacke-gr-80\/"},"modified":"2025-04-28T04:03:26","modified_gmt":"2025-04-28T02:03:26","slug":"2tlg-set-wikinger-hose-sweatjacke-gr-80","status":"publish","type":"product","link":"https:\/\/www.regionalis.shop\/makis-kleine-welt\/shop\/2tlg-set-wikinger-hose-sweatjacke-gr-80\/","title":{"rendered":"2tlg. Set Wikinger, Hose &#038; Sweatjacke Gr. 80"},"content":{"rendered":"<p>2tlg. Set mit applizierten Wikinger auf der Sweatjacke.<br \/>\nDie Jacke ist aus Innen angerauhtem, warmen Sweatstoff ( 94% Baumwolle, 6% Elasthan )<br \/>\nDie Kapuze ist mit Jerseystoff ( 97% Baumwolle, 3% Elasthan ) gef\u00fcttert.<br \/>\nGeschlossen wird die Jacke mit grauen Kamsnaps.<br \/>\n&#8211;FARBE:&#8211;  blau<\/p>\n<p>Die Hose ist eine Baggy Pants aus Sommersweat (94% Baumwolle, 6% Elasthan )  mit Wikingermotiven.<br \/>\nDie Hose hat zwei Taschen und f\u00fcr den l\u00e4ssigen Look Bindeb\u00e4ndchen am Bauchb\u00fcndchen. ( ohne Funktion)<br \/>\n&#8211;FARBE:&#8211; blau<\/p>\n<p>\u2757Das Set kann bei 40\u00b0C Feinw\u00e4sche in der Waschmaschine gewaschen werden.<br \/>\n\u2757Geb\u00fcgelt kann vorsichtig auf Stufe 2 werden.<br \/>\n\u2757NICHT Trockner geeignet \u2757<\/p>\n<p>&#8211;Das Set ist ein Unikat und wird so kein weiteres Mal gen\u00e4ht!&#8211;<\/p>\n","protected":false},"excerpt":{"rendered":"<p>2tlg. Set mit applizierten Wikinger auf der Sweatjacke. Die Jacke ist aus Innen angerauhtem, warmen Sweatstoff ( 94% Baumwolle, 6% Elasthan ) Die Kapuze ist mit Jerseystoff ( 97% Baumwolle, 3% Elasthan ) gef\u00fcttert. Geschlossen wird die Jacke mit grauen Kamsnaps. &#8211;FARBE:&#8211; blau Die Hose ist eine Baggy Pants aus Sommersweat (94% Baumwolle, 6% Elasthan &hellip; <a href=\"https:\/\/www.regionalis.shop\/makis-kleine-welt\/shop\/2tlg-set-wikinger-hose-sweatjacke-gr-80\/\">Continued<\/a><\/p>\n","protected":false},"featured_media":1066,"template":"","meta":{"_acf_changed":false},"product_brand":[],"product_cat":[38,49],"product_tag":[],"class_list":{"0":"post-1065","1":"product","2":"type-product","3":"status-publish","4":"has-post-thumbnail","6":"product_cat-baby-kinder","7":"product_cat-kinderkleidung","9":"first","10":"instock","11":"purchasable","12":"product-type-simple"},"acf":[],"_links":{"self":[{"href":"https:\/\/www.regionalis.shop\/makis-kleine-welt\/wp-json\/wp\/v2\/product\/1065","targetHints":{"allow":["GET"]}}],"collection":[{"href":"https:\/\/www.regionalis.shop\/makis-kleine-welt\/wp-json\/wp\/v2\/product"}],"about":[{"href":"https:\/\/www.regionalis.shop\/makis-kleine-welt\/wp-json\/wp\/v2\/types\/product"}],"wp:featuredmedia":[{"embeddable":true,"href":"https:\/\/www.regionalis.shop\/makis-kleine-welt\/wp-json\/wp\/v2\/media\/1066"}],"wp:attachment":[{"href":"https:\/\/www.regionalis.shop\/makis-kleine-welt\/wp-json\/wp\/v2\/media?parent=1065"}],"wp:term":[{"taxonomy":"product_brand","embeddable":true,"href":"https:\/\/www.regionalis.shop\/makis-kleine-welt\/wp-json\/wp\/v2\/product_brand?post=1065"},{"taxonomy":"product_cat","embeddable":true,"href":"https:\/\/www.regionalis.shop\/makis-kleine-welt\/wp-json\/wp\/v2\/product_cat?post=1065"},{"taxonomy":"product_tag","embeddable":true,"href":"https:\/\/www.regionalis.shop\/makis-kleine-welt\/wp-json\/wp\/v2\/product_tag?post=1065"}],"curies":[{"name":"wp","href":"https:\/\/api.w.org\/{rel}","templated":true}]}}