{"id":1070,"date":"2025-04-18T10:16:18","date_gmt":"2025-04-18T08:16:18","guid":{"rendered":"https:\/\/www.regionalis.shop\/makis-kleine-welt\/product\/osterkoerbchen-ludwig-langohr-mit-namen-17-x-18-cm\/"},"modified":"2025-04-18T10:16:18","modified_gmt":"2025-04-18T08:16:18","slug":"osterkoerbchen-ludwig-langohr-mit-namen-17-x-18-cm","status":"publish","type":"product","link":"https:\/\/www.regionalis.shop\/makis-kleine-welt\/shop\/osterkoerbchen-ludwig-langohr-mit-namen-17-x-18-cm\/","title":{"rendered":"Osterk\u00f6rbchen Ludwig Langohr mit Namen 17 x 18 cm"},"content":{"rendered":"<p>Das personalisierte Osterk\u00f6rbchen wird dein Kind ein Leben lang begleiten.<br \/>\nAus hochwertigem und stabilen Baumwollstoff gen\u00e4ht, kann das Osternest bei 30\u00b0 C in der Waschmaschine gewaschen werden.<br \/>\nDie Gr\u00f6\u00dfe mit 17 cm Breite und 18 cm H\u00f6he ist perfekt f\u00fcr kleine Geschenke und S\u00fc\u00dfigkeiten.<br \/>\nEin besonderes Highlight sind die Ohren. Klippe sie mit dem Druckknopf zusammen und schon kann das K\u00f6rbchen mit dem Henkel getragen werden. Auf dem rechten Ohr findet der Name des Kindes seinen Platz und mach das Osterk\u00f6rbchen zu einem ganz pers\u00f6nlichen Geschenk.<br \/>\nDas Hasengesicht wurde von mir mit viel Liebe gezeichnet und anschlie\u00dfend auf das Osterk\u00f6rbchen appliziert und mit Stofffarbe aufgemalt.<\/p>\n<p>&#8211; Au\u00dfen Canvasstoff 100 % Baumwolle, grau<br \/>\n&#8211; Innen Baumwollstoff 100 % Baumwolle, wei\u00df mit Regenbogen und Hasen<br \/>\n&#8211; 17 x 18 cm<br \/>\n&#8211; Ohren mit Druckknopf 25,5 cm<br \/>\n&#8211; Hasengesicht appliziert und mit Stofffarbe aufgemalt<br \/>\n&#8211; Personalisierung mit Namen, wei\u00dfe Flexfolie (Aufpreis 2,50\u00a0\u20ac)<\/p>\n<p>Lieferung erfolgt ohne Deko und F\u00fcllung.<\/p>\n","protected":false},"excerpt":{"rendered":"<p>Das personalisierte Osterk\u00f6rbchen wird dein Kind ein Leben lang begleiten. Aus hochwertigem und stabilen Baumwollstoff gen\u00e4ht, kann das Osternest bei 30\u00b0 C in der Waschmaschine gewaschen werden. Die Gr\u00f6\u00dfe mit 17 cm Breite und 18 cm H\u00f6he ist perfekt f\u00fcr kleine Geschenke und S\u00fc\u00dfigkeiten. Ein besonderes Highlight sind die Ohren. Klippe sie mit dem Druckknopf &hellip; <a href=\"https:\/\/www.regionalis.shop\/makis-kleine-welt\/shop\/osterkoerbchen-ludwig-langohr-mit-namen-17-x-18-cm\/\">Continued<\/a><\/p>\n","protected":false},"featured_media":1071,"template":"","meta":{"_acf_changed":false},"product_brand":[],"product_cat":[172,103],"product_tag":[],"class_list":{"0":"post-1070","1":"product","2":"type-product","3":"status-publish","4":"has-post-thumbnail","6":"product_cat-verpacken-verstauen","7":"product_cat-wohnen-deko","9":"first","10":"instock","11":"purchasable","12":"product-type-simple"},"acf":[],"_links":{"self":[{"href":"https:\/\/www.regionalis.shop\/makis-kleine-welt\/wp-json\/wp\/v2\/product\/1070","targetHints":{"allow":["GET"]}}],"collection":[{"href":"https:\/\/www.regionalis.shop\/makis-kleine-welt\/wp-json\/wp\/v2\/product"}],"about":[{"href":"https:\/\/www.regionalis.shop\/makis-kleine-welt\/wp-json\/wp\/v2\/types\/product"}],"wp:featuredmedia":[{"embeddable":true,"href":"https:\/\/www.regionalis.shop\/makis-kleine-welt\/wp-json\/wp\/v2\/media\/1071"}],"wp:attachment":[{"href":"https:\/\/www.regionalis.shop\/makis-kleine-welt\/wp-json\/wp\/v2\/media?parent=1070"}],"wp:term":[{"taxonomy":"product_brand","embeddable":true,"href":"https:\/\/www.regionalis.shop\/makis-kleine-welt\/wp-json\/wp\/v2\/product_brand?post=1070"},{"taxonomy":"product_cat","embeddable":true,"href":"https:\/\/www.regionalis.shop\/makis-kleine-welt\/wp-json\/wp\/v2\/product_cat?post=1070"},{"taxonomy":"product_tag","embeddable":true,"href":"https:\/\/www.regionalis.shop\/makis-kleine-welt\/wp-json\/wp\/v2\/product_tag?post=1070"}],"curies":[{"name":"wp","href":"https:\/\/api.w.org\/{rel}","templated":true}]}}