{"id":1075,"date":"2025-04-18T06:14:52","date_gmt":"2025-04-18T04:14:52","guid":{"rendered":"https:\/\/www.regionalis.shop\/makis-kleine-welt\/product\/geburtstagskrone-wollfilz-rosa-gefuettert-inkl-zahlenbuttons\/"},"modified":"2025-04-18T06:14:52","modified_gmt":"2025-04-18T04:14:52","slug":"geburtstagskrone-wollfilz-rosa-gefuettert-inkl-zahlenbuttons","status":"publish","type":"product","link":"https:\/\/www.regionalis.shop\/makis-kleine-welt\/shop\/geburtstagskrone-wollfilz-rosa-gefuettert-inkl-zahlenbuttons\/","title":{"rendered":"Geburtstagskrone Wollfilz rosa gef\u00fcttert inkl. Zahlenbuttons"},"content":{"rendered":"<p>&#8211; Wollfilz Tweed, rosa<br \/>\n  90 % Schurwolle 10 % Polyester<br \/>\n&#8211; Innenseite Baumwolle, rosa &#8211; wei\u00df kariert<br \/>\n   100 % Baumwolle<br \/>\n&#8211; zum Binden am Hinterkopf<br \/>\n&#8211; passend ab dem 1. Geburtstag<br \/>\n&#8211; Zahlenbuttons 1 &#8211; 6 aus Wollfilz rosa, Zahlen aus wei\u00dfer Glitzer Flexfolie geplottet<br \/>\n-Du kannst frei w\u00e4hlen, ob du den Schriftzug Geburtstagskind oder den Namen aufgeplottet haben m\u00f6chtest.<br \/>\nFarbe der Schrift ist dieselbe wie bei den Zahlen.<\/p>\n<p>Diese Geburtstagskrone ist ein Highlight f\u00fcr jedes Geburtstagskind und begleitet es ein Leben lang. Die Krone aus Filz schm\u00fcckt schon den Kopf der kleinsten Geburtstagskinder, kann aber durch die Bindeb\u00e4nder am Hinterkopf perfekt angepasst werden. Die Krone kann dadurch ab dem 1. Geburtstag getragen werden. Zahlenbuttons 1-6 sind im Preis inbegriffen. Weitere Zahlen sind gerne gegen einen Aufpreis m\u00f6glich.<\/p>\n<p>Die Zahlenbuttons haften auf dem St\u00fcck Klettverschluss an der Krone. Durch wiederholtes Abnehmen und wieder Anbringen der Buttons ist es m\u00f6glich, dass der Wollfilz an der R\u00fcckseite des Buttons etwas aufraut. Dies ist kein Reklamationsgrund. Bei Wollfilz handelt es sich nicht um billigen Bastelfilz, sondern um ein hochwertiges Naturprodukt.<br \/>\nEtwaige Unregelm\u00e4\u00dfigkeiten und Einschl\u00fcsse (z.B.: Stroh, Gr\u00e4ser,&#8230;) sind ein Zeichen hierf\u00fcr und stellen keinen Reklamationsgrund dar.<br \/>\nWollfilz darf nicht in der Maschine gewaschen werden.<\/p>\n<p>Detaillierte Reinigungstipps findest du auf meiner Homepage.<br \/>\nBitte beachte, dass die Farben aufgrund der Grafikkarte und Bildschirmeinstellung abweichen k\u00f6nnen.<\/p>\n","protected":false},"excerpt":{"rendered":"<p>&#8211; Wollfilz Tweed, rosa 90 % Schurwolle 10 % Polyester &#8211; Innenseite Baumwolle, rosa &#8211; wei\u00df kariert 100 % Baumwolle &#8211; zum Binden am Hinterkopf &#8211; passend ab dem 1. Geburtstag &#8211; Zahlenbuttons 1 &#8211; 6 aus Wollfilz rosa, Zahlen aus wei\u00dfer Glitzer Flexfolie geplottet -Du kannst frei w\u00e4hlen, ob du den Schriftzug Geburtstagskind oder &hellip; <a href=\"https:\/\/www.regionalis.shop\/makis-kleine-welt\/shop\/geburtstagskrone-wollfilz-rosa-gefuettert-inkl-zahlenbuttons\/\">Continued<\/a><\/p>\n","protected":false},"featured_media":1076,"template":"","meta":{"_acf_changed":false},"product_brand":[],"product_cat":[107,38],"product_tag":[],"class_list":{"0":"post-1075","1":"product","2":"type-product","3":"status-publish","4":"has-post-thumbnail","6":"product_cat-accessoires-baby-kinder","7":"product_cat-baby-kinder","9":"first","10":"instock","11":"purchasable","12":"product-type-simple"},"acf":[],"_links":{"self":[{"href":"https:\/\/www.regionalis.shop\/makis-kleine-welt\/wp-json\/wp\/v2\/product\/1075","targetHints":{"allow":["GET"]}}],"collection":[{"href":"https:\/\/www.regionalis.shop\/makis-kleine-welt\/wp-json\/wp\/v2\/product"}],"about":[{"href":"https:\/\/www.regionalis.shop\/makis-kleine-welt\/wp-json\/wp\/v2\/types\/product"}],"wp:featuredmedia":[{"embeddable":true,"href":"https:\/\/www.regionalis.shop\/makis-kleine-welt\/wp-json\/wp\/v2\/media\/1076"}],"wp:attachment":[{"href":"https:\/\/www.regionalis.shop\/makis-kleine-welt\/wp-json\/wp\/v2\/media?parent=1075"}],"wp:term":[{"taxonomy":"product_brand","embeddable":true,"href":"https:\/\/www.regionalis.shop\/makis-kleine-welt\/wp-json\/wp\/v2\/product_brand?post=1075"},{"taxonomy":"product_cat","embeddable":true,"href":"https:\/\/www.regionalis.shop\/makis-kleine-welt\/wp-json\/wp\/v2\/product_cat?post=1075"},{"taxonomy":"product_tag","embeddable":true,"href":"https:\/\/www.regionalis.shop\/makis-kleine-welt\/wp-json\/wp\/v2\/product_tag?post=1075"}],"curies":[{"name":"wp","href":"https:\/\/api.w.org\/{rel}","templated":true}]}}