{"id":1080,"date":"2025-04-18T06:13:56","date_gmt":"2025-04-18T04:13:56","guid":{"rendered":"https:\/\/www.regionalis.shop\/makis-kleine-welt\/product\/babyset-gr-62-68-baggyjeans-mit-wickelshirt-bauernhof\/"},"modified":"2025-04-18T06:13:56","modified_gmt":"2025-04-18T04:13:56","slug":"babyset-gr-62-68-baggyjeans-mit-wickelshirt-bauernhof","status":"publish","type":"product","link":"https:\/\/www.regionalis.shop\/makis-kleine-welt\/shop\/babyset-gr-62-68-baggyjeans-mit-wickelshirt-bauernhof\/","title":{"rendered":"Babyset Gr. 62\/68 Baggyjeans mit Wickelshirt Bauernhof"},"content":{"rendered":"<p>Dieses entz\u00fcckende Outfit eignet sich hervorragend als Geschenk Geburt, als Baby Coming Home Set oder zur Babyshower.<br \/>\nDie Baggyjeans ist bequeme, durch ihren lockeren Schnitt und dem weichen Fake Denim, ist die Jeanshose angenehm zu tragen, perfekt f\u00fcr den Windelpo und bietet viel Bewegungsfreiheit.<br \/>\nDas Bauchb\u00fcndchen liegt angenehm weich um den Bauch der Kleinsten und es zwickt und zwackt nichts.<br \/>\nDank der Beinb\u00fcndchen w\u00e4chst die Hose noch ein ganzes St\u00fcck mit.<br \/>\nDie Hosentaschen sind innen mit gr\u00fcnem Jerseystoff gearbeitet. Besonderer Hingucker ist das Label aus Snappap und die Bindeb\u00e4nder, die nur zur Zierde dienen und keine Funktion haben. <\/p>\n<p>Das Wickelj\u00e4ckchen ist aus einem s\u00fc\u00dfen Motivstoff in Jersey gen\u00e4ht und wird mit Druckknopf und einem Bindeb\u00e4ndchen geschlossen. Die Farben und s\u00fc\u00dfen Bauernhofmotive sind sowohl f\u00fcr Buben als auch M\u00e4dchen tragbar.<br \/>\nEs kann als Wickelshirt oder auch als d\u00fcnnes Wickelj\u00e4ckchen getragen werden.<br \/>\nOberteile, die man nicht \u00fcber den Kopf ziehen muss, sind eine wahre Erleichterung.<\/p>\n<p>&#8211;BAGGYJEANS&#8211;<\/p>\n<p>&#8211;GR\u00d6SSE&#8211;: 62<br \/>\n&#8211;MATERIAL&#8211;:<br \/>\n  Fake Jeans (French Terry)<br \/>\n  95 % Baumwolle, 5 % Elasthan<br \/>\n&#8211;FARBE&#8211;: Hellblau, Gr\u00fcn<\/p>\n<p>&#8211;WICKELSHIRT&#8211;<\/p>\n<p>&#8211;GR\u00d6SSE&#8211;: 62\/68<br \/>\n&#8211;MATERIAL&#8211;:<br \/>\n  Jerseystoff<br \/>\n 95 % Baumwolle, 5 % Elasthan<br \/>\n&#8211;FARBE&#8211;: Gr\u00fcn<br \/>\n&#8211;MOTIV&#8211;: Bauernhof<\/p>\n<p>Bitte beachte, dass es durch die verschiedenen Monitoreinstellungen der Endger\u00e4te zu Unterschieden in der Farbdarstellung kommen kann.<\/p>\n","protected":false},"excerpt":{"rendered":"<p>Dieses entz\u00fcckende Outfit eignet sich hervorragend als Geschenk Geburt, als Baby Coming Home Set oder zur Babyshower. Die Baggyjeans ist bequeme, durch ihren lockeren Schnitt und dem weichen Fake Denim, ist die Jeanshose angenehm zu tragen, perfekt f\u00fcr den Windelpo und bietet viel Bewegungsfreiheit. Das Bauchb\u00fcndchen liegt angenehm weich um den Bauch der Kleinsten und &hellip; <a href=\"https:\/\/www.regionalis.shop\/makis-kleine-welt\/shop\/babyset-gr-62-68-baggyjeans-mit-wickelshirt-bauernhof\/\">Continued<\/a><\/p>\n","protected":false},"featured_media":1081,"template":"","meta":{"_acf_changed":false},"product_brand":[],"product_cat":[38,49],"product_tag":[],"class_list":{"0":"post-1080","1":"product","2":"type-product","3":"status-publish","4":"has-post-thumbnail","6":"product_cat-baby-kinder","7":"product_cat-kinderkleidung","9":"first","10":"instock","11":"purchasable","12":"product-type-simple"},"acf":[],"_links":{"self":[{"href":"https:\/\/www.regionalis.shop\/makis-kleine-welt\/wp-json\/wp\/v2\/product\/1080","targetHints":{"allow":["GET"]}}],"collection":[{"href":"https:\/\/www.regionalis.shop\/makis-kleine-welt\/wp-json\/wp\/v2\/product"}],"about":[{"href":"https:\/\/www.regionalis.shop\/makis-kleine-welt\/wp-json\/wp\/v2\/types\/product"}],"wp:featuredmedia":[{"embeddable":true,"href":"https:\/\/www.regionalis.shop\/makis-kleine-welt\/wp-json\/wp\/v2\/media\/1081"}],"wp:attachment":[{"href":"https:\/\/www.regionalis.shop\/makis-kleine-welt\/wp-json\/wp\/v2\/media?parent=1080"}],"wp:term":[{"taxonomy":"product_brand","embeddable":true,"href":"https:\/\/www.regionalis.shop\/makis-kleine-welt\/wp-json\/wp\/v2\/product_brand?post=1080"},{"taxonomy":"product_cat","embeddable":true,"href":"https:\/\/www.regionalis.shop\/makis-kleine-welt\/wp-json\/wp\/v2\/product_cat?post=1080"},{"taxonomy":"product_tag","embeddable":true,"href":"https:\/\/www.regionalis.shop\/makis-kleine-welt\/wp-json\/wp\/v2\/product_tag?post=1080"}],"curies":[{"name":"wp","href":"https:\/\/api.w.org\/{rel}","templated":true}]}}