{"id":1084,"date":"2025-04-18T05:59:19","date_gmt":"2025-04-18T03:59:19","guid":{"rendered":"https:\/\/www.regionalis.shop\/makis-kleine-welt\/product\/pumphose-gr-50-56-weiss-mit-bunten-farbtropfen\/"},"modified":"2025-04-18T05:59:19","modified_gmt":"2025-04-18T03:59:19","slug":"pumphose-gr-50-56-weiss-mit-bunten-farbtropfen","status":"publish","type":"product","link":"https:\/\/www.regionalis.shop\/makis-kleine-welt\/shop\/pumphose-gr-50-56-weiss-mit-bunten-farbtropfen\/","title":{"rendered":"Pumphose Gr. 50\/56 wei\u00df mit bunten Farbtropfen"},"content":{"rendered":"<p>Bequeme Pumphose aus Jersey. Der lockere Schnitt der Hose ist perfekt f\u00fcr den Windelpo und bietet viel Bewegungsfreiheit.<br \/>\nDas Bauchb\u00fcndchen ist angenehm weich um den Bauch der Kleinsten und es zwickt und zwackt nichts.<br \/>\nDank der 8 cm langen Beinb\u00fcndchen, w\u00e4chst die Hose noch ein ganzes St\u00fcck mit. <\/p>\n<p>&#8211;GR\u00d6SSE&#8211;: 50-56<br \/>\n&#8211;MATERIAL&#8211;:<br \/>\n   Jersey 95% Baumwolle 5% Elasthan<br \/>\n&#8211;FARBE&#8211;: wei\u00df mit bunten Farbtropfen<br \/>\n&#8211;MOTIV&#8211;: Farbtropfen<\/p>\n<p>\u2757Die Pumphose kann bei 40\u00a0\u00b0C Feinw\u00e4sche in der Waschmaschine gewaschen werden. Geb\u00fcgelt kann auf Stufe 2 werden. NICHT Trockner geeignet \u2757<\/p>\n","protected":false},"excerpt":{"rendered":"<p>Bequeme Pumphose aus Jersey. Der lockere Schnitt der Hose ist perfekt f\u00fcr den Windelpo und bietet viel Bewegungsfreiheit. Das Bauchb\u00fcndchen ist angenehm weich um den Bauch der Kleinsten und es zwickt und zwackt nichts. Dank der 8 cm langen Beinb\u00fcndchen, w\u00e4chst die Hose noch ein ganzes St\u00fcck mit. &#8211;GR\u00d6SSE&#8211;: 50-56 &#8211;MATERIAL&#8211;: Jersey 95% Baumwolle 5% &hellip; <a href=\"https:\/\/www.regionalis.shop\/makis-kleine-welt\/shop\/pumphose-gr-50-56-weiss-mit-bunten-farbtropfen\/\">Continued<\/a><\/p>\n","protected":false},"featured_media":1085,"template":"","meta":{"_acf_changed":false},"product_brand":[],"product_cat":[38,49],"product_tag":[],"class_list":{"0":"post-1084","1":"product","2":"type-product","3":"status-publish","4":"has-post-thumbnail","6":"product_cat-baby-kinder","7":"product_cat-kinderkleidung","9":"first","10":"instock","11":"purchasable","12":"product-type-simple"},"acf":[],"_links":{"self":[{"href":"https:\/\/www.regionalis.shop\/makis-kleine-welt\/wp-json\/wp\/v2\/product\/1084","targetHints":{"allow":["GET"]}}],"collection":[{"href":"https:\/\/www.regionalis.shop\/makis-kleine-welt\/wp-json\/wp\/v2\/product"}],"about":[{"href":"https:\/\/www.regionalis.shop\/makis-kleine-welt\/wp-json\/wp\/v2\/types\/product"}],"wp:featuredmedia":[{"embeddable":true,"href":"https:\/\/www.regionalis.shop\/makis-kleine-welt\/wp-json\/wp\/v2\/media\/1085"}],"wp:attachment":[{"href":"https:\/\/www.regionalis.shop\/makis-kleine-welt\/wp-json\/wp\/v2\/media?parent=1084"}],"wp:term":[{"taxonomy":"product_brand","embeddable":true,"href":"https:\/\/www.regionalis.shop\/makis-kleine-welt\/wp-json\/wp\/v2\/product_brand?post=1084"},{"taxonomy":"product_cat","embeddable":true,"href":"https:\/\/www.regionalis.shop\/makis-kleine-welt\/wp-json\/wp\/v2\/product_cat?post=1084"},{"taxonomy":"product_tag","embeddable":true,"href":"https:\/\/www.regionalis.shop\/makis-kleine-welt\/wp-json\/wp\/v2\/product_tag?post=1084"}],"curies":[{"name":"wp","href":"https:\/\/api.w.org\/{rel}","templated":true}]}}