{"id":1090,"date":"2025-04-18T05:57:45","date_gmt":"2025-04-18T03:57:45","guid":{"rendered":"https:\/\/www.regionalis.shop\/makis-kleine-welt\/product\/musselin-dreieckstuch-zum-wenden-0-6-mon-weiss-mit-bunten-waldtieren-hellblau\/"},"modified":"2025-04-18T05:57:45","modified_gmt":"2025-04-18T03:57:45","slug":"musselin-dreieckstuch-zum-wenden-0-6-mon-weiss-mit-bunten-waldtieren-hellblau","status":"publish","type":"product","link":"https:\/\/www.regionalis.shop\/makis-kleine-welt\/shop\/musselin-dreieckstuch-zum-wenden-0-6-mon-weiss-mit-bunten-waldtieren-hellblau\/","title":{"rendered":"Musselin Dreieckstuch zum Wenden 0-6 Mon. wei\u00df mit bunten Waldtieren, hellblau"},"content":{"rendered":"<p>Das weiche Musselin Dreieckshalstuch ist ein toller Begleiter f\u00fcr Babys mit 0-6 Monaten. Die bunten Motive passen mal nicht zu eurem Outfit? Kein Problem!<br \/>\nDas Halstuch ist doppelseitig gen\u00e4ht und l\u00e4sst sich auch mit der einfarbigen Seite tragen. Es wird mit Druckkn\u00f6pfen geschlossen.<br \/>\nAls kleinen Hingucker habe ich ein kleines Label aus Snappap aufgen\u00e4ht.<\/p>\n<p>&#8211;GR\u00d6SSE&#8211;: 0-6 Monate<br \/>\n&#8211;MATERIAL&#8211;: 100 % Baumwolle<br \/>\n&#8211;FARBE&#8211;: Vorderseite wei\u00df mit bunten Waldtieren, R\u00fcckseite hellblau<br \/>\n&#8211;MOTIV&#8211;: Waldtiere<br \/>\n&#8211;DETAILS&#8211;: Snappap Label<br \/>\n&#8211;PERSONALISIERUNG&#8211;: Auf der hellblauen Seite gerne gegen \u20ac 1,50 Aufpreis <\/p>\n<p>\u2757Das Halstuch kann bei 40\u00a0\u00b0C Feinw\u00e4sche in der Waschmaschine gewaschen werden. Geb\u00fcgelt kann auf Stufe 2 werden, das B\u00fcgelmotiv muss abgedeckt werden. NICHT Trockner geeignet \u2757<\/p>\n","protected":false},"excerpt":{"rendered":"<p>Das weiche Musselin Dreieckshalstuch ist ein toller Begleiter f\u00fcr Babys mit 0-6 Monaten. Die bunten Motive passen mal nicht zu eurem Outfit? Kein Problem! Das Halstuch ist doppelseitig gen\u00e4ht und l\u00e4sst sich auch mit der einfarbigen Seite tragen. Es wird mit Druckkn\u00f6pfen geschlossen. Als kleinen Hingucker habe ich ein kleines Label aus Snappap aufgen\u00e4ht. &#8211;GR\u00d6SSE&#8211;: &hellip; <a href=\"https:\/\/www.regionalis.shop\/makis-kleine-welt\/shop\/musselin-dreieckstuch-zum-wenden-0-6-mon-weiss-mit-bunten-waldtieren-hellblau\/\">Continued<\/a><\/p>\n","protected":false},"featured_media":1091,"template":"","meta":{"_acf_changed":false},"product_brand":[],"product_cat":[107,38],"product_tag":[],"class_list":{"0":"post-1090","1":"product","2":"type-product","3":"status-publish","4":"has-post-thumbnail","6":"product_cat-accessoires-baby-kinder","7":"product_cat-baby-kinder","9":"first","10":"instock","11":"purchasable","12":"product-type-simple"},"acf":[],"_links":{"self":[{"href":"https:\/\/www.regionalis.shop\/makis-kleine-welt\/wp-json\/wp\/v2\/product\/1090","targetHints":{"allow":["GET"]}}],"collection":[{"href":"https:\/\/www.regionalis.shop\/makis-kleine-welt\/wp-json\/wp\/v2\/product"}],"about":[{"href":"https:\/\/www.regionalis.shop\/makis-kleine-welt\/wp-json\/wp\/v2\/types\/product"}],"wp:featuredmedia":[{"embeddable":true,"href":"https:\/\/www.regionalis.shop\/makis-kleine-welt\/wp-json\/wp\/v2\/media\/1091"}],"wp:attachment":[{"href":"https:\/\/www.regionalis.shop\/makis-kleine-welt\/wp-json\/wp\/v2\/media?parent=1090"}],"wp:term":[{"taxonomy":"product_brand","embeddable":true,"href":"https:\/\/www.regionalis.shop\/makis-kleine-welt\/wp-json\/wp\/v2\/product_brand?post=1090"},{"taxonomy":"product_cat","embeddable":true,"href":"https:\/\/www.regionalis.shop\/makis-kleine-welt\/wp-json\/wp\/v2\/product_cat?post=1090"},{"taxonomy":"product_tag","embeddable":true,"href":"https:\/\/www.regionalis.shop\/makis-kleine-welt\/wp-json\/wp\/v2\/product_tag?post=1090"}],"curies":[{"name":"wp","href":"https:\/\/api.w.org\/{rel}","templated":true}]}}