{"id":1099,"date":"2025-04-18T05:57:45","date_gmt":"2025-04-18T03:57:45","guid":{"rendered":"https:\/\/www.regionalis.shop\/makis-kleine-welt\/product\/musselin-dreickstuch-zum-wenden-2-4-jahre-koralle-lachs\/"},"modified":"2025-04-18T05:57:45","modified_gmt":"2025-04-18T03:57:45","slug":"musselin-dreickstuch-zum-wenden-2-4-jahre-koralle-lachs","status":"publish","type":"product","link":"https:\/\/www.regionalis.shop\/makis-kleine-welt\/shop\/musselin-dreickstuch-zum-wenden-2-4-jahre-koralle-lachs\/","title":{"rendered":"Musselin Dreickstuch zum Wenden 2-4 Jahre koralle lachs"},"content":{"rendered":"<p>Das Musselin Dreieckshalstuch ist f\u00fcr Kinder mit 2 &#8211; 4 Jahren geeignet.<br \/>\nEs ist doppelseitig gen\u00e4ht und l\u00e4sst sich wunderbar als Wendehalstuch tragen. Das Tuch wird mit Druckkn\u00f6pfen geschlossen.<br \/>\nAls kleinen Hingucker habe ich ein B\u00fcgelbild und ein kleines Label aus Snappap gew\u00e4hlt.<\/p>\n<p>&#8211;GR\u00d6SSE&#8211;: 2 &#8211; 4 Jahre<br \/>\n&#8211;MATERIAL&#8211;: 100 % Baumwolle<br \/>\n&#8211;FARBE&#8211;: Vorderseite koralle, R\u00fcckseite lachs<br \/>\n&#8211;MOTIV&#8211;: Pandab\u00e4r<br \/>\n&#8211;DETAILS&#8211;: Snappap Label<br \/>\n&#8211;PERSONALISIERUNG&#8211;: Auf der lachs Seite gerne gegen \u20ac 1,50 Aufpreis <\/p>\n<p>\u2757Das Halstuch kann bei 40\u00a0\u00b0C Feinw\u00e4sche in der Waschmaschine gewaschen werden. Geb\u00fcgelt kann auf Stufe 2 werden, das B\u00fcgelmotiv muss abgedeckt werden. NICHT Trockner geeignet \u2757<\/p>\n","protected":false},"excerpt":{"rendered":"<p>Das Musselin Dreieckshalstuch ist f\u00fcr Kinder mit 2 &#8211; 4 Jahren geeignet. Es ist doppelseitig gen\u00e4ht und l\u00e4sst sich wunderbar als Wendehalstuch tragen. Das Tuch wird mit Druckkn\u00f6pfen geschlossen. Als kleinen Hingucker habe ich ein B\u00fcgelbild und ein kleines Label aus Snappap gew\u00e4hlt. &#8211;GR\u00d6SSE&#8211;: 2 &#8211; 4 Jahre &#8211;MATERIAL&#8211;: 100 % Baumwolle &#8211;FARBE&#8211;: Vorderseite koralle, &hellip; <a href=\"https:\/\/www.regionalis.shop\/makis-kleine-welt\/shop\/musselin-dreickstuch-zum-wenden-2-4-jahre-koralle-lachs\/\">Continued<\/a><\/p>\n","protected":false},"featured_media":1100,"template":"","meta":{"_acf_changed":false},"product_brand":[],"product_cat":[107,38],"product_tag":[],"class_list":{"0":"post-1099","1":"product","2":"type-product","3":"status-publish","4":"has-post-thumbnail","6":"product_cat-accessoires-baby-kinder","7":"product_cat-baby-kinder","9":"first","10":"instock","11":"purchasable","12":"product-type-simple"},"acf":[],"_links":{"self":[{"href":"https:\/\/www.regionalis.shop\/makis-kleine-welt\/wp-json\/wp\/v2\/product\/1099","targetHints":{"allow":["GET"]}}],"collection":[{"href":"https:\/\/www.regionalis.shop\/makis-kleine-welt\/wp-json\/wp\/v2\/product"}],"about":[{"href":"https:\/\/www.regionalis.shop\/makis-kleine-welt\/wp-json\/wp\/v2\/types\/product"}],"wp:featuredmedia":[{"embeddable":true,"href":"https:\/\/www.regionalis.shop\/makis-kleine-welt\/wp-json\/wp\/v2\/media\/1100"}],"wp:attachment":[{"href":"https:\/\/www.regionalis.shop\/makis-kleine-welt\/wp-json\/wp\/v2\/media?parent=1099"}],"wp:term":[{"taxonomy":"product_brand","embeddable":true,"href":"https:\/\/www.regionalis.shop\/makis-kleine-welt\/wp-json\/wp\/v2\/product_brand?post=1099"},{"taxonomy":"product_cat","embeddable":true,"href":"https:\/\/www.regionalis.shop\/makis-kleine-welt\/wp-json\/wp\/v2\/product_cat?post=1099"},{"taxonomy":"product_tag","embeddable":true,"href":"https:\/\/www.regionalis.shop\/makis-kleine-welt\/wp-json\/wp\/v2\/product_tag?post=1099"}],"curies":[{"name":"wp","href":"https:\/\/api.w.org\/{rel}","templated":true}]}}