{"id":1105,"date":"2025-04-18T05:57:45","date_gmt":"2025-04-18T03:57:45","guid":{"rendered":"https:\/\/www.regionalis.shop\/makis-kleine-welt\/product\/musselin-dreieckstuch-zum-wenden-2-4-jahre-weiss-flieder-mit-floralem-muster\/"},"modified":"2025-04-18T05:57:45","modified_gmt":"2025-04-18T03:57:45","slug":"musselin-dreieckstuch-zum-wenden-2-4-jahre-weiss-flieder-mit-floralem-muster","status":"publish","type":"product","link":"https:\/\/www.regionalis.shop\/makis-kleine-welt\/shop\/musselin-dreieckstuch-zum-wenden-2-4-jahre-weiss-flieder-mit-floralem-muster\/","title":{"rendered":"Musselin Dreieckstuch zum Wenden 2 &#8211; 4 Jahre wei\u00df, flieder mit floralem Muster"},"content":{"rendered":"<p>Das Musselin Dreieckshalstuch ist f\u00fcr Kinder mit 2 &#8211; 4 Jahren geeignet.<br \/>\nEs ist doppelseitig gen\u00e4ht und l\u00e4sst sich wunderbar als Wendehalstuch tragen. Das Tuch wird mit Druckkn\u00f6pfen geschlossen.<br \/>\nAls kleinen Hingucker habe ich ein kleines Label aus Snappap aufgen\u00e4ht.<\/p>\n<p>&#8211;GR\u00d6SSE&#8211;: 2 &#8211; 4 Jahre<br \/>\n&#8211;MATERIAL&#8211;: 100 % Baumwolle<br \/>\n&#8211;FARBE&#8211;: Vorderseite wei\u00df, flieder, rosa mit floralem Muster, R\u00fcckseite flieder<br \/>\n&#8211;MOTIV&#8211;: Blumen<br \/>\n&#8211;DETAILS&#8211;: Snappap Label<br \/>\n&#8211;PERSONALISIERUNG&#8211;: Auf der flieder Seite gerne gegen \u20ac 1,50 Aufpreis <\/p>\n<p>\u2757Das Halstuch kann bei 40\u00a0\u00b0C Feinw\u00e4sche in der Waschmaschine gewaschen werden. Geb\u00fcgelt kann auf Stufe 2 werden. NICHT Trockner geeignet \u2757<\/p>\n","protected":false},"excerpt":{"rendered":"<p>Das Musselin Dreieckshalstuch ist f\u00fcr Kinder mit 2 &#8211; 4 Jahren geeignet. Es ist doppelseitig gen\u00e4ht und l\u00e4sst sich wunderbar als Wendehalstuch tragen. Das Tuch wird mit Druckkn\u00f6pfen geschlossen. Als kleinen Hingucker habe ich ein kleines Label aus Snappap aufgen\u00e4ht. &#8211;GR\u00d6SSE&#8211;: 2 &#8211; 4 Jahre &#8211;MATERIAL&#8211;: 100 % Baumwolle &#8211;FARBE&#8211;: Vorderseite wei\u00df, flieder, rosa mit &hellip; <a href=\"https:\/\/www.regionalis.shop\/makis-kleine-welt\/shop\/musselin-dreieckstuch-zum-wenden-2-4-jahre-weiss-flieder-mit-floralem-muster\/\">Continued<\/a><\/p>\n","protected":false},"featured_media":1106,"template":"","meta":{"_acf_changed":false},"product_brand":[],"product_cat":[107,38],"product_tag":[],"class_list":{"0":"post-1105","1":"product","2":"type-product","3":"status-publish","4":"has-post-thumbnail","6":"product_cat-accessoires-baby-kinder","7":"product_cat-baby-kinder","9":"first","10":"instock","11":"purchasable","12":"product-type-simple"},"acf":[],"_links":{"self":[{"href":"https:\/\/www.regionalis.shop\/makis-kleine-welt\/wp-json\/wp\/v2\/product\/1105","targetHints":{"allow":["GET"]}}],"collection":[{"href":"https:\/\/www.regionalis.shop\/makis-kleine-welt\/wp-json\/wp\/v2\/product"}],"about":[{"href":"https:\/\/www.regionalis.shop\/makis-kleine-welt\/wp-json\/wp\/v2\/types\/product"}],"wp:featuredmedia":[{"embeddable":true,"href":"https:\/\/www.regionalis.shop\/makis-kleine-welt\/wp-json\/wp\/v2\/media\/1106"}],"wp:attachment":[{"href":"https:\/\/www.regionalis.shop\/makis-kleine-welt\/wp-json\/wp\/v2\/media?parent=1105"}],"wp:term":[{"taxonomy":"product_brand","embeddable":true,"href":"https:\/\/www.regionalis.shop\/makis-kleine-welt\/wp-json\/wp\/v2\/product_brand?post=1105"},{"taxonomy":"product_cat","embeddable":true,"href":"https:\/\/www.regionalis.shop\/makis-kleine-welt\/wp-json\/wp\/v2\/product_cat?post=1105"},{"taxonomy":"product_tag","embeddable":true,"href":"https:\/\/www.regionalis.shop\/makis-kleine-welt\/wp-json\/wp\/v2\/product_tag?post=1105"}],"curies":[{"name":"wp","href":"https:\/\/api.w.org\/{rel}","templated":true}]}}