{"id":1108,"date":"2025-04-18T03:58:20","date_gmt":"2025-04-18T01:58:20","guid":{"rendered":"https:\/\/www.regionalis.shop\/makis-kleine-welt\/product\/knotenstirnband-haarband-fuer-maedchen-weiss-herbstfarben-blumen\/"},"modified":"2025-04-18T03:58:20","modified_gmt":"2025-04-18T01:58:20","slug":"knotenstirnband-haarband-fuer-maedchen-weiss-herbstfarben-blumen","status":"publish","type":"product","link":"https:\/\/www.regionalis.shop\/makis-kleine-welt\/shop\/knotenstirnband-haarband-fuer-maedchen-weiss-herbstfarben-blumen\/","title":{"rendered":"Knotenstirnband Haarband f\u00fcr M\u00e4dchen wei\u00df Herbstfarben Blumen"},"content":{"rendered":"<p>\u2022 Kopfumfang Gr\u00f6\u00dfe 40-41 cm<br \/>\n\u2022 Jersey wei\u00df, Herbstfarben, Blumen<br \/>\n  95 % Baumwolle, 5 % Elasthan<br \/>\n\u2022 s\u00fc\u00dfes Knotendesign<br \/>\n\u2022 Breiten der Stirnb\u00e4nder<\/p>\n<p>KU 40-41 cm ist ca. 6 cm breit<br \/>\nKU 42-45 cm ist ca. 8 cm breit<br \/>\nKU 46-53 cm ist ca. 9 cm breit<br \/>\nJedes Stirnband ist ein Unikat, weshalb auch die Abbildung der Motive auf jedem Stirnband variiert.<\/p>\n<p>Bitte beachte, dass die Farben aufgrund der Grafikkarte und Bildschirmeinstellung abweichen k\u00f6nnen<\/p>\n","protected":false},"excerpt":{"rendered":"<p>\u2022 Kopfumfang Gr\u00f6\u00dfe 40-41 cm \u2022 Jersey wei\u00df, Herbstfarben, Blumen 95 % Baumwolle, 5 % Elasthan \u2022 s\u00fc\u00dfes Knotendesign \u2022 Breiten der Stirnb\u00e4nder KU 40-41 cm ist ca. 6 cm breit KU 42-45 cm ist ca. 8 cm breit KU 46-53 cm ist ca. 9 cm breit Jedes Stirnband ist ein Unikat, weshalb auch die &hellip; <a href=\"https:\/\/www.regionalis.shop\/makis-kleine-welt\/shop\/knotenstirnband-haarband-fuer-maedchen-weiss-herbstfarben-blumen\/\">Continued<\/a><\/p>\n","protected":false},"featured_media":1109,"template":"","meta":{"_acf_changed":false},"product_brand":[],"product_cat":[38,47],"product_tag":[],"class_list":{"0":"post-1108","1":"product","2":"type-product","3":"status-publish","4":"has-post-thumbnail","6":"product_cat-baby-kinder","7":"product_cat-hauben-muetzen","9":"first","10":"instock","11":"purchasable","12":"product-type-simple"},"acf":[],"_links":{"self":[{"href":"https:\/\/www.regionalis.shop\/makis-kleine-welt\/wp-json\/wp\/v2\/product\/1108","targetHints":{"allow":["GET"]}}],"collection":[{"href":"https:\/\/www.regionalis.shop\/makis-kleine-welt\/wp-json\/wp\/v2\/product"}],"about":[{"href":"https:\/\/www.regionalis.shop\/makis-kleine-welt\/wp-json\/wp\/v2\/types\/product"}],"wp:featuredmedia":[{"embeddable":true,"href":"https:\/\/www.regionalis.shop\/makis-kleine-welt\/wp-json\/wp\/v2\/media\/1109"}],"wp:attachment":[{"href":"https:\/\/www.regionalis.shop\/makis-kleine-welt\/wp-json\/wp\/v2\/media?parent=1108"}],"wp:term":[{"taxonomy":"product_brand","embeddable":true,"href":"https:\/\/www.regionalis.shop\/makis-kleine-welt\/wp-json\/wp\/v2\/product_brand?post=1108"},{"taxonomy":"product_cat","embeddable":true,"href":"https:\/\/www.regionalis.shop\/makis-kleine-welt\/wp-json\/wp\/v2\/product_cat?post=1108"},{"taxonomy":"product_tag","embeddable":true,"href":"https:\/\/www.regionalis.shop\/makis-kleine-welt\/wp-json\/wp\/v2\/product_tag?post=1108"}],"curies":[{"name":"wp","href":"https:\/\/api.w.org\/{rel}","templated":true}]}}