{"id":1147,"date":"2025-04-18T03:50:38","date_gmt":"2025-04-18T01:50:38","guid":{"rendered":"https:\/\/www.regionalis.shop\/makis-kleine-welt\/product\/taschentuchhuelle-grau-gesundheit-silber-auf-schwarz\/"},"modified":"2025-04-18T03:50:38","modified_gmt":"2025-04-18T01:50:38","slug":"taschentuchhuelle-grau-gesundheit-silber-auf-schwarz","status":"publish","type":"product","link":"https:\/\/www.regionalis.shop\/makis-kleine-welt\/shop\/taschentuchhuelle-grau-gesundheit-silber-auf-schwarz\/","title":{"rendered":"Taschentuchh\u00fclle grau Gesundheit silber auf schwarz"},"content":{"rendered":"<p>* 100 % Baumwolle &#8211; &#8211;grau&#8211;<br \/>\n* ca. 11,5 x 6 x 3 cm<br \/>\n* Platz f\u00fcr 10 Taschent\u00fccher<br \/>\n* Aufn\u00e4her aus Snappap &#8211; &#8211;schwarz&#8211;<br \/>\n* Schriftzug &#8211;Gesundheit&#8211; aus Flexfolie &#8211; &#8211;silber&#8211;<\/p>\n","protected":false},"excerpt":{"rendered":"<p>* 100 % Baumwolle &#8211; &#8211;grau&#8211; * ca. 11,5 x 6 x 3 cm * Platz f\u00fcr 10 Taschent\u00fccher * Aufn\u00e4her aus Snappap &#8211; &#8211;schwarz&#8211; * Schriftzug &#8211;Gesundheit&#8211; aus Flexfolie &#8211; &#8211;silber&#8211;<\/p>\n","protected":false},"featured_media":1148,"template":"","meta":{"_acf_changed":false},"product_brand":[],"product_cat":[168,95],"product_tag":[],"class_list":{"0":"post-1147","1":"product","2":"type-product","3":"status-publish","4":"has-post-thumbnail","6":"product_cat-sonstiges-taschen","7":"product_cat-taschen","9":"first","10":"instock","11":"purchasable","12":"product-type-simple"},"acf":[],"_links":{"self":[{"href":"https:\/\/www.regionalis.shop\/makis-kleine-welt\/wp-json\/wp\/v2\/product\/1147","targetHints":{"allow":["GET"]}}],"collection":[{"href":"https:\/\/www.regionalis.shop\/makis-kleine-welt\/wp-json\/wp\/v2\/product"}],"about":[{"href":"https:\/\/www.regionalis.shop\/makis-kleine-welt\/wp-json\/wp\/v2\/types\/product"}],"wp:featuredmedia":[{"embeddable":true,"href":"https:\/\/www.regionalis.shop\/makis-kleine-welt\/wp-json\/wp\/v2\/media\/1148"}],"wp:attachment":[{"href":"https:\/\/www.regionalis.shop\/makis-kleine-welt\/wp-json\/wp\/v2\/media?parent=1147"}],"wp:term":[{"taxonomy":"product_brand","embeddable":true,"href":"https:\/\/www.regionalis.shop\/makis-kleine-welt\/wp-json\/wp\/v2\/product_brand?post=1147"},{"taxonomy":"product_cat","embeddable":true,"href":"https:\/\/www.regionalis.shop\/makis-kleine-welt\/wp-json\/wp\/v2\/product_cat?post=1147"},{"taxonomy":"product_tag","embeddable":true,"href":"https:\/\/www.regionalis.shop\/makis-kleine-welt\/wp-json\/wp\/v2\/product_tag?post=1147"}],"curies":[{"name":"wp","href":"https:\/\/api.w.org\/{rel}","templated":true}]}}