{"id":1152,"date":"2025-04-18T03:44:49","date_gmt":"2025-04-18T01:44:49","guid":{"rendered":"https:\/\/www.regionalis.shop\/makis-kleine-welt\/product\/eulenmuetze-weiss-gr-50-56-bunte-regentropfen\/"},"modified":"2025-04-18T03:44:49","modified_gmt":"2025-04-18T01:44:49","slug":"eulenmuetze-weiss-gr-50-56-bunte-regentropfen","status":"publish","type":"product","link":"https:\/\/www.regionalis.shop\/makis-kleine-welt\/shop\/eulenmuetze-weiss-gr-50-56-bunte-regentropfen\/","title":{"rendered":"Eulenm\u00fctze wei\u00df Gr. 50\/56, bunte Regentropfen"},"content":{"rendered":"<p>&#8211;GR\u00d6SSE&#8211;: 50\/56<br \/>\n&#8211;MATERIAL&#8211;: Jersey 95 % Baumwolle, 5 % Elasthan<br \/>\n&#8211;FARBE&#8211;: wei\u00df, bunte Regentropfen<br \/>\n&#8211;MOTIV&#8211;: Eule<br \/>\n&#8211;DETAILS&#8211;: Augen und Schnabel appliziert<br \/>\nPupillen sind aus schwarze Kn\u00f6pfen<\/p>\n<p>Handmade in der Steiermark.<\/p>\n<p>Alle meine Produkte sind Einzelst\u00fccke, Unikate, und werden kein weiteres Mal so gen\u00e4ht.<\/p>\n<p>\u2757Die M\u00fctze kann bei 40\u00a0\u00b0C Feinw\u00e4sche in der Waschmaschine gewaschen werden.<br \/>\n\u2757Geb\u00fcgelt kann auf Stufe 2 werden.<br \/>\n\u2757NICHT Trockner geeignet \u2757<\/p>\n","protected":false},"excerpt":{"rendered":"<p>&#8211;GR\u00d6SSE&#8211;: 50\/56 &#8211;MATERIAL&#8211;: Jersey 95 % Baumwolle, 5 % Elasthan &#8211;FARBE&#8211;: wei\u00df, bunte Regentropfen &#8211;MOTIV&#8211;: Eule &#8211;DETAILS&#8211;: Augen und Schnabel appliziert Pupillen sind aus schwarze Kn\u00f6pfen Handmade in der Steiermark. Alle meine Produkte sind Einzelst\u00fccke, Unikate, und werden kein weiteres Mal so gen\u00e4ht. \u2757Die M\u00fctze kann bei 40\u00a0\u00b0C Feinw\u00e4sche in der Waschmaschine gewaschen werden. \u2757Geb\u00fcgelt &hellip; <a href=\"https:\/\/www.regionalis.shop\/makis-kleine-welt\/shop\/eulenmuetze-weiss-gr-50-56-bunte-regentropfen\/\">Continued<\/a><\/p>\n","protected":false},"featured_media":1153,"template":"","meta":{"_acf_changed":false},"product_brand":[],"product_cat":[38,47],"product_tag":[],"class_list":{"0":"post-1152","1":"product","2":"type-product","3":"status-publish","4":"has-post-thumbnail","6":"product_cat-baby-kinder","7":"product_cat-hauben-muetzen","9":"first","10":"instock","11":"purchasable","12":"product-type-simple"},"acf":[],"_links":{"self":[{"href":"https:\/\/www.regionalis.shop\/makis-kleine-welt\/wp-json\/wp\/v2\/product\/1152","targetHints":{"allow":["GET"]}}],"collection":[{"href":"https:\/\/www.regionalis.shop\/makis-kleine-welt\/wp-json\/wp\/v2\/product"}],"about":[{"href":"https:\/\/www.regionalis.shop\/makis-kleine-welt\/wp-json\/wp\/v2\/types\/product"}],"wp:featuredmedia":[{"embeddable":true,"href":"https:\/\/www.regionalis.shop\/makis-kleine-welt\/wp-json\/wp\/v2\/media\/1153"}],"wp:attachment":[{"href":"https:\/\/www.regionalis.shop\/makis-kleine-welt\/wp-json\/wp\/v2\/media?parent=1152"}],"wp:term":[{"taxonomy":"product_brand","embeddable":true,"href":"https:\/\/www.regionalis.shop\/makis-kleine-welt\/wp-json\/wp\/v2\/product_brand?post=1152"},{"taxonomy":"product_cat","embeddable":true,"href":"https:\/\/www.regionalis.shop\/makis-kleine-welt\/wp-json\/wp\/v2\/product_cat?post=1152"},{"taxonomy":"product_tag","embeddable":true,"href":"https:\/\/www.regionalis.shop\/makis-kleine-welt\/wp-json\/wp\/v2\/product_tag?post=1152"}],"curies":[{"name":"wp","href":"https:\/\/api.w.org\/{rel}","templated":true}]}}