{"id":1175,"date":"2025-04-17T23:30:49","date_gmt":"2025-04-17T21:30:49","guid":{"rendered":"https:\/\/www.regionalis.shop\/makis-kleine-welt\/product\/haekelschuhe-0-3-mon-babyschuhe-tracht-grau-rot\/"},"modified":"2025-04-17T23:30:49","modified_gmt":"2025-04-17T21:30:49","slug":"haekelschuhe-0-3-mon-babyschuhe-tracht-grau-rot","status":"publish","type":"product","link":"https:\/\/www.regionalis.shop\/makis-kleine-welt\/shop\/haekelschuhe-0-3-mon-babyschuhe-tracht-grau-rot\/","title":{"rendered":"H\u00e4kelschuhe 0-3 Mon., Babyschuhe Tracht grau rot"},"content":{"rendered":"<p>Die H\u00e4kelschuhe sind f\u00fcr 0-3 Mon. geh\u00e4kelt.<br \/>\nIm Schuh ist am oberen Ende eine rot karierte Schleife eingef\u00e4delt. Mit der grauen  und roten Wolle passt der Schuh super zu Tracht. <\/p>\n<p>*FARBE*: grau, rot<br \/>\n*MOTIV*: &#8211;<\/p>\n<p>\u2757NICHT Trockner geeignet \u2757<br \/>\nIch empfehle vor der W\u00e4sche die Schleife zu entfernen.<\/p>\n","protected":false},"excerpt":{"rendered":"<p>Die H\u00e4kelschuhe sind f\u00fcr 0-3 Mon. geh\u00e4kelt. Im Schuh ist am oberen Ende eine rot karierte Schleife eingef\u00e4delt. Mit der grauen und roten Wolle passt der Schuh super zu Tracht. *FARBE*: grau, rot *MOTIV*: &#8211; \u2757NICHT Trockner geeignet \u2757 Ich empfehle vor der W\u00e4sche die Schleife zu entfernen.<\/p>\n","protected":false},"featured_media":1176,"template":"","meta":{"_acf_changed":false},"product_brand":[],"product_cat":[38,74],"product_tag":[],"class_list":{"0":"post-1175","1":"product","2":"type-product","3":"status-publish","4":"has-post-thumbnail","6":"product_cat-baby-kinder","7":"product_cat-schuhe-socken-baby-kinder","9":"first","10":"instock","11":"purchasable","12":"product-type-simple"},"acf":[],"_links":{"self":[{"href":"https:\/\/www.regionalis.shop\/makis-kleine-welt\/wp-json\/wp\/v2\/product\/1175","targetHints":{"allow":["GET"]}}],"collection":[{"href":"https:\/\/www.regionalis.shop\/makis-kleine-welt\/wp-json\/wp\/v2\/product"}],"about":[{"href":"https:\/\/www.regionalis.shop\/makis-kleine-welt\/wp-json\/wp\/v2\/types\/product"}],"wp:featuredmedia":[{"embeddable":true,"href":"https:\/\/www.regionalis.shop\/makis-kleine-welt\/wp-json\/wp\/v2\/media\/1176"}],"wp:attachment":[{"href":"https:\/\/www.regionalis.shop\/makis-kleine-welt\/wp-json\/wp\/v2\/media?parent=1175"}],"wp:term":[{"taxonomy":"product_brand","embeddable":true,"href":"https:\/\/www.regionalis.shop\/makis-kleine-welt\/wp-json\/wp\/v2\/product_brand?post=1175"},{"taxonomy":"product_cat","embeddable":true,"href":"https:\/\/www.regionalis.shop\/makis-kleine-welt\/wp-json\/wp\/v2\/product_cat?post=1175"},{"taxonomy":"product_tag","embeddable":true,"href":"https:\/\/www.regionalis.shop\/makis-kleine-welt\/wp-json\/wp\/v2\/product_tag?post=1175"}],"curies":[{"name":"wp","href":"https:\/\/api.w.org\/{rel}","templated":true}]}}