{"id":1181,"date":"2025-04-17T23:16:46","date_gmt":"2025-04-17T21:16:46","guid":{"rendered":"https:\/\/www.regionalis.shop\/makis-kleine-welt\/product\/shirt-gr-74-80-babyshirt-genaeht-mausi-mit-knopfleiste-streifen\/"},"modified":"2025-04-17T23:16:46","modified_gmt":"2025-04-17T21:16:46","slug":"shirt-gr-74-80-babyshirt-genaeht-mausi-mit-knopfleiste-streifen","status":"publish","type":"product","link":"https:\/\/www.regionalis.shop\/makis-kleine-welt\/shop\/shirt-gr-74-80-babyshirt-genaeht-mausi-mit-knopfleiste-streifen\/","title":{"rendered":"Shirt Gr.74\/80 Babyshirt gen\u00e4ht Mausi, mit Knopfleiste,  Streifen"},"content":{"rendered":"<p>M\u00e4dchen T-Shirt gen\u00e4ht in Gr.74\/80 mit dem Panel Motiv Mausi, nach dem Schnittmuster Longsleeve.<br \/>\nDas Shirt hat eine Zierknopfleiste und am \u00c4rmelabschlu\u00df einen lila Spitzengummi.<br \/>\nDie R\u00fcckseite des Shirts ist in einem passenden grau mit wei\u00dfen Blasen.<\/p>\n<p>Farblich zum Shirt passend, gibt es in der selben Gr\u00f6\u00dfe, noch weitere Artikel aus dieser Serie in meinem Shop.<\/p>\n<p>&#8211;Material&#8211;: 97% Baumwolle, 3% Elasthan<br \/>\n&#8211;Farbe&#8211;: flieder, gr\u00fcn, grau, wei\u00df, t\u00fcrkis<br \/>\n&#8211;Motiv&#8211;: Mausi, Streifen<\/p>\n<p>Alle Stoffen werden von mir vor der Verarbeitung mit Sensitivwaschpulver gewaschen und im Trockner angetrockt. Dadurch gibt es bei euch in der W\u00e4sche kein eingehen oder verziehen!<\/p>\n<p>\u2757Das Produkt kann bei 40\u00b0C Feinw\u00e4sche in der Waschmaschine gewaschen werden.<br \/>\n\u2757Geb\u00fcgelt kann vorsichtig auf Stufe 2 werden.<br \/>\n\u2757 NICHT Trockner geeignet \u2757<\/p>\n<p>Das Set ist ein Unikat und wird so kein weiteres Mal gen\u00e4ht!<\/p>\n","protected":false},"excerpt":{"rendered":"<p>M\u00e4dchen T-Shirt gen\u00e4ht in Gr.74\/80 mit dem Panel Motiv Mausi, nach dem Schnittmuster Longsleeve. Das Shirt hat eine Zierknopfleiste und am \u00c4rmelabschlu\u00df einen lila Spitzengummi. Die R\u00fcckseite des Shirts ist in einem passenden grau mit wei\u00dfen Blasen. Farblich zum Shirt passend, gibt es in der selben Gr\u00f6\u00dfe, noch weitere Artikel aus dieser Serie in meinem &hellip; <a href=\"https:\/\/www.regionalis.shop\/makis-kleine-welt\/shop\/shirt-gr-74-80-babyshirt-genaeht-mausi-mit-knopfleiste-streifen\/\">Continued<\/a><\/p>\n","protected":false},"featured_media":1182,"template":"","meta":{"_acf_changed":false},"product_brand":[],"product_cat":[38,49],"product_tag":[],"class_list":{"0":"post-1181","1":"product","2":"type-product","3":"status-publish","4":"has-post-thumbnail","6":"product_cat-baby-kinder","7":"product_cat-kinderkleidung","9":"first","10":"instock","11":"purchasable","12":"product-type-simple"},"acf":[],"_links":{"self":[{"href":"https:\/\/www.regionalis.shop\/makis-kleine-welt\/wp-json\/wp\/v2\/product\/1181","targetHints":{"allow":["GET"]}}],"collection":[{"href":"https:\/\/www.regionalis.shop\/makis-kleine-welt\/wp-json\/wp\/v2\/product"}],"about":[{"href":"https:\/\/www.regionalis.shop\/makis-kleine-welt\/wp-json\/wp\/v2\/types\/product"}],"wp:featuredmedia":[{"embeddable":true,"href":"https:\/\/www.regionalis.shop\/makis-kleine-welt\/wp-json\/wp\/v2\/media\/1182"}],"wp:attachment":[{"href":"https:\/\/www.regionalis.shop\/makis-kleine-welt\/wp-json\/wp\/v2\/media?parent=1181"}],"wp:term":[{"taxonomy":"product_brand","embeddable":true,"href":"https:\/\/www.regionalis.shop\/makis-kleine-welt\/wp-json\/wp\/v2\/product_brand?post=1181"},{"taxonomy":"product_cat","embeddable":true,"href":"https:\/\/www.regionalis.shop\/makis-kleine-welt\/wp-json\/wp\/v2\/product_cat?post=1181"},{"taxonomy":"product_tag","embeddable":true,"href":"https:\/\/www.regionalis.shop\/makis-kleine-welt\/wp-json\/wp\/v2\/product_tag?post=1181"}],"curies":[{"name":"wp","href":"https:\/\/api.w.org\/{rel}","templated":true}]}}