{"id":1186,"date":"2025-04-17T23:16:46","date_gmt":"2025-04-17T21:16:46","guid":{"rendered":"https:\/\/www.regionalis.shop\/makis-kleine-welt\/product\/kopftuch-ku-46-51cm-gr-2\/"},"modified":"2025-04-17T23:16:46","modified_gmt":"2025-04-17T21:16:46","slug":"kopftuch-ku-46-51cm-gr-2","status":"publish","type":"product","link":"https:\/\/www.regionalis.shop\/makis-kleine-welt\/shop\/kopftuch-ku-46-51cm-gr-2\/","title":{"rendered":"Kopftuch KU 46-51cm Gr.2"},"content":{"rendered":"<p>Das pastellfarbige Kopftuch ist Gr.2 f\u00fcr einen KU 46-51cm .<br \/>\nDas Kopftuch hat im Nacken einen Gummizug und auf der Stirnseite einen Jerseystreifen f\u00fcr den perfekten Sitz. Der Rest ist aus 100% Baumwolle .<br \/>\nDen Abschluss vom Kopftuch ziert die transparente fliederne R\u00fcsche und als Hingucker ist an der Stirnseite eine geh\u00e4kelte Blume mit Blumenknopf angebracht.<br \/>\nZu dem Kopftuch gibt es farblich passend, noch weitere Artikel in dieser Gr\u00f6\u00dfe, im Shop.<\/p>\n<p>&#8211;FARBE&#8211;: mint, lila, wei\u00df<br \/>\n&#8211;MOTIV&#8211;: Tupfen, Sterne, Blume<\/p>\n<p>Alle meine Produkte sind Einzelst\u00fccke,Unikate, und werden kein weiteres Mal so gen\u00e4ht.<br \/>\n&#8211;Alle Stoffen werden von mir vor der Verarbeitung mit Sensitivwaschpulver gewaschen und im Trockner angetrockt. Dadurch gibt es bei euch in der W\u00e4sche kein eingehen oder verziehen!&#8211;<\/p>\n<p>\u2757Das Kopftuch kann bei 40\u00b0C Feinw\u00e4sche in der Waschmaschine gewaschen werden.<br \/>\n\u2757Geb\u00fcgelt kann auf Stufe 2 werden.<br \/>\n\u2757NICHT Trockner geeignet \u2757<\/p>\n","protected":false},"excerpt":{"rendered":"<p>Das pastellfarbige Kopftuch ist Gr.2 f\u00fcr einen KU 46-51cm . Das Kopftuch hat im Nacken einen Gummizug und auf der Stirnseite einen Jerseystreifen f\u00fcr den perfekten Sitz. Der Rest ist aus 100% Baumwolle . Den Abschluss vom Kopftuch ziert die transparente fliederne R\u00fcsche und als Hingucker ist an der Stirnseite eine geh\u00e4kelte Blume mit Blumenknopf &hellip; <a href=\"https:\/\/www.regionalis.shop\/makis-kleine-welt\/shop\/kopftuch-ku-46-51cm-gr-2\/\">Continued<\/a><\/p>\n","protected":false},"featured_media":1187,"template":"","meta":{"_acf_changed":false},"product_brand":[],"product_cat":[107,38],"product_tag":[],"class_list":{"0":"post-1186","1":"product","2":"type-product","3":"status-publish","4":"has-post-thumbnail","6":"product_cat-accessoires-baby-kinder","7":"product_cat-baby-kinder","9":"first","10":"instock","11":"purchasable","12":"product-type-simple"},"acf":[],"_links":{"self":[{"href":"https:\/\/www.regionalis.shop\/makis-kleine-welt\/wp-json\/wp\/v2\/product\/1186","targetHints":{"allow":["GET"]}}],"collection":[{"href":"https:\/\/www.regionalis.shop\/makis-kleine-welt\/wp-json\/wp\/v2\/product"}],"about":[{"href":"https:\/\/www.regionalis.shop\/makis-kleine-welt\/wp-json\/wp\/v2\/types\/product"}],"wp:featuredmedia":[{"embeddable":true,"href":"https:\/\/www.regionalis.shop\/makis-kleine-welt\/wp-json\/wp\/v2\/media\/1187"}],"wp:attachment":[{"href":"https:\/\/www.regionalis.shop\/makis-kleine-welt\/wp-json\/wp\/v2\/media?parent=1186"}],"wp:term":[{"taxonomy":"product_brand","embeddable":true,"href":"https:\/\/www.regionalis.shop\/makis-kleine-welt\/wp-json\/wp\/v2\/product_brand?post=1186"},{"taxonomy":"product_cat","embeddable":true,"href":"https:\/\/www.regionalis.shop\/makis-kleine-welt\/wp-json\/wp\/v2\/product_cat?post=1186"},{"taxonomy":"product_tag","embeddable":true,"href":"https:\/\/www.regionalis.shop\/makis-kleine-welt\/wp-json\/wp\/v2\/product_tag?post=1186"}],"curies":[{"name":"wp","href":"https:\/\/api.w.org\/{rel}","templated":true}]}}