{"id":1188,"date":"2025-04-17T23:16:46","date_gmt":"2025-04-17T21:16:46","guid":{"rendered":"https:\/\/www.regionalis.shop\/makis-kleine-welt\/product\/stirnband-set-ku-45-47cm-baby-knotenstirnband-turban-haarband-mint\/"},"modified":"2025-04-17T23:16:46","modified_gmt":"2025-04-17T21:16:46","slug":"stirnband-set-ku-45-47cm-baby-knotenstirnband-turban-haarband-mint","status":"publish","type":"product","link":"https:\/\/www.regionalis.shop\/makis-kleine-welt\/shop\/stirnband-set-ku-45-47cm-baby-knotenstirnband-turban-haarband-mint\/","title":{"rendered":"Stirnband  Set KU 45-47cm, Baby, Knotenstirnband, Turban, Haarband, mint"},"content":{"rendered":"<p>Dieses Stirnband Set, besteht aus drei farblich harmonierenden Stirnb\u00e4ndern und passen f\u00fcr einen KU 45-47cm .<br \/>\nDie Stirnb\u00e4nder sind an der Vorderseite mit einem optischen Knoten gearbeitet.<br \/>\nDie N\u00e4hte befinden sich an der Unterkante und unter dem optischen Knoten. Dadurch sind sie sehr angenehm zu tragen.<br \/>\nDie Stirnb\u00e4nder sind nicht nur ein sch\u00f6nes Accessoires, sondern auch praktisch an windigen Tagen.<\/p>\n<p>Zu den Stirnb\u00e4ndern gibt es farblich passend, noch weitere Artikel in dieser Gr\u00f6\u00dfe, im Shop.<\/p>\n<p>&#8211;FARBE&#8211;: mint, flieder, wei\u00df, grau<br \/>\n&#8211;MOTIV&#8211;: Tupfen, Sterne, Streifen<\/p>\n<p>Alle meine Produkte sind Einzelst\u00fccke,Unikate, und werden kein weiteres Mal so gen\u00e4ht.<br \/>\nAlle Stoffen werden von mir vor der Verarbeitung mit Sensitivwaschpulver gewaschen und im Trockner angetrockt. Dadurch gibt es bei euch in der W\u00e4sche kein eingehen oder verziehen!<\/p>\n<p>\u2757Das Kopftuch kann bei 40\u00b0C Feinw\u00e4sche in der Waschmaschine gewaschen werden.<br \/>\n\u2757Geb\u00fcgelt kann auf Stufe 2 werden.<br \/>\n\u2757NICHT Trockner geeignet \u2757<\/p>\n","protected":false},"excerpt":{"rendered":"<p>Dieses Stirnband Set, besteht aus drei farblich harmonierenden Stirnb\u00e4ndern und passen f\u00fcr einen KU 45-47cm . Die Stirnb\u00e4nder sind an der Vorderseite mit einem optischen Knoten gearbeitet. Die N\u00e4hte befinden sich an der Unterkante und unter dem optischen Knoten. Dadurch sind sie sehr angenehm zu tragen. Die Stirnb\u00e4nder sind nicht nur ein sch\u00f6nes Accessoires, sondern &hellip; <a href=\"https:\/\/www.regionalis.shop\/makis-kleine-welt\/shop\/stirnband-set-ku-45-47cm-baby-knotenstirnband-turban-haarband-mint\/\">Continued<\/a><\/p>\n","protected":false},"featured_media":1189,"template":"","meta":{"_acf_changed":false},"product_brand":[],"product_cat":[107,38],"product_tag":[],"class_list":{"0":"post-1188","1":"product","2":"type-product","3":"status-publish","4":"has-post-thumbnail","6":"product_cat-accessoires-baby-kinder","7":"product_cat-baby-kinder","9":"first","10":"instock","11":"purchasable","12":"product-type-simple"},"acf":[],"_links":{"self":[{"href":"https:\/\/www.regionalis.shop\/makis-kleine-welt\/wp-json\/wp\/v2\/product\/1188","targetHints":{"allow":["GET"]}}],"collection":[{"href":"https:\/\/www.regionalis.shop\/makis-kleine-welt\/wp-json\/wp\/v2\/product"}],"about":[{"href":"https:\/\/www.regionalis.shop\/makis-kleine-welt\/wp-json\/wp\/v2\/types\/product"}],"wp:featuredmedia":[{"embeddable":true,"href":"https:\/\/www.regionalis.shop\/makis-kleine-welt\/wp-json\/wp\/v2\/media\/1189"}],"wp:attachment":[{"href":"https:\/\/www.regionalis.shop\/makis-kleine-welt\/wp-json\/wp\/v2\/media?parent=1188"}],"wp:term":[{"taxonomy":"product_brand","embeddable":true,"href":"https:\/\/www.regionalis.shop\/makis-kleine-welt\/wp-json\/wp\/v2\/product_brand?post=1188"},{"taxonomy":"product_cat","embeddable":true,"href":"https:\/\/www.regionalis.shop\/makis-kleine-welt\/wp-json\/wp\/v2\/product_cat?post=1188"},{"taxonomy":"product_tag","embeddable":true,"href":"https:\/\/www.regionalis.shop\/makis-kleine-welt\/wp-json\/wp\/v2\/product_tag?post=1188"}],"curies":[{"name":"wp","href":"https:\/\/api.w.org\/{rel}","templated":true}]}}