{"id":1196,"date":"2025-04-17T23:13:34","date_gmt":"2025-04-17T21:13:34","guid":{"rendered":"https:\/\/www.regionalis.shop\/makis-kleine-welt\/product\/stirnband-ku-48-50cm-haarband-eichhoernchen\/"},"modified":"2025-04-17T23:13:34","modified_gmt":"2025-04-17T21:13:34","slug":"stirnband-ku-48-50cm-haarband-eichhoernchen","status":"publish","type":"product","link":"https:\/\/www.regionalis.shop\/makis-kleine-welt\/shop\/stirnband-ku-48-50cm-haarband-eichhoernchen\/","title":{"rendered":"Stirnband KU 48-50cm, Haarband, Eichh\u00f6rnchen"},"content":{"rendered":"<p>Stirnband KU 48-50cm<\/p>\n<p>Der perfekte Begleiter f\u00fcr windige Tage. Dieses s\u00fc\u00dfe Stirnband aus Jersey, ist schnell \u00fcbergezogen und sch\u00fctzt vor Wind und kalten Ohren.<br \/>\nGleichzeitig ist es, mit den zwei Lagen und der Schleife, ein modischer Begleiter und auch als Haarband zu tragen.<\/p>\n<p>&#8211;Material&#8211;: Jersey 97% Baumwolle 3% Elasthan<br \/>\n&#8211;Farbe&#8211;: grau, t\u00fcrkis,<br \/>\n&#8211;Motiv&#8211;: Eichh\u00f6rnchen<\/p>\n<p>&#8211;Alle Stoffen werden von mir vor der Verarbeitung mit Sensitivwaschpulver gewaschen und im Trockner angetrockt. Dadurch gibt es bei euch in der W\u00e4sche kein eingehen oder verziehen!&#8211;<\/p>\n<p>Handmade in der Steiermark.<\/p>\n<p>Alle meine Produkte sind Einzelst\u00fccke,Unikate, und werden so kein weiteres Mal gen\u00e4ht.<\/p>\n<p>\u2757Das Stirnband kann bei 40\u00b0C Feinw\u00e4sche in der Waschmaschine gewaschen werden.<br \/>\n\u2757Geb\u00fcgelt kann vorsichtig auf Stufe 2 werden.<br \/>\n\u2757NICHT Trockner geeignet \u2757<\/p>\n","protected":false},"excerpt":{"rendered":"<p>Stirnband KU 48-50cm Der perfekte Begleiter f\u00fcr windige Tage. Dieses s\u00fc\u00dfe Stirnband aus Jersey, ist schnell \u00fcbergezogen und sch\u00fctzt vor Wind und kalten Ohren. Gleichzeitig ist es, mit den zwei Lagen und der Schleife, ein modischer Begleiter und auch als Haarband zu tragen. &#8211;Material&#8211;: Jersey 97% Baumwolle 3% Elasthan &#8211;Farbe&#8211;: grau, t\u00fcrkis, &#8211;Motiv&#8211;: Eichh\u00f6rnchen &#8211;Alle &hellip; <a href=\"https:\/\/www.regionalis.shop\/makis-kleine-welt\/shop\/stirnband-ku-48-50cm-haarband-eichhoernchen\/\">Continued<\/a><\/p>\n","protected":false},"featured_media":1197,"template":"","meta":{"_acf_changed":false},"product_brand":[],"product_cat":[38,47],"product_tag":[],"class_list":{"0":"post-1196","1":"product","2":"type-product","3":"status-publish","4":"has-post-thumbnail","6":"product_cat-baby-kinder","7":"product_cat-hauben-muetzen","9":"first","10":"instock","11":"purchasable","12":"product-type-simple"},"acf":[],"_links":{"self":[{"href":"https:\/\/www.regionalis.shop\/makis-kleine-welt\/wp-json\/wp\/v2\/product\/1196","targetHints":{"allow":["GET"]}}],"collection":[{"href":"https:\/\/www.regionalis.shop\/makis-kleine-welt\/wp-json\/wp\/v2\/product"}],"about":[{"href":"https:\/\/www.regionalis.shop\/makis-kleine-welt\/wp-json\/wp\/v2\/types\/product"}],"wp:featuredmedia":[{"embeddable":true,"href":"https:\/\/www.regionalis.shop\/makis-kleine-welt\/wp-json\/wp\/v2\/media\/1197"}],"wp:attachment":[{"href":"https:\/\/www.regionalis.shop\/makis-kleine-welt\/wp-json\/wp\/v2\/media?parent=1196"}],"wp:term":[{"taxonomy":"product_brand","embeddable":true,"href":"https:\/\/www.regionalis.shop\/makis-kleine-welt\/wp-json\/wp\/v2\/product_brand?post=1196"},{"taxonomy":"product_cat","embeddable":true,"href":"https:\/\/www.regionalis.shop\/makis-kleine-welt\/wp-json\/wp\/v2\/product_cat?post=1196"},{"taxonomy":"product_tag","embeddable":true,"href":"https:\/\/www.regionalis.shop\/makis-kleine-welt\/wp-json\/wp\/v2\/product_tag?post=1196"}],"curies":[{"name":"wp","href":"https:\/\/api.w.org\/{rel}","templated":true}]}}