{"id":1204,"date":"2025-04-17T23:13:28","date_gmt":"2025-04-17T21:13:28","guid":{"rendered":"https:\/\/www.regionalis.shop\/makis-kleine-welt\/product\/dreieckstuch-halstuch-ab-15-jahre-baer\/"},"modified":"2025-04-17T23:13:28","modified_gmt":"2025-04-17T21:13:28","slug":"dreieckstuch-halstuch-ab-15-jahre-baer","status":"publish","type":"product","link":"https:\/\/www.regionalis.shop\/makis-kleine-welt\/shop\/dreieckstuch-halstuch-ab-15-jahre-baer\/","title":{"rendered":"Dreieckstuch, Halstuch ab 1,5 Jahre B\u00e4r"},"content":{"rendered":"<p>Das XXL Dreieckshalstuch ist ab 1,5 Jahre tragbar.<br \/>\nDas Halstuch ist Doppelseitig gen\u00e4ht und ein B\u00e4r mit Schleife ist appliziert.<br \/>\nDie Vorderseite ist aus Jerseystoff ( 97% Baumwolle, 3% Elasthan), die R\u00fcckseite Baumwollstoff mit dem Motiv Dornr\u00f6schen ( 100% Baumwolle )<\/p>\n<p>&#8211;FARBE&#8211;: rosa, t\u00fcrkis, pink<br \/>\n&#8211;MOTIV&#8211;: B\u00e4r mit Schleife<\/p>\n<p>Alle Stoffen werden von mir vor der Verarbeitung mit Sensitivwaschpulver gewaschen und im Trockner angetrockt. Dadurch gibt es bei euch in der W\u00e4sche kein eingehen oder verziehen!<\/p>\n<p>\u2757Das Halstuch kann bei 40\u00b0C Feinw\u00e4sche in der Waschmaschine gewaschen werden.<br \/>\n\u2757Geb\u00fcgelt kann auf Stufe 2 werden.<br \/>\n\u2757NICHT Trockner geeignet \u2757<\/p>\n<p>Alle meine Produkte sind Einzelst\u00fccke,Unikate, und werden kein weiteres Mal so gen\u00e4ht.<\/p>\n","protected":false},"excerpt":{"rendered":"<p>Das XXL Dreieckshalstuch ist ab 1,5 Jahre tragbar. Das Halstuch ist Doppelseitig gen\u00e4ht und ein B\u00e4r mit Schleife ist appliziert. Die Vorderseite ist aus Jerseystoff ( 97% Baumwolle, 3% Elasthan), die R\u00fcckseite Baumwollstoff mit dem Motiv Dornr\u00f6schen ( 100% Baumwolle ) &#8211;FARBE&#8211;: rosa, t\u00fcrkis, pink &#8211;MOTIV&#8211;: B\u00e4r mit Schleife Alle Stoffen werden von mir vor &hellip; <a href=\"https:\/\/www.regionalis.shop\/makis-kleine-welt\/shop\/dreieckstuch-halstuch-ab-15-jahre-baer\/\">Continued<\/a><\/p>\n","protected":false},"featured_media":1205,"template":"","meta":{"_acf_changed":false},"product_brand":[],"product_cat":[107,38],"product_tag":[],"class_list":{"0":"post-1204","1":"product","2":"type-product","3":"status-publish","4":"has-post-thumbnail","6":"product_cat-accessoires-baby-kinder","7":"product_cat-baby-kinder","9":"first","10":"instock","11":"purchasable","12":"product-type-simple"},"acf":[],"_links":{"self":[{"href":"https:\/\/www.regionalis.shop\/makis-kleine-welt\/wp-json\/wp\/v2\/product\/1204","targetHints":{"allow":["GET"]}}],"collection":[{"href":"https:\/\/www.regionalis.shop\/makis-kleine-welt\/wp-json\/wp\/v2\/product"}],"about":[{"href":"https:\/\/www.regionalis.shop\/makis-kleine-welt\/wp-json\/wp\/v2\/types\/product"}],"wp:featuredmedia":[{"embeddable":true,"href":"https:\/\/www.regionalis.shop\/makis-kleine-welt\/wp-json\/wp\/v2\/media\/1205"}],"wp:attachment":[{"href":"https:\/\/www.regionalis.shop\/makis-kleine-welt\/wp-json\/wp\/v2\/media?parent=1204"}],"wp:term":[{"taxonomy":"product_brand","embeddable":true,"href":"https:\/\/www.regionalis.shop\/makis-kleine-welt\/wp-json\/wp\/v2\/product_brand?post=1204"},{"taxonomy":"product_cat","embeddable":true,"href":"https:\/\/www.regionalis.shop\/makis-kleine-welt\/wp-json\/wp\/v2\/product_cat?post=1204"},{"taxonomy":"product_tag","embeddable":true,"href":"https:\/\/www.regionalis.shop\/makis-kleine-welt\/wp-json\/wp\/v2\/product_tag?post=1204"}],"curies":[{"name":"wp","href":"https:\/\/api.w.org\/{rel}","templated":true}]}}