{"id":1057,"date":"2025-04-18T04:42:53","date_gmt":"2025-04-18T02:42:53","guid":{"rendered":"https:\/\/www.regionalis.shop\/manu-koenig-illustration\/product\/portrait-die-wilde-hummel\/"},"modified":"2025-04-18T04:42:53","modified_gmt":"2025-04-18T02:42:53","slug":"portrait-die-wilde-hummel","status":"publish","type":"product","link":"https:\/\/www.regionalis.shop\/manu-koenig-illustration\/shop\/portrait-die-wilde-hummel\/","title":{"rendered":"Portrait &#8211; die wilde Hummel"},"content":{"rendered":"<p>Du suchst noch nach einem Geschenk f\u00fcr Dich selbst oder f\u00fcr liebe Freunde? Dann bist du hier als Fellnasenbesitzer\/in genau richtig. Ich zeichne f\u00fcr dich ein Hundeportrait im Comic-Stil. Ich ben\u00f6tige daf\u00fcr nur ein Foto Deiner Fellnase, am besten eines wo man das Gesicht richtig gut sieht. Sonderw\u00fcnsche wie Hintergrundfarbe, besondere Merkmale erf\u00fclle ich sehr gerne.<\/p>\n<p>Hier siehst du das Portrait von Ellie.<br \/>\nEllie ist eine S\u00fc\u00dfmaus und wahnsinnig gerne gut gekleidet.<br \/>\nDu m\u00f6chtest ein Bild in diesem Stil? Super, dann einfach kaufen und mir das Bild schicken.<\/p>\n<p>Gr\u00f6\u00dfe: 21 x 29,7<br \/>\nIllustration: die wilde Hummel<\/p>\n<p>Du bekommst das Hunde-Portrait innerhalb von zwei Werktagen per Mail in Druckqualit\u00e4t zugesendet. So kannst Du dir das Portraits deines Hundes selbst ausdrucken. <\/p>\n<p>Sonderw\u00fcnsche, wie z.B. Dein Hunde-Portrait als B\u00fcgelbild oder auf einem Fr\u00fchst\u00fccksbrettchen erf\u00fclle ich Dir gern. Schreib mich einfach per Mail an: kontakt@manukoenig.at<\/p>\n","protected":false},"excerpt":{"rendered":"<p>Du suchst noch nach einem Geschenk f\u00fcr Dich selbst oder f\u00fcr liebe Freunde? Dann bist du hier als Fellnasenbesitzer\/in genau richtig. Ich zeichne f\u00fcr dich ein Hundeportrait im Comic-Stil. Ich ben\u00f6tige daf\u00fcr nur ein Foto Deiner Fellnase, am besten eines wo man das Gesicht richtig gut sieht. Sonderw\u00fcnsche wie Hintergrundfarbe, besondere Merkmale erf\u00fclle ich sehr &hellip; <a href=\"https:\/\/www.regionalis.shop\/manu-koenig-illustration\/shop\/portrait-die-wilde-hummel\/\">Continued<\/a><\/p>\n","protected":false},"featured_media":1058,"template":"","meta":{"_acf_changed":false},"product_brand":[],"product_cat":[147,54],"product_tag":[],"class_list":{"0":"post-1057","1":"product","2":"type-product","3":"status-publish","4":"has-post-thumbnail","6":"product_cat-illustrationen","7":"product_cat-kunst-fotografie","9":"first","10":"instock","11":"purchasable","12":"product-type-simple"},"acf":[],"_links":{"self":[{"href":"https:\/\/www.regionalis.shop\/manu-koenig-illustration\/wp-json\/wp\/v2\/product\/1057","targetHints":{"allow":["GET"]}}],"collection":[{"href":"https:\/\/www.regionalis.shop\/manu-koenig-illustration\/wp-json\/wp\/v2\/product"}],"about":[{"href":"https:\/\/www.regionalis.shop\/manu-koenig-illustration\/wp-json\/wp\/v2\/types\/product"}],"wp:featuredmedia":[{"embeddable":true,"href":"https:\/\/www.regionalis.shop\/manu-koenig-illustration\/wp-json\/wp\/v2\/media\/1058"}],"wp:attachment":[{"href":"https:\/\/www.regionalis.shop\/manu-koenig-illustration\/wp-json\/wp\/v2\/media?parent=1057"}],"wp:term":[{"taxonomy":"product_brand","embeddable":true,"href":"https:\/\/www.regionalis.shop\/manu-koenig-illustration\/wp-json\/wp\/v2\/product_brand?post=1057"},{"taxonomy":"product_cat","embeddable":true,"href":"https:\/\/www.regionalis.shop\/manu-koenig-illustration\/wp-json\/wp\/v2\/product_cat?post=1057"},{"taxonomy":"product_tag","embeddable":true,"href":"https:\/\/www.regionalis.shop\/manu-koenig-illustration\/wp-json\/wp\/v2\/product_tag?post=1057"}],"curies":[{"name":"wp","href":"https:\/\/api.w.org\/{rel}","templated":true}]}}