{"id":1065,"date":"2025-04-18T00:08:01","date_gmt":"2025-04-17T22:08:01","guid":{"rendered":"https:\/\/www.regionalis.shop\/manu-koenig-illustration\/product\/weihnachtliche-fenstermalvorlagen\/"},"modified":"2025-04-18T00:08:01","modified_gmt":"2025-04-17T22:08:01","slug":"weihnachtliche-fenstermalvorlagen","status":"publish","type":"product","link":"https:\/\/www.regionalis.shop\/manu-koenig-illustration\/shop\/weihnachtliche-fenstermalvorlagen\/","title":{"rendered":"Weihnachtliche Fenstermalvorlagen"},"content":{"rendered":"<p>Ich habe in den letzten Tagen meine Ausmalbilder zu Fenstermalvorlagen umgewandelt.<br \/>\nUnd was soll ich sagen: Verdammt, macht das Spass. Ich habe die Bilder einfach gehalten, damit auch Kinder mitzeichnen k\u00f6nnen. Ich habe extra ein Bild mit Mustern dazugeben, die kannst du vergr\u00f6ssern, verkleinern und jedes Element einsetzen, wo und wie du es m\u00f6chtest. Damit kannst du dir deine ganz eigenen Lebkuchenh\u00e4user und Lebkuchen gestalten. Alle Motive sind von mir handgezeichnet.<br \/>\nAus Platzgr\u00fcnden kann ich hier nicht alle 16 Bilder zeigen, aber ihr k\u00f6nnt gerne auf meinem Instagramprofil manukoenig_illustration oder auf meiner Homepage www.manukoenig.at alle ansehen.<\/p>\n<p>Hier findest du 16 Fenstermalvorlagen in den Ma\u00dfen A1, A2, A3 und A4. <\/p>\n<p>F\u00fcr die Bilder ben\u00f6tigst du:<br \/>\nA1: 8 Blatt Papier<\/p>\n<p>A2: 4 Bl\u00e4tter<\/p>\n<p>A3: 2 Blatt Papier<\/p>\n<p>A4: 1 Blatt Papier<\/p>\n<p>Damit du weisst wie gross die Bilder sind, liste ich sie dir hier extra auf.<\/p>\n<p>1) Weihnachtskugel mit Vogel A1: 84,1 cm x 59,4cm<\/p>\n<p>2) Dalepferd A3: 42cm x 29,7cm<\/p>\n<p>3) Fuchsliebe A3: 42cm x 29,7cm<\/p>\n<p>4-7) Lebkuchenh\u00e4user A2: 42cm x 59,4cm<\/p>\n<p>8-11) Christbaumkugeln A3: 42cm x 29,7cm<\/p>\n<p>12-16) Lebkuchen und Ornamente A4: 21cm x 29,7cm<\/p>\n<p>Du brauchst daf\u00fcr einen Drucker, Papier im A4 Format, eine Schere und Klebeband. Du erh\u00e4ltst von mir mehrere Druckdateien. F\u00fcr die Fenstermalvorlage die Dateien einfach ausdrucken, an der Linie entlang schneiden, zusammenkleben (wie bei einem Schnittmuster), au\u00dfen ans Fenster kleben und innen mit einem Kreidemarker nachzeichnen.<br \/>\nNach Bestellung und Zahlungseingang bekommst du von mir die Druckdaten als PDF-Datei per Mail zugeschickt.<br \/>\nSolltest du keinen Drucker zuhause haben, kannst du die Fenstermalvorlage nat\u00fcrlich auch in einem Copyshop ausdrucken lassen.<\/p>\n<p>WICHTIG: Du bekommst die Bilder nur f\u00fcr den Privatgebrauch. Sie d\u00fcrfen nicht verfielf\u00e4ltigt, ver\u00e4ndert oder gewerblich genutzt werden. Das Urheberrecht aller Motive liegt bei Manu K\u00f6nig Illustration. Du erh\u00e4ltst das Nutzungsrecht ausschlie\u00dflich f\u00fcr den Privatgebrauch. Digitale Poster\/Produkte sind von der R\u00fcckgabe ausgeschlossen.<\/p>\n","protected":false},"excerpt":{"rendered":"<p>Ich habe in den letzten Tagen meine Ausmalbilder zu Fenstermalvorlagen umgewandelt. Und was soll ich sagen: Verdammt, macht das Spass. Ich habe die Bilder einfach gehalten, damit auch Kinder mitzeichnen k\u00f6nnen. Ich habe extra ein Bild mit Mustern dazugeben, die kannst du vergr\u00f6ssern, verkleinern und jedes Element einsetzen, wo und wie du es m\u00f6chtest. Damit &hellip; <a href=\"https:\/\/www.regionalis.shop\/manu-koenig-illustration\/shop\/weihnachtliche-fenstermalvorlagen\/\">Continued<\/a><\/p>\n","protected":false},"featured_media":1066,"template":"","meta":{"_acf_changed":false},"product_brand":[],"product_cat":[173,103],"product_tag":[],"class_list":{"0":"post-1065","1":"product","2":"type-product","3":"status-publish","4":"has-post-thumbnail","6":"product_cat-weihnachten","7":"product_cat-wohnen-deko","9":"first","10":"instock","11":"purchasable","12":"product-type-simple"},"acf":[],"_links":{"self":[{"href":"https:\/\/www.regionalis.shop\/manu-koenig-illustration\/wp-json\/wp\/v2\/product\/1065","targetHints":{"allow":["GET"]}}],"collection":[{"href":"https:\/\/www.regionalis.shop\/manu-koenig-illustration\/wp-json\/wp\/v2\/product"}],"about":[{"href":"https:\/\/www.regionalis.shop\/manu-koenig-illustration\/wp-json\/wp\/v2\/types\/product"}],"wp:featuredmedia":[{"embeddable":true,"href":"https:\/\/www.regionalis.shop\/manu-koenig-illustration\/wp-json\/wp\/v2\/media\/1066"}],"wp:attachment":[{"href":"https:\/\/www.regionalis.shop\/manu-koenig-illustration\/wp-json\/wp\/v2\/media?parent=1065"}],"wp:term":[{"taxonomy":"product_brand","embeddable":true,"href":"https:\/\/www.regionalis.shop\/manu-koenig-illustration\/wp-json\/wp\/v2\/product_brand?post=1065"},{"taxonomy":"product_cat","embeddable":true,"href":"https:\/\/www.regionalis.shop\/manu-koenig-illustration\/wp-json\/wp\/v2\/product_cat?post=1065"},{"taxonomy":"product_tag","embeddable":true,"href":"https:\/\/www.regionalis.shop\/manu-koenig-illustration\/wp-json\/wp\/v2\/product_tag?post=1065"}],"curies":[{"name":"wp","href":"https:\/\/api.w.org\/{rel}","templated":true}]}}