{"id":1079,"date":"2025-04-17T23:55:03","date_gmt":"2025-04-17T21:55:03","guid":{"rendered":"https:\/\/www.regionalis.shop\/manu-koenig-illustration\/product\/frohe-weihnachten-tischset-1\/"},"modified":"2025-04-17T23:55:03","modified_gmt":"2025-04-17T21:55:03","slug":"frohe-weihnachten-tischset-1","status":"publish","type":"product","link":"https:\/\/www.regionalis.shop\/manu-koenig-illustration\/shop\/frohe-weihnachten-tischset-1\/","title":{"rendered":"Frohe Weihnachten Tischset 1"},"content":{"rendered":"<p>Ich habe vor 3 Jahren begonnen, mir eigene Tischsets f\u00fcr Weihnachten zu zeichnen. Mein Sohn liebt es die Tischkarten zu falten, bei der Men\u00fcauswahl zu helfen und den Tisch feierlich zu schm\u00fccken. Dabei f\u00e4llt mir ein, ich glaube er braucht einen neuen Anzug, den schick machen m\u00fcssen wir uns auch f\u00fcr ihn und den Weihnachtsbaum.<\/p>\n<p>Hier bekommt ihr eines meiner Lieblingssets, es besteht aus der Men\u00fckarte und Platzkarten. <\/p>\n<p>Wenn ihr die Karten zuhause druckt, achtet darauf das beim Drucker A4 eingestellt ist, auf keinen Fall randlos drucken sonst passen die Markierungen nicht mehr.<br \/>\nDie Men\u00fckarte musst du nur in der Mitte falten und dann innen selber das Men\u00fc eintragen.<br \/>\nAuf dem Platzkartenset findest du 4 Karten die du nur ausschneiden und falten musst.<\/p>\n<p>Illustration: Weihnachtlicher Tisch Set 1<br \/>\nMa\u00dfe: 21 cm x 29,7 cm <\/p>\n<p>Nach Bestellung und Zahlungseingang bekommst du von mir die Druckdaten als PDF-Datei (300dpi) per Mail zugeschickt oder bei mehreren K\u00e4ufen als Download-Link und du kannst dir die Sets ausdrucken und zwar, so oft du sie brauchst.<br \/>\nSolltest du keinen Drucker zuhause haben, kannst du die Illustration nat\u00fcrlich auch in einem Copyshop ausdrucken lassen.<\/p>\n<p>WICHTIG: Du bekommst die Sets nur f\u00fcr den Privatgebrauch. Es darf nicht verfielf\u00e4ltigt, ver\u00e4ndert oder gewerblich genutzt werden. Das Urheberrecht aller Motive liegt bei Manu K\u00f6nig Illustration. Du erh\u00e4ltst das Nutzungsfrecht ausschlie\u00dflich f\u00fcr den Privatgebrauch. Digitale Poster\/Produkte sind von der R\u00fcckgabe ausgeschlossen.<\/p>\n<p>Farben k\u00f6nnen je nach Bildschirm bzw. Bildschirmeinstellung variieren.<\/p>\n","protected":false},"excerpt":{"rendered":"<p>Ich habe vor 3 Jahren begonnen, mir eigene Tischsets f\u00fcr Weihnachten zu zeichnen. Mein Sohn liebt es die Tischkarten zu falten, bei der Men\u00fcauswahl zu helfen und den Tisch feierlich zu schm\u00fccken. Dabei f\u00e4llt mir ein, ich glaube er braucht einen neuen Anzug, den schick machen m\u00fcssen wir uns auch f\u00fcr ihn und den Weihnachtsbaum. &hellip; <a href=\"https:\/\/www.regionalis.shop\/manu-koenig-illustration\/shop\/frohe-weihnachten-tischset-1\/\">Continued<\/a><\/p>\n","protected":false},"featured_media":1080,"template":"","meta":{"_acf_changed":false},"product_brand":[],"product_cat":[173,103],"product_tag":[],"class_list":{"0":"post-1079","1":"product","2":"type-product","3":"status-publish","4":"has-post-thumbnail","6":"product_cat-weihnachten","7":"product_cat-wohnen-deko","9":"first","10":"instock","11":"purchasable","12":"product-type-simple"},"acf":[],"_links":{"self":[{"href":"https:\/\/www.regionalis.shop\/manu-koenig-illustration\/wp-json\/wp\/v2\/product\/1079","targetHints":{"allow":["GET"]}}],"collection":[{"href":"https:\/\/www.regionalis.shop\/manu-koenig-illustration\/wp-json\/wp\/v2\/product"}],"about":[{"href":"https:\/\/www.regionalis.shop\/manu-koenig-illustration\/wp-json\/wp\/v2\/types\/product"}],"wp:featuredmedia":[{"embeddable":true,"href":"https:\/\/www.regionalis.shop\/manu-koenig-illustration\/wp-json\/wp\/v2\/media\/1080"}],"wp:attachment":[{"href":"https:\/\/www.regionalis.shop\/manu-koenig-illustration\/wp-json\/wp\/v2\/media?parent=1079"}],"wp:term":[{"taxonomy":"product_brand","embeddable":true,"href":"https:\/\/www.regionalis.shop\/manu-koenig-illustration\/wp-json\/wp\/v2\/product_brand?post=1079"},{"taxonomy":"product_cat","embeddable":true,"href":"https:\/\/www.regionalis.shop\/manu-koenig-illustration\/wp-json\/wp\/v2\/product_cat?post=1079"},{"taxonomy":"product_tag","embeddable":true,"href":"https:\/\/www.regionalis.shop\/manu-koenig-illustration\/wp-json\/wp\/v2\/product_tag?post=1079"}],"curies":[{"name":"wp","href":"https:\/\/api.w.org\/{rel}","templated":true}]}}