{"id":1122,"date":"2025-04-17T23:43:54","date_gmt":"2025-04-17T21:43:54","guid":{"rendered":"https:\/\/www.regionalis.shop\/manu-koenig-illustration\/product\/untersetzer-horoskop-skorpion\/"},"modified":"2025-04-17T23:43:54","modified_gmt":"2025-04-17T21:43:54","slug":"untersetzer-horoskop-skorpion","status":"publish","type":"product","link":"https:\/\/www.regionalis.shop\/manu-koenig-illustration\/shop\/untersetzer-horoskop-skorpion\/","title":{"rendered":"Untersetzer &#8211; Horoskop Skorpion"},"content":{"rendered":"<p>Praktischer kleiner Untersetzer f\u00fcr den Alltag.<\/p>\n<p>Illustration: Skorpion<br \/>\nMa\u00dfe: 9,5 cm x 9,5 cm<\/p>\n<p>Material: HPL (High Pressure Laminate)<\/p>\n<p>Der Untersetzer ist lebensmittelgerecht (ISEGA-gepr\u00fcft), hitzebest\u00e4ndig bis 150 Grad, sp\u00fclmaschinengeeignet, geschmacks- und geruchsneutral, abrieb- und s\u00e4urefest und auch weitgehend schnittfest, sehr scharfe Messer k\u00f6nnen allerdings Spuren hinterlassen.<\/p>\n<p>Wenn du mehrere Untersetzer mit dem gleichen Motiv ben\u00f6tigst, meld dich vorab per Mail bei mir, dann kann ich dir ein individuelles Angebot zukommen lassen.<\/p>\n<p>Farben k\u00f6nnen je nach Bildschirm bzw. Bildschirmeinstellung variieren.<\/p>\n","protected":false},"excerpt":{"rendered":"<p>Praktischer kleiner Untersetzer f\u00fcr den Alltag. Illustration: Skorpion Ma\u00dfe: 9,5 cm x 9,5 cm Material: HPL (High Pressure Laminate) Der Untersetzer ist lebensmittelgerecht (ISEGA-gepr\u00fcft), hitzebest\u00e4ndig bis 150 Grad, sp\u00fclmaschinengeeignet, geschmacks- und geruchsneutral, abrieb- und s\u00e4urefest und auch weitgehend schnittfest, sehr scharfe Messer k\u00f6nnen allerdings Spuren hinterlassen. Wenn du mehrere Untersetzer mit dem gleichen Motiv ben\u00f6tigst, &hellip; <a href=\"https:\/\/www.regionalis.shop\/manu-koenig-illustration\/shop\/untersetzer-horoskop-skorpion\/\">Continued<\/a><\/p>\n","protected":false},"featured_media":1123,"template":"","meta":{"_acf_changed":false},"product_brand":[],"product_cat":[127,103],"product_tag":[],"class_list":{"0":"post-1122","1":"product","2":"type-product","3":"status-publish","4":"has-post-thumbnail","6":"product_cat-essen-trinken","7":"product_cat-wohnen-deko","9":"first","10":"instock","11":"purchasable","12":"product-type-simple"},"acf":[],"_links":{"self":[{"href":"https:\/\/www.regionalis.shop\/manu-koenig-illustration\/wp-json\/wp\/v2\/product\/1122","targetHints":{"allow":["GET"]}}],"collection":[{"href":"https:\/\/www.regionalis.shop\/manu-koenig-illustration\/wp-json\/wp\/v2\/product"}],"about":[{"href":"https:\/\/www.regionalis.shop\/manu-koenig-illustration\/wp-json\/wp\/v2\/types\/product"}],"wp:featuredmedia":[{"embeddable":true,"href":"https:\/\/www.regionalis.shop\/manu-koenig-illustration\/wp-json\/wp\/v2\/media\/1123"}],"wp:attachment":[{"href":"https:\/\/www.regionalis.shop\/manu-koenig-illustration\/wp-json\/wp\/v2\/media?parent=1122"}],"wp:term":[{"taxonomy":"product_brand","embeddable":true,"href":"https:\/\/www.regionalis.shop\/manu-koenig-illustration\/wp-json\/wp\/v2\/product_brand?post=1122"},{"taxonomy":"product_cat","embeddable":true,"href":"https:\/\/www.regionalis.shop\/manu-koenig-illustration\/wp-json\/wp\/v2\/product_cat?post=1122"},{"taxonomy":"product_tag","embeddable":true,"href":"https:\/\/www.regionalis.shop\/manu-koenig-illustration\/wp-json\/wp\/v2\/product_tag?post=1122"}],"curies":[{"name":"wp","href":"https:\/\/api.w.org\/{rel}","templated":true}]}}