{"id":1128,"date":"2025-04-17T23:43:54","date_gmt":"2025-04-17T21:43:54","guid":{"rendered":"https:\/\/www.regionalis.shop\/manu-koenig-illustration\/product\/fruehstuecksbrettchen-personalisiert\/"},"modified":"2025-04-17T23:43:54","modified_gmt":"2025-04-17T21:43:54","slug":"fruehstuecksbrettchen-personalisiert","status":"publish","type":"product","link":"https:\/\/www.regionalis.shop\/manu-koenig-illustration\/shop\/fruehstuecksbrettchen-personalisiert\/","title":{"rendered":"Fr\u00fchst\u00fccksbrettchen &#8211; Personalisiert"},"content":{"rendered":"<p>Du brauchst ein Geschenk? Etwas individuelles und farbenfrohes?<br \/>\nDann bist du hier richtig. Sag mir einfach was auf das Fr\u00fchst\u00fccksbrettchen rauf soll und ich mach das f\u00fcr dich. <\/p>\n<p>Illustration: auf Wunsch (nur bereits bestehende Motive aus meinem Shop. Schreib mir auf jeden Fall eine Mail, ich habe viele Illustrationen auf meinem Computer. Vielleicht ist ja was passendes f\u00fcr dich dabei)<br \/>\nMa\u00dfe: 23,3 cm x 14,3 cm<\/p>\n<p>Das Fr\u00fchst\u00fccksbrettchen ist lebensmittelgerecht (ISEGA-gepr\u00fcft), hitzebest\u00e4ndig bis 150 Grad, sp\u00fclmaschinengeeignet, geschmacks- und geruchsneutral, abrieb- und s\u00e4urefest und auch weitgehend schnittfest, sehr scharfe Messer k\u00f6nnen allerdings Spuren hinterlassen.<\/p>\n<p>Wenn du mehrere Brettchen mit dem gleichen Motiv ben\u00f6tigst, meld dich vorab per Mail bei mir, dann kann ich dir ein individuelles Angebot zukommen lassen.<\/p>\n","protected":false},"excerpt":{"rendered":"<p>Du brauchst ein Geschenk? Etwas individuelles und farbenfrohes? Dann bist du hier richtig. Sag mir einfach was auf das Fr\u00fchst\u00fccksbrettchen rauf soll und ich mach das f\u00fcr dich. Illustration: auf Wunsch (nur bereits bestehende Motive aus meinem Shop. Schreib mir auf jeden Fall eine Mail, ich habe viele Illustrationen auf meinem Computer. Vielleicht ist ja &hellip; <a href=\"https:\/\/www.regionalis.shop\/manu-koenig-illustration\/shop\/fruehstuecksbrettchen-personalisiert\/\">Continued<\/a><\/p>\n","protected":false},"featured_media":1129,"template":"","meta":{"_acf_changed":false},"product_brand":[],"product_cat":[127,103],"product_tag":[],"class_list":{"0":"post-1128","1":"product","2":"type-product","3":"status-publish","4":"has-post-thumbnail","6":"product_cat-essen-trinken","7":"product_cat-wohnen-deko","9":"first","10":"instock","11":"purchasable","12":"product-type-simple"},"acf":[],"_links":{"self":[{"href":"https:\/\/www.regionalis.shop\/manu-koenig-illustration\/wp-json\/wp\/v2\/product\/1128","targetHints":{"allow":["GET"]}}],"collection":[{"href":"https:\/\/www.regionalis.shop\/manu-koenig-illustration\/wp-json\/wp\/v2\/product"}],"about":[{"href":"https:\/\/www.regionalis.shop\/manu-koenig-illustration\/wp-json\/wp\/v2\/types\/product"}],"wp:featuredmedia":[{"embeddable":true,"href":"https:\/\/www.regionalis.shop\/manu-koenig-illustration\/wp-json\/wp\/v2\/media\/1129"}],"wp:attachment":[{"href":"https:\/\/www.regionalis.shop\/manu-koenig-illustration\/wp-json\/wp\/v2\/media?parent=1128"}],"wp:term":[{"taxonomy":"product_brand","embeddable":true,"href":"https:\/\/www.regionalis.shop\/manu-koenig-illustration\/wp-json\/wp\/v2\/product_brand?post=1128"},{"taxonomy":"product_cat","embeddable":true,"href":"https:\/\/www.regionalis.shop\/manu-koenig-illustration\/wp-json\/wp\/v2\/product_cat?post=1128"},{"taxonomy":"product_tag","embeddable":true,"href":"https:\/\/www.regionalis.shop\/manu-koenig-illustration\/wp-json\/wp\/v2\/product_tag?post=1128"}],"curies":[{"name":"wp","href":"https:\/\/api.w.org\/{rel}","templated":true}]}}