{"id":1138,"date":"2025-04-17T23:43:36","date_gmt":"2025-04-17T21:43:36","guid":{"rendered":"https:\/\/www.regionalis.shop\/manu-koenig-illustration\/product\/fruehstuecksbrettchen-musterliebe\/"},"modified":"2025-04-17T23:43:36","modified_gmt":"2025-04-17T21:43:36","slug":"fruehstuecksbrettchen-musterliebe","status":"publish","type":"product","link":"https:\/\/www.regionalis.shop\/manu-koenig-illustration\/shop\/fruehstuecksbrettchen-musterliebe\/","title":{"rendered":"Fr\u00fchst\u00fccksbrettchen &#8211; Musterliebe"},"content":{"rendered":"<p>Zauberhaftes Fr\u00fchst\u00fccksbrettchen mit dem Motiv Musterliebe.<\/p>\n<p>Illustration: Musterliebe<br \/>\nMa\u00dfe: 23,3cm x 14,3cm<\/p>\n<p>Material: HPL (High Pressure Laminate)<\/p>\n<p>Der Brettchen ist lebensmittelgerecht (ISEGA-gepr\u00fcft), hitzebest\u00e4ndig bis 150 Grad, sp\u00fclmaschinengeeignet, geschmacks- und geruchsneutral, abrieb- und s\u00e4urefest und auch weitgehend schnittfest, sehr scharfe Messer k\u00f6nnen allerdings Spuren hinterlassen.<\/p>\n<p>Wenn du mehrere Brettchen mit dem gleichen Motiv ben\u00f6tigst, meld dich vorab per Mail bei mir, dann kann ich dir ein individuelles Angebot zukommen lassen.<\/p>\n<p>Farben k\u00f6nnen je nach Bildschirm bzw. Bildschirmeinstellung variieren.<\/p>\n","protected":false},"excerpt":{"rendered":"<p>Zauberhaftes Fr\u00fchst\u00fccksbrettchen mit dem Motiv Musterliebe. Illustration: Musterliebe Ma\u00dfe: 23,3cm x 14,3cm Material: HPL (High Pressure Laminate) Der Brettchen ist lebensmittelgerecht (ISEGA-gepr\u00fcft), hitzebest\u00e4ndig bis 150 Grad, sp\u00fclmaschinengeeignet, geschmacks- und geruchsneutral, abrieb- und s\u00e4urefest und auch weitgehend schnittfest, sehr scharfe Messer k\u00f6nnen allerdings Spuren hinterlassen. Wenn du mehrere Brettchen mit dem gleichen Motiv ben\u00f6tigst, meld dich &hellip; <a href=\"https:\/\/www.regionalis.shop\/manu-koenig-illustration\/shop\/fruehstuecksbrettchen-musterliebe\/\">Continued<\/a><\/p>\n","protected":false},"featured_media":1139,"template":"","meta":{"_acf_changed":false},"product_brand":[],"product_cat":[127,103],"product_tag":[],"class_list":{"0":"post-1138","1":"product","2":"type-product","3":"status-publish","4":"has-post-thumbnail","6":"product_cat-essen-trinken","7":"product_cat-wohnen-deko","9":"first","10":"instock","11":"purchasable","12":"product-type-simple"},"acf":[],"_links":{"self":[{"href":"https:\/\/www.regionalis.shop\/manu-koenig-illustration\/wp-json\/wp\/v2\/product\/1138","targetHints":{"allow":["GET"]}}],"collection":[{"href":"https:\/\/www.regionalis.shop\/manu-koenig-illustration\/wp-json\/wp\/v2\/product"}],"about":[{"href":"https:\/\/www.regionalis.shop\/manu-koenig-illustration\/wp-json\/wp\/v2\/types\/product"}],"wp:featuredmedia":[{"embeddable":true,"href":"https:\/\/www.regionalis.shop\/manu-koenig-illustration\/wp-json\/wp\/v2\/media\/1139"}],"wp:attachment":[{"href":"https:\/\/www.regionalis.shop\/manu-koenig-illustration\/wp-json\/wp\/v2\/media?parent=1138"}],"wp:term":[{"taxonomy":"product_brand","embeddable":true,"href":"https:\/\/www.regionalis.shop\/manu-koenig-illustration\/wp-json\/wp\/v2\/product_brand?post=1138"},{"taxonomy":"product_cat","embeddable":true,"href":"https:\/\/www.regionalis.shop\/manu-koenig-illustration\/wp-json\/wp\/v2\/product_cat?post=1138"},{"taxonomy":"product_tag","embeddable":true,"href":"https:\/\/www.regionalis.shop\/manu-koenig-illustration\/wp-json\/wp\/v2\/product_tag?post=1138"}],"curies":[{"name":"wp","href":"https:\/\/api.w.org\/{rel}","templated":true}]}}