{"id":1143,"date":"2025-04-17T23:43:07","date_gmt":"2025-04-17T21:43:07","guid":{"rendered":"https:\/\/www.regionalis.shop\/manu-koenig-illustration\/product\/das-hochrad\/"},"modified":"2025-04-17T23:43:07","modified_gmt":"2025-04-17T21:43:07","slug":"das-hochrad","status":"publish","type":"product","link":"https:\/\/www.regionalis.shop\/manu-koenig-illustration\/shop\/das-hochrad\/","title":{"rendered":"Das Hochrad"},"content":{"rendered":"<p>Lustige Illustration, Vogel Isidor auf einem Hochrad.<br \/>\nDie Idee zu dem Bild kam mir, als mein Sohn das erste Mal mit dem Fahrrad fuhr und er hin und weg war vor Freude.<\/p>\n<p>Illustration: Das Hochrad(Print \/ 300dpi \/ 250g\/m)<br \/>\nMa\u00dfe: A4 (21 x 29,7 )<\/p>\n<p>Nach Bestellung und Zahlungseingang wird dein Paket an dich versendet.<br \/>\nDer Rahmen ist nicht im Preis inbegriffen.<\/p>\n<p>WICHTIG: Du bekommst das Bild nur f\u00fcr den Privatgebrauch. Es darf nicht verfielf\u00e4ltigt, ver\u00e4ndert oder gewerblich genutzt werden. Das Urheberrecht aller Motive liegt bei Manu K\u00f6nig Illustration. Du erh\u00e4ltst das Nutzungsrecht ausschlie\u00dflich f\u00fcr den Privatgebrauch. Digitale Poster\/Produkte sind von der R\u00fcckgabe ausgeschlossen.<\/p>\n<p>Farben k\u00f6nnen je nach Bildschirm bzw. Bildschirmeinstellung variieren.<\/p>\n","protected":false},"excerpt":{"rendered":"<p>Lustige Illustration, Vogel Isidor auf einem Hochrad. Die Idee zu dem Bild kam mir, als mein Sohn das erste Mal mit dem Fahrrad fuhr und er hin und weg war vor Freude. Illustration: Das Hochrad(Print \/ 300dpi \/ 250g\/m) Ma\u00dfe: A4 (21 x 29,7 ) Nach Bestellung und Zahlungseingang wird dein Paket an dich versendet. &hellip; <a href=\"https:\/\/www.regionalis.shop\/manu-koenig-illustration\/shop\/das-hochrad\/\">Continued<\/a><\/p>\n","protected":false},"featured_media":1144,"template":"","meta":{"_acf_changed":false},"product_brand":[],"product_cat":[147,54],"product_tag":[],"class_list":{"0":"post-1143","1":"product","2":"type-product","3":"status-publish","4":"has-post-thumbnail","6":"product_cat-illustrationen","7":"product_cat-kunst-fotografie","9":"first","10":"instock","11":"purchasable","12":"product-type-simple"},"acf":[],"_links":{"self":[{"href":"https:\/\/www.regionalis.shop\/manu-koenig-illustration\/wp-json\/wp\/v2\/product\/1143","targetHints":{"allow":["GET"]}}],"collection":[{"href":"https:\/\/www.regionalis.shop\/manu-koenig-illustration\/wp-json\/wp\/v2\/product"}],"about":[{"href":"https:\/\/www.regionalis.shop\/manu-koenig-illustration\/wp-json\/wp\/v2\/types\/product"}],"wp:featuredmedia":[{"embeddable":true,"href":"https:\/\/www.regionalis.shop\/manu-koenig-illustration\/wp-json\/wp\/v2\/media\/1144"}],"wp:attachment":[{"href":"https:\/\/www.regionalis.shop\/manu-koenig-illustration\/wp-json\/wp\/v2\/media?parent=1143"}],"wp:term":[{"taxonomy":"product_brand","embeddable":true,"href":"https:\/\/www.regionalis.shop\/manu-koenig-illustration\/wp-json\/wp\/v2\/product_brand?post=1143"},{"taxonomy":"product_cat","embeddable":true,"href":"https:\/\/www.regionalis.shop\/manu-koenig-illustration\/wp-json\/wp\/v2\/product_cat?post=1143"},{"taxonomy":"product_tag","embeddable":true,"href":"https:\/\/www.regionalis.shop\/manu-koenig-illustration\/wp-json\/wp\/v2\/product_tag?post=1143"}],"curies":[{"name":"wp","href":"https:\/\/api.w.org\/{rel}","templated":true}]}}