{"id":1145,"date":"2025-04-17T23:43:07","date_gmt":"2025-04-17T21:43:07","guid":{"rendered":"https:\/\/www.regionalis.shop\/manu-koenig-illustration\/product\/geschenkanhaenger-weihnachten\/"},"modified":"2025-04-17T23:43:07","modified_gmt":"2025-04-17T21:43:07","slug":"geschenkanhaenger-weihnachten","status":"publish","type":"product","link":"https:\/\/www.regionalis.shop\/manu-koenig-illustration\/shop\/geschenkanhaenger-weihnachten\/","title":{"rendered":"Geschenkanh\u00e4nger Weihnachten"},"content":{"rendered":"<p>Noch zweimal schlafen und schon ist Weihnachten. Zumindest f\u00fchlt es sich so an.<\/p>\n<p>Hier findest du ein zauberhaftes Anh\u00e4nger Set f\u00fcr Weihnachten.<\/p>\n<p>Illustration:  5 verschiedene Motive wie abgebildet<br \/>\nMa\u00dfe: 8,5 x 5,5<\/p>\n<p>Farben k\u00f6nnen je nach Bildschirm bzw. Bildschirmeinstellung variieren.<\/p>\n","protected":false},"excerpt":{"rendered":"<p>Noch zweimal schlafen und schon ist Weihnachten. Zumindest f\u00fchlt es sich so an. Hier findest du ein zauberhaftes Anh\u00e4nger Set f\u00fcr Weihnachten. Illustration: 5 verschiedene Motive wie abgebildet Ma\u00dfe: 8,5 x 5,5 Farben k\u00f6nnen je nach Bildschirm bzw. Bildschirmeinstellung variieren.<\/p>\n","protected":false},"featured_media":1146,"template":"","meta":{"_acf_changed":false},"product_brand":[],"product_cat":[62,101],"product_tag":[],"class_list":{"0":"post-1145","1":"product","2":"type-product","3":"status-publish","4":"has-post-thumbnail","6":"product_cat-papeterie-schreibwaren","7":"product_cat-weihnachtskarten","9":"first","10":"instock","11":"purchasable","12":"product-type-simple"},"acf":[],"_links":{"self":[{"href":"https:\/\/www.regionalis.shop\/manu-koenig-illustration\/wp-json\/wp\/v2\/product\/1145","targetHints":{"allow":["GET"]}}],"collection":[{"href":"https:\/\/www.regionalis.shop\/manu-koenig-illustration\/wp-json\/wp\/v2\/product"}],"about":[{"href":"https:\/\/www.regionalis.shop\/manu-koenig-illustration\/wp-json\/wp\/v2\/types\/product"}],"wp:featuredmedia":[{"embeddable":true,"href":"https:\/\/www.regionalis.shop\/manu-koenig-illustration\/wp-json\/wp\/v2\/media\/1146"}],"wp:attachment":[{"href":"https:\/\/www.regionalis.shop\/manu-koenig-illustration\/wp-json\/wp\/v2\/media?parent=1145"}],"wp:term":[{"taxonomy":"product_brand","embeddable":true,"href":"https:\/\/www.regionalis.shop\/manu-koenig-illustration\/wp-json\/wp\/v2\/product_brand?post=1145"},{"taxonomy":"product_cat","embeddable":true,"href":"https:\/\/www.regionalis.shop\/manu-koenig-illustration\/wp-json\/wp\/v2\/product_cat?post=1145"},{"taxonomy":"product_tag","embeddable":true,"href":"https:\/\/www.regionalis.shop\/manu-koenig-illustration\/wp-json\/wp\/v2\/product_tag?post=1145"}],"curies":[{"name":"wp","href":"https:\/\/api.w.org\/{rel}","templated":true}]}}