{"id":1155,"date":"2025-04-17T23:41:55","date_gmt":"2025-04-17T21:41:55","guid":{"rendered":"https:\/\/www.regionalis.shop\/manu-koenig-illustration\/product\/weihnachtskarten-set-1\/"},"modified":"2025-04-17T23:41:55","modified_gmt":"2025-04-17T21:41:55","slug":"weihnachtskarten-set-1","status":"publish","type":"product","link":"https:\/\/www.regionalis.shop\/manu-koenig-illustration\/shop\/weihnachtskarten-set-1\/","title":{"rendered":"Weihnachtskarten Set 1"},"content":{"rendered":"<p>Verspieltes, buntes Weihnachtskarten Set mit den Motiven:<\/p>\n<p>1) Corgi Weihnachtskugel<\/p>\n<p>2) Weihnachtssocke<\/p>\n<p>3) Lebkuchenjunge<\/p>\n<p>4) Lebkuchenhaus<\/p>\n<p>5) Weihnachtsfeier<\/p>\n<p>Die Karten wurden der Umwelt zuliebe auf Recycling Papier gedruckt.<\/p>\n<p>Illustration: Verschiedene Motive (wie abgebildet auf den Fotos)<br \/>\nMa\u00dfe: A6 (10,5 cm x 14,8 cm)<br \/>\nPapier: 300 g\/m\u00b2 Recycling wei\u00df (nicht reinwei\u00df)<\/p>\n<p>Farben k\u00f6nnen je nach Bildschirm bzw. Bildschirmeinstellung variieren.<\/p>\n","protected":false},"excerpt":{"rendered":"<p>Verspieltes, buntes Weihnachtskarten Set mit den Motiven: 1) Corgi Weihnachtskugel 2) Weihnachtssocke 3) Lebkuchenjunge 4) Lebkuchenhaus 5) Weihnachtsfeier Die Karten wurden der Umwelt zuliebe auf Recycling Papier gedruckt. Illustration: Verschiedene Motive (wie abgebildet auf den Fotos) Ma\u00dfe: A6 (10,5 cm x 14,8 cm) Papier: 300 g\/m\u00b2 Recycling wei\u00df (nicht reinwei\u00df) Farben k\u00f6nnen je nach Bildschirm &hellip; <a href=\"https:\/\/www.regionalis.shop\/manu-koenig-illustration\/shop\/weihnachtskarten-set-1\/\">Continued<\/a><\/p>\n","protected":false},"featured_media":1156,"template":"","meta":{"_acf_changed":false},"product_brand":[],"product_cat":[62,101],"product_tag":[],"class_list":{"0":"post-1155","1":"product","2":"type-product","3":"status-publish","4":"has-post-thumbnail","6":"product_cat-papeterie-schreibwaren","7":"product_cat-weihnachtskarten","9":"first","10":"instock","11":"purchasable","12":"product-type-simple"},"acf":[],"_links":{"self":[{"href":"https:\/\/www.regionalis.shop\/manu-koenig-illustration\/wp-json\/wp\/v2\/product\/1155","targetHints":{"allow":["GET"]}}],"collection":[{"href":"https:\/\/www.regionalis.shop\/manu-koenig-illustration\/wp-json\/wp\/v2\/product"}],"about":[{"href":"https:\/\/www.regionalis.shop\/manu-koenig-illustration\/wp-json\/wp\/v2\/types\/product"}],"wp:featuredmedia":[{"embeddable":true,"href":"https:\/\/www.regionalis.shop\/manu-koenig-illustration\/wp-json\/wp\/v2\/media\/1156"}],"wp:attachment":[{"href":"https:\/\/www.regionalis.shop\/manu-koenig-illustration\/wp-json\/wp\/v2\/media?parent=1155"}],"wp:term":[{"taxonomy":"product_brand","embeddable":true,"href":"https:\/\/www.regionalis.shop\/manu-koenig-illustration\/wp-json\/wp\/v2\/product_brand?post=1155"},{"taxonomy":"product_cat","embeddable":true,"href":"https:\/\/www.regionalis.shop\/manu-koenig-illustration\/wp-json\/wp\/v2\/product_cat?post=1155"},{"taxonomy":"product_tag","embeddable":true,"href":"https:\/\/www.regionalis.shop\/manu-koenig-illustration\/wp-json\/wp\/v2\/product_tag?post=1155"}],"curies":[{"name":"wp","href":"https:\/\/api.w.org\/{rel}","templated":true}]}}