{"id":1168,"date":"2025-04-17T23:41:35","date_gmt":"2025-04-17T21:41:35","guid":{"rendered":"https:\/\/www.regionalis.shop\/manu-koenig-illustration\/product\/bluemchen-fuer-dich-postkarte\/"},"modified":"2025-04-17T23:41:35","modified_gmt":"2025-04-17T21:41:35","slug":"bluemchen-fuer-dich-postkarte","status":"publish","type":"product","link":"https:\/\/www.regionalis.shop\/manu-koenig-illustration\/shop\/bluemchen-fuer-dich-postkarte\/","title":{"rendered":"Bl\u00fcmchen f\u00fcr dich! Postkarte"},"content":{"rendered":"<p>Ich glaube, es wird noch eine ganze Weile dauern, bis sich alles wieder normalisiert und wir wieder ein halbwegs normales Leben f\u00fchren k\u00f6nnen. <\/p>\n<p>Du vermisst deine beste Freundin weil sie weiter entfernt wohnt? Du hast deine Oma seit Monaten nicht gesehen weil sie im Ausland wohnt? Du m\u00f6chtest jemanden aufmuntern? Aus diesem Grund, habe ich ein paar Karten entworfen, die ihr bei mir bestellen k\u00f6nnt und ich versende sie gleich f\u00fcr euch.<br \/>\nDenn seien wir ehrlich, bis auf Prospekte und Rechnungen findet man selten etwas positives im Briefkasten.<\/p>\n<p>Den Text f\u00fcr die Karten l\u00e4sst du mir einfach per Mail zukommen, den Rest erledige ich f\u00fcr dich.<\/p>\n<p>Und ja, nat\u00fcrlich, kann ich dir die Karte auch zuschicken. Du schreibst und verschickst die Karte dann einfach selber.<\/p>\n<p>Illustration: Du kannst das (Print \/ 300dpi \/ 300g\/m)<br \/>\nMa\u00dfe: A6 (10,5 x 14,8) <\/p>\n<p>Nach Bestellung und Zahlungseingang wird deine Karte an dich versendet.<\/p>\n<p>WICHTIG:  Das Urheberrecht aller Motive liegt bei Manu K\u00f6nig Illustration. Du erh\u00e4ltst das Nutzungsrecht ausschlie\u00dflich f\u00fcr den Privatgebrauch. Digitale Poster\/Produkte sind von der R\u00fcckgabe ausgeschlossen.<\/p>\n<p>Farben k\u00f6nnen je nach Bildschirm bzw. Bildschirmeinstellung variieren.<\/p>\n","protected":false},"excerpt":{"rendered":"<p>Ich glaube, es wird noch eine ganze Weile dauern, bis sich alles wieder normalisiert und wir wieder ein halbwegs normales Leben f\u00fchren k\u00f6nnen. Du vermisst deine beste Freundin weil sie weiter entfernt wohnt? Du hast deine Oma seit Monaten nicht gesehen weil sie im Ausland wohnt? Du m\u00f6chtest jemanden aufmuntern? Aus diesem Grund, habe ich &hellip; <a href=\"https:\/\/www.regionalis.shop\/manu-koenig-illustration\/shop\/bluemchen-fuer-dich-postkarte\/\">Continued<\/a><\/p>\n","protected":false},"featured_media":1169,"template":"","meta":{"_acf_changed":false},"product_brand":[],"product_cat":[134,62],"product_tag":[],"class_list":{"0":"post-1168","1":"product","2":"type-product","3":"status-publish","4":"has-post-thumbnail","6":"product_cat-geschenk-gruskarten","7":"product_cat-papeterie-schreibwaren","9":"first","10":"instock","11":"purchasable","12":"product-type-simple"},"acf":[],"_links":{"self":[{"href":"https:\/\/www.regionalis.shop\/manu-koenig-illustration\/wp-json\/wp\/v2\/product\/1168","targetHints":{"allow":["GET"]}}],"collection":[{"href":"https:\/\/www.regionalis.shop\/manu-koenig-illustration\/wp-json\/wp\/v2\/product"}],"about":[{"href":"https:\/\/www.regionalis.shop\/manu-koenig-illustration\/wp-json\/wp\/v2\/types\/product"}],"wp:featuredmedia":[{"embeddable":true,"href":"https:\/\/www.regionalis.shop\/manu-koenig-illustration\/wp-json\/wp\/v2\/media\/1169"}],"wp:attachment":[{"href":"https:\/\/www.regionalis.shop\/manu-koenig-illustration\/wp-json\/wp\/v2\/media?parent=1168"}],"wp:term":[{"taxonomy":"product_brand","embeddable":true,"href":"https:\/\/www.regionalis.shop\/manu-koenig-illustration\/wp-json\/wp\/v2\/product_brand?post=1168"},{"taxonomy":"product_cat","embeddable":true,"href":"https:\/\/www.regionalis.shop\/manu-koenig-illustration\/wp-json\/wp\/v2\/product_cat?post=1168"},{"taxonomy":"product_tag","embeddable":true,"href":"https:\/\/www.regionalis.shop\/manu-koenig-illustration\/wp-json\/wp\/v2\/product_tag?post=1168"}],"curies":[{"name":"wp","href":"https:\/\/api.w.org\/{rel}","templated":true}]}}