{"id":1042,"date":"2025-10-23T16:14:07","date_gmt":"2025-10-23T14:14:07","guid":{"rendered":"https:\/\/www.regionalis.shop\/mariamart\/?page_id=1042"},"modified":"2025-10-23T16:16:34","modified_gmt":"2025-10-23T14:16:34","slug":"impressum","status":"publish","type":"page","link":"https:\/\/www.regionalis.shop\/mariamart\/impressum\/","title":{"rendered":"Impressum"},"content":{"rendered":"<section>\n            <p class=\"text-align-center\"><!--block-->Cloisonn\u00e9-Emaille-Schmuck entsteht in sorgf\u00e4ltiger Handarbeit vom ersten bis zum letzten Arbeitsschritt. Feinsilberdraht wird auf einer Silberplatte arrangiert und mit Emaille ausgef\u00fcllt; erg\u00e4nzt durch Elemente aus Feingold und Kupfer entstehen kunstvolle Kompositionen, die schlie\u00dflich in Silber oder Gold gefasst und oft mit Edelsteinen veredelt werden. Auf diese Weise entstehen einzigartige Schmuckst\u00fccke, F\u00fcllfederhalter, Zifferbl\u00e4tter und besondere Kunstobjekte.<br \/>\nIn meinen Arbeiten verbinde ich traditionelle Techniken mit modernem Design \u2013 meisterhaft ausgef\u00fchrte Cloisonn\u00e9-Emaille-Kreationen, die Kunst, Handwerk und Geschichte miteinander verschmelzen.<\/p>\n\n    <\/section>","protected":false},"excerpt":{"rendered":"","protected":false},"author":1,"featured_media":0,"parent":0,"menu_order":0,"comment_status":"closed","ping_status":"closed","template":"","meta":{"_acf_changed":false,"footnotes":""},"class_list":["post-1042","page","type-page","status-publish","hentry"],"acf":[],"_links":{"self":[{"href":"https:\/\/www.regionalis.shop\/mariamart\/wp-json\/wp\/v2\/pages\/1042","targetHints":{"allow":["GET"]}}],"collection":[{"href":"https:\/\/www.regionalis.shop\/mariamart\/wp-json\/wp\/v2\/pages"}],"about":[{"href":"https:\/\/www.regionalis.shop\/mariamart\/wp-json\/wp\/v2\/types\/page"}],"author":[{"embeddable":true,"href":"https:\/\/www.regionalis.shop\/mariamart\/wp-json\/wp\/v2\/users\/1"}],"replies":[{"embeddable":true,"href":"https:\/\/www.regionalis.shop\/mariamart\/wp-json\/wp\/v2\/comments?post=1042"}],"version-history":[{"count":2,"href":"https:\/\/www.regionalis.shop\/mariamart\/wp-json\/wp\/v2\/pages\/1042\/revisions"}],"predecessor-version":[{"id":1044,"href":"https:\/\/www.regionalis.shop\/mariamart\/wp-json\/wp\/v2\/pages\/1042\/revisions\/1044"}],"wp:attachment":[{"href":"https:\/\/www.regionalis.shop\/mariamart\/wp-json\/wp\/v2\/media?parent=1042"}],"curies":[{"name":"wp","href":"https:\/\/api.w.org\/{rel}","templated":true}]}}