{"id":1057,"date":"2025-04-28T04:14:00","date_gmt":"2025-04-28T02:14:00","guid":{"rendered":"https:\/\/www.regionalis.shop\/mariamart\/product\/ring-blaetter-von-cloisonne-enamel-handarbeitunikat\/"},"modified":"2025-10-30T13:49:57","modified_gmt":"2025-10-30T12:49:57","slug":"ring-blaetter-von-cloisonne-enamel-handarbeitunikat","status":"publish","type":"product","link":"https:\/\/www.regionalis.shop\/mariamart\/shop\/ring-blaetter-von-cloisonne-enamel-handarbeitunikat\/","title":{"rendered":"Ring &#8222;Bl\u00e4tter&#8220; von Cloisonne Enamel, Handarbeit,Unikat"},"content":{"rendered":"<p>-Ring &#8222;Bl\u00e4tter&#8220;<br \/>\n-Breite:1.4<br \/>\n-Material: 999er-Silber<br \/>\n-Feinsilber,Email<br \/>\n-Gr\u00f6\u00dfe :18\/18,5<br \/>\n-Handarbeit<br \/>\n-Unikat<\/p>\n<p>&nbsp;<\/p>\n<p>&nbsp;<\/p>\n<p>Der Cloisonn\u00e9 Emaille Ring &#8222;Blaue Bl\u00e4tter&#8220; ist ein faszinierendes Schmuckst\u00fcck, das die Sch\u00f6nheit der Natur in Form von blauen Bl\u00e4ttern einf\u00e4ngt. Der Ring ist handgefertigt und mit kunstvoll gestaltetem Cloisonn\u00e9 Emaille verziert, das die Form und Details von Bl\u00e4ttern in einer lebendigen blauen Farbe zeigt.<br \/>\nDie blauen Bl\u00e4tter symbolisieren Ruhe, Frieden und Harmonie und verleihen dem Anh\u00e4nger eine besondere Ausstrahlung.<br \/>\nTragen Sie dieses faszinierende Schmuckst\u00fcck als t\u00e4gliches Accessoire oder zur Erg\u00e4nzung Ihres Outfits bei besonderen Anl\u00e4ssen. Ein Symbol f\u00fcr die Sch\u00f6nheit der Natur, das Ihre Pers\u00f6nlichkeit und Ihren individuellen Stil unterstreicht. Ein einzigartiges Schmuckst\u00fcck, das Sie mit seinem kunstvollen Design und seiner tieferen Bedeutung begeistern wird.<\/p>\n","protected":false},"excerpt":{"rendered":"<p>-Ring &#8222;Bl\u00e4tter&#8220; -Breite:1.4 -Material: 999er-Silber -Feinsilber,Email -Gr\u00f6\u00dfe :18\/18,5 -Handarbeit -Unikat &nbsp; &nbsp; Der Cloisonn\u00e9 Emaille Ring &#8222;Blaue Bl\u00e4tter&#8220; ist ein faszinierendes Schmuckst\u00fcck, das die Sch\u00f6nheit der Natur in Form von blauen Bl\u00e4ttern einf\u00e4ngt. Der Ring ist handgefertigt und mit kunstvoll gestaltetem Cloisonn\u00e9 Emaille verziert, das die Form und Details von Bl\u00e4ttern in einer lebendigen blauen &hellip; <a href=\"https:\/\/www.regionalis.shop\/mariamart\/shop\/ring-blaetter-von-cloisonne-enamel-handarbeitunikat\/\">Continued<\/a><\/p>\n","protected":false},"featured_media":1058,"template":"","meta":{"_acf_changed":false},"product_brand":[],"product_cat":[165,70],"product_tag":[],"class_list":{"0":"post-1057","1":"product","2":"type-product","3":"status-publish","4":"has-post-thumbnail","6":"product_cat-ringe","7":"product_cat-schmuck","9":"first","10":"instock","11":"purchasable","12":"product-type-simple"},"acf":[],"_links":{"self":[{"href":"https:\/\/www.regionalis.shop\/mariamart\/wp-json\/wp\/v2\/product\/1057","targetHints":{"allow":["GET"]}}],"collection":[{"href":"https:\/\/www.regionalis.shop\/mariamart\/wp-json\/wp\/v2\/product"}],"about":[{"href":"https:\/\/www.regionalis.shop\/mariamart\/wp-json\/wp\/v2\/types\/product"}],"wp:featuredmedia":[{"embeddable":true,"href":"https:\/\/www.regionalis.shop\/mariamart\/wp-json\/wp\/v2\/media\/1058"}],"wp:attachment":[{"href":"https:\/\/www.regionalis.shop\/mariamart\/wp-json\/wp\/v2\/media?parent=1057"}],"wp:term":[{"taxonomy":"product_brand","embeddable":true,"href":"https:\/\/www.regionalis.shop\/mariamart\/wp-json\/wp\/v2\/product_brand?post=1057"},{"taxonomy":"product_cat","embeddable":true,"href":"https:\/\/www.regionalis.shop\/mariamart\/wp-json\/wp\/v2\/product_cat?post=1057"},{"taxonomy":"product_tag","embeddable":true,"href":"https:\/\/www.regionalis.shop\/mariamart\/wp-json\/wp\/v2\/product_tag?post=1057"}],"curies":[{"name":"wp","href":"https:\/\/api.w.org\/{rel}","templated":true}]}}