{"id":1061,"date":"2025-04-28T03:55:48","date_gmt":"2025-04-28T01:55:48","guid":{"rendered":"https:\/\/www.regionalis.shop\/mariamart\/product\/ring-blumen-von-cloisonne-enamel-handarbeit-unikat\/"},"modified":"2025-10-30T13:51:05","modified_gmt":"2025-10-30T12:51:05","slug":"ring-blumen-von-cloisonne-enamel-handarbeit-unikat","status":"publish","type":"product","link":"https:\/\/www.regionalis.shop\/mariamart\/shop\/ring-blumen-von-cloisonne-enamel-handarbeit-unikat\/","title":{"rendered":"Ring &#8222;Blumen&#8220; von Cloisonne Enamel, Handarbeit, Unikat"},"content":{"rendered":"<p>-Ring &#8222;Blumen&#8220;&#8220;<br \/>\n-Breite:3,8\/3,8cm<br \/>\n-Material: 999er-Silber<br \/>\n-Feinsilber,Email<br \/>\n-Gr\u00f6\u00dfe : 15.5\/16<br \/>\n-Handarbeit<br \/>\n-Unikat<\/p>\n<p>Der Cloisonn\u00e9 Emaille Ring &#8222;Blumen&#8220; ist ein zauberhaftes Schmuckst\u00fcck mit kunstvoll gestalteten Blumenmotiven. Die Cloisonn\u00e9 Emaille-Technik erm\u00f6glicht es, lebendige Farben und feine Details in das Design einzuarbeiten. Der Ring kann verschiedene Blumenmotive aufweisen, von zarten Rosen bis hin zu exotischen Bl\u00fcten. Dieser Ring ist perfekt f\u00fcr Frauen, die die Sch\u00f6nheit der Natur lieben und gerne florale Designs tragen. Tragen Sie diesen Ring als Blickfang, um Ihrem Outfit eine verspielte und feminine Note zu verleihen. Ein Cloisonn\u00e9 Emaille Ring mit Blumenmotiven ist ein zeitloses und elegantes Accessoire, das sicherlich bewundernde Blicke auf sich ziehen wird.<\/p>\n<p>&nbsp;<\/p>\n","protected":false},"excerpt":{"rendered":"<p>-Ring &#8222;Blumen&#8220;&#8220; -Breite:3,8\/3,8cm -Material: 999er-Silber -Feinsilber,Email -Gr\u00f6\u00dfe : 15.5\/16 -Handarbeit -Unikat Der Cloisonn\u00e9 Emaille Ring &#8222;Blumen&#8220; ist ein zauberhaftes Schmuckst\u00fcck mit kunstvoll gestalteten Blumenmotiven. Die Cloisonn\u00e9 Emaille-Technik erm\u00f6glicht es, lebendige Farben und feine Details in das Design einzuarbeiten. Der Ring kann verschiedene Blumenmotive aufweisen, von zarten Rosen bis hin zu exotischen Bl\u00fcten. Dieser Ring ist &hellip; <a href=\"https:\/\/www.regionalis.shop\/mariamart\/shop\/ring-blumen-von-cloisonne-enamel-handarbeit-unikat\/\">Continued<\/a><\/p>\n","protected":false},"featured_media":1062,"template":"","meta":{"_acf_changed":false},"product_brand":[],"product_cat":[165,70],"product_tag":[],"class_list":{"0":"post-1061","1":"product","2":"type-product","3":"status-publish","4":"has-post-thumbnail","6":"product_cat-ringe","7":"product_cat-schmuck","9":"first","10":"instock","11":"purchasable","12":"product-type-simple"},"acf":[],"_links":{"self":[{"href":"https:\/\/www.regionalis.shop\/mariamart\/wp-json\/wp\/v2\/product\/1061","targetHints":{"allow":["GET"]}}],"collection":[{"href":"https:\/\/www.regionalis.shop\/mariamart\/wp-json\/wp\/v2\/product"}],"about":[{"href":"https:\/\/www.regionalis.shop\/mariamart\/wp-json\/wp\/v2\/types\/product"}],"wp:featuredmedia":[{"embeddable":true,"href":"https:\/\/www.regionalis.shop\/mariamart\/wp-json\/wp\/v2\/media\/1062"}],"wp:attachment":[{"href":"https:\/\/www.regionalis.shop\/mariamart\/wp-json\/wp\/v2\/media?parent=1061"}],"wp:term":[{"taxonomy":"product_brand","embeddable":true,"href":"https:\/\/www.regionalis.shop\/mariamart\/wp-json\/wp\/v2\/product_brand?post=1061"},{"taxonomy":"product_cat","embeddable":true,"href":"https:\/\/www.regionalis.shop\/mariamart\/wp-json\/wp\/v2\/product_cat?post=1061"},{"taxonomy":"product_tag","embeddable":true,"href":"https:\/\/www.regionalis.shop\/mariamart\/wp-json\/wp\/v2\/product_tag?post=1061"}],"curies":[{"name":"wp","href":"https:\/\/api.w.org\/{rel}","templated":true}]}}