{"id":1072,"date":"2025-04-28T03:51:39","date_gmt":"2025-04-28T01:51:39","guid":{"rendered":"https:\/\/www.regionalis.shop\/mariamart\/product\/armband-von-cloisonne-enamel-handarbeit-unikat\/"},"modified":"2025-04-28T03:51:39","modified_gmt":"2025-04-28T01:51:39","slug":"armband-von-cloisonne-enamel-handarbeit-unikat","status":"publish","type":"product","link":"https:\/\/www.regionalis.shop\/mariamart\/shop\/armband-von-cloisonne-enamel-handarbeit-unikat\/","title":{"rendered":"Armband  von Cloisonne Enamel, Handarbeit, Unikat"},"content":{"rendered":"<p>-Das  Armband f\u00fcr M\u00e4nner<br \/>\n-Gesamtl\u00e4nge: 21cm<br \/>\n-Breite: 2,0cm<br \/>\n-Material 999er\/925er Silber<br \/>\n-Blattsilber,Feinsilber,Email<br \/>\n-Handarbeit ,Unikat<\/p>\n<p>Mariamart bietet eine exklusive handgefertigte Cloisonn\u00e9-Emaille Schmuck. Cloisonn\u00e9-Emaille ist eine uralte Metallarbeiten-Technik , die Verwendung von kleinen, Edelmetall-Flaments und buntes Glas Emaille eine geniale Kunstwerk macht. Der Schmuck wird handgefertigt und exklusive. Georgische Cloisonn\u00e9 Emaille ist nicht nur Schmuck, sondern jedes Element ist einfach ein St\u00fcck tragbare Kunst.<\/p>\n","protected":false},"excerpt":{"rendered":"<p>-Das Armband f\u00fcr M\u00e4nner -Gesamtl\u00e4nge: 21cm -Breite: 2,0cm -Material 999er\/925er Silber -Blattsilber,Feinsilber,Email -Handarbeit ,Unikat Mariamart bietet eine exklusive handgefertigte Cloisonn\u00e9-Emaille Schmuck. Cloisonn\u00e9-Emaille ist eine uralte Metallarbeiten-Technik , die Verwendung von kleinen, Edelmetall-Flaments und buntes Glas Emaille eine geniale Kunstwerk macht. Der Schmuck wird handgefertigt und exklusive. Georgische Cloisonn\u00e9 Emaille ist nicht nur Schmuck, sondern jedes &hellip; <a href=\"https:\/\/www.regionalis.shop\/mariamart\/shop\/armband-von-cloisonne-enamel-handarbeit-unikat\/\">Continued<\/a><\/p>\n","protected":false},"featured_media":1073,"template":"","meta":{"_acf_changed":false},"product_brand":[],"product_cat":[110,70],"product_tag":[],"class_list":{"0":"post-1072","1":"product","2":"type-product","3":"status-publish","4":"has-post-thumbnail","6":"product_cat-armbaender","7":"product_cat-schmuck","9":"first","10":"instock","11":"purchasable","12":"product-type-simple"},"acf":[],"_links":{"self":[{"href":"https:\/\/www.regionalis.shop\/mariamart\/wp-json\/wp\/v2\/product\/1072","targetHints":{"allow":["GET"]}}],"collection":[{"href":"https:\/\/www.regionalis.shop\/mariamart\/wp-json\/wp\/v2\/product"}],"about":[{"href":"https:\/\/www.regionalis.shop\/mariamart\/wp-json\/wp\/v2\/types\/product"}],"wp:featuredmedia":[{"embeddable":true,"href":"https:\/\/www.regionalis.shop\/mariamart\/wp-json\/wp\/v2\/media\/1073"}],"wp:attachment":[{"href":"https:\/\/www.regionalis.shop\/mariamart\/wp-json\/wp\/v2\/media?parent=1072"}],"wp:term":[{"taxonomy":"product_brand","embeddable":true,"href":"https:\/\/www.regionalis.shop\/mariamart\/wp-json\/wp\/v2\/product_brand?post=1072"},{"taxonomy":"product_cat","embeddable":true,"href":"https:\/\/www.regionalis.shop\/mariamart\/wp-json\/wp\/v2\/product_cat?post=1072"},{"taxonomy":"product_tag","embeddable":true,"href":"https:\/\/www.regionalis.shop\/mariamart\/wp-json\/wp\/v2\/product_tag?post=1072"}],"curies":[{"name":"wp","href":"https:\/\/api.w.org\/{rel}","templated":true}]}}