{"id":1075,"date":"2025-04-28T03:51:39","date_gmt":"2025-04-28T01:51:39","guid":{"rendered":"https:\/\/www.regionalis.shop\/mariamart\/product\/ring-von-cloisonne-enamel-handarbeit-unikatsilber-925-3\/"},"modified":"2025-04-28T03:51:39","modified_gmt":"2025-04-28T01:51:39","slug":"ring-von-cloisonne-enamel-handarbeit-unikatsilber-925-3","status":"publish","type":"product","link":"https:\/\/www.regionalis.shop\/mariamart\/shop\/ring-von-cloisonne-enamel-handarbeit-unikatsilber-925-3\/","title":{"rendered":"Ring  von Cloisonne Enamel, Handarbeit, Unikat,Silber\/-925"},"content":{"rendered":"<p>-Der Ring f\u00fcr M\u00e4nner<br \/>\n-Breite: 3,0\/1,5<br \/>\n-Material 999er, 925er  Silber<br \/>\n-Email, Blattsilber<br \/>\n-Kupfer,Feinsilber<br \/>\n-Gr\u00f6\u00dfe: 23<br \/>\n-Handarbeit ,Unikat<\/p>\n<p>Mariamart bietet eine exklusive handgefertigte Cloisonn\u00e9-Emaille Schmuck. Cloisonn\u00e9-Emaille ist eine uralte Metallarbeiten-Technik , die Verwendung von kleinen, Edelmetall-Flaments und buntes Glas Emaille eine geniale Kunstwerk macht. Der Schmuck wird handgefertigt und exklusive. Georgische Cloisonn\u00e9 Emaille ist nicht nur Schmuck, sondern jedes Element ist einfach ein St\u00fcck tragbare Kunst.<\/p>\n","protected":false},"excerpt":{"rendered":"<p>-Der Ring f\u00fcr M\u00e4nner -Breite: 3,0\/1,5 -Material 999er, 925er Silber -Email, Blattsilber -Kupfer,Feinsilber -Gr\u00f6\u00dfe: 23 -Handarbeit ,Unikat Mariamart bietet eine exklusive handgefertigte Cloisonn\u00e9-Emaille Schmuck. Cloisonn\u00e9-Emaille ist eine uralte Metallarbeiten-Technik , die Verwendung von kleinen, Edelmetall-Flaments und buntes Glas Emaille eine geniale Kunstwerk macht. Der Schmuck wird handgefertigt und exklusive. Georgische Cloisonn\u00e9 Emaille ist nicht nur &hellip; <a href=\"https:\/\/www.regionalis.shop\/mariamart\/shop\/ring-von-cloisonne-enamel-handarbeit-unikatsilber-925-3\/\">Continued<\/a><\/p>\n","protected":false},"featured_media":1076,"template":"","meta":{"_acf_changed":false},"product_brand":[],"product_cat":[165,70],"product_tag":[],"class_list":{"0":"post-1075","1":"product","2":"type-product","3":"status-publish","4":"has-post-thumbnail","6":"product_cat-ringe","7":"product_cat-schmuck","9":"first","10":"instock","11":"purchasable","12":"product-type-simple"},"acf":[],"_links":{"self":[{"href":"https:\/\/www.regionalis.shop\/mariamart\/wp-json\/wp\/v2\/product\/1075","targetHints":{"allow":["GET"]}}],"collection":[{"href":"https:\/\/www.regionalis.shop\/mariamart\/wp-json\/wp\/v2\/product"}],"about":[{"href":"https:\/\/www.regionalis.shop\/mariamart\/wp-json\/wp\/v2\/types\/product"}],"wp:featuredmedia":[{"embeddable":true,"href":"https:\/\/www.regionalis.shop\/mariamart\/wp-json\/wp\/v2\/media\/1076"}],"wp:attachment":[{"href":"https:\/\/www.regionalis.shop\/mariamart\/wp-json\/wp\/v2\/media?parent=1075"}],"wp:term":[{"taxonomy":"product_brand","embeddable":true,"href":"https:\/\/www.regionalis.shop\/mariamart\/wp-json\/wp\/v2\/product_brand?post=1075"},{"taxonomy":"product_cat","embeddable":true,"href":"https:\/\/www.regionalis.shop\/mariamart\/wp-json\/wp\/v2\/product_cat?post=1075"},{"taxonomy":"product_tag","embeddable":true,"href":"https:\/\/www.regionalis.shop\/mariamart\/wp-json\/wp\/v2\/product_tag?post=1075"}],"curies":[{"name":"wp","href":"https:\/\/api.w.org\/{rel}","templated":true}]}}