{"id":1077,"date":"2025-04-28T03:50:17","date_gmt":"2025-04-28T01:50:17","guid":{"rendered":"https:\/\/www.regionalis.shop\/mariamart\/product\/ring-von-cloisonne-enamel-handarbeit-unikatsilber-925-2\/"},"modified":"2025-04-28T03:50:17","modified_gmt":"2025-04-28T01:50:17","slug":"ring-von-cloisonne-enamel-handarbeit-unikatsilber-925-2","status":"publish","type":"product","link":"https:\/\/www.regionalis.shop\/mariamart\/shop\/ring-von-cloisonne-enamel-handarbeit-unikatsilber-925-2\/","title":{"rendered":"Ring  von Cloisonne Enamel, Handarbeit, Unikat,Silber\/-925"},"content":{"rendered":"<p>-Ring &#8222;Tag &#038; Nacht&#8220;<br \/>\n-Breite:2.2\/0.8 cm<br \/>\n-Material: 999er-Silber<br \/>\n-Feinsilber,Email<br \/>\n-Gr\u00f6\u00dfe : 20<br \/>\n-Handarbeit<br \/>\n-Unikat<\/p>\n<p>Mariamart bietet eine exklusive handgefertigte Cloisonn\u00e9-Emaille Schmuck. Cloisonn\u00e9-Emaille ist eine uralte Metallarbeiten-Technik , die Verwendung von kleinen, Edelmetall-Flaments und buntes Glas Emaille eine geniale Kunstwerk macht. Der Schmuck wird handgefertigt und exklusive. Georgische Cloisonn\u00e9 Emaille ist nicht nur Schmuck, sondern jedes Element ist einfach ein St\u00fcck tragbare Kunst.<\/p>\n","protected":false},"excerpt":{"rendered":"<p>-Ring &#8222;Tag &#038; Nacht&#8220; -Breite:2.2\/0.8 cm -Material: 999er-Silber -Feinsilber,Email -Gr\u00f6\u00dfe : 20 -Handarbeit -Unikat Mariamart bietet eine exklusive handgefertigte Cloisonn\u00e9-Emaille Schmuck. Cloisonn\u00e9-Emaille ist eine uralte Metallarbeiten-Technik , die Verwendung von kleinen, Edelmetall-Flaments und buntes Glas Emaille eine geniale Kunstwerk macht. Der Schmuck wird handgefertigt und exklusive. Georgische Cloisonn\u00e9 Emaille ist nicht nur Schmuck, sondern jedes &hellip; <a href=\"https:\/\/www.regionalis.shop\/mariamart\/shop\/ring-von-cloisonne-enamel-handarbeit-unikatsilber-925-2\/\">Continued<\/a><\/p>\n","protected":false},"featured_media":1078,"template":"","meta":{"_acf_changed":false},"product_brand":[],"product_cat":[165,70],"product_tag":[],"class_list":{"0":"post-1077","1":"product","2":"type-product","3":"status-publish","4":"has-post-thumbnail","6":"product_cat-ringe","7":"product_cat-schmuck","9":"first","10":"instock","11":"purchasable","12":"product-type-simple"},"acf":[],"_links":{"self":[{"href":"https:\/\/www.regionalis.shop\/mariamart\/wp-json\/wp\/v2\/product\/1077","targetHints":{"allow":["GET"]}}],"collection":[{"href":"https:\/\/www.regionalis.shop\/mariamart\/wp-json\/wp\/v2\/product"}],"about":[{"href":"https:\/\/www.regionalis.shop\/mariamart\/wp-json\/wp\/v2\/types\/product"}],"wp:featuredmedia":[{"embeddable":true,"href":"https:\/\/www.regionalis.shop\/mariamart\/wp-json\/wp\/v2\/media\/1078"}],"wp:attachment":[{"href":"https:\/\/www.regionalis.shop\/mariamart\/wp-json\/wp\/v2\/media?parent=1077"}],"wp:term":[{"taxonomy":"product_brand","embeddable":true,"href":"https:\/\/www.regionalis.shop\/mariamart\/wp-json\/wp\/v2\/product_brand?post=1077"},{"taxonomy":"product_cat","embeddable":true,"href":"https:\/\/www.regionalis.shop\/mariamart\/wp-json\/wp\/v2\/product_cat?post=1077"},{"taxonomy":"product_tag","embeddable":true,"href":"https:\/\/www.regionalis.shop\/mariamart\/wp-json\/wp\/v2\/product_tag?post=1077"}],"curies":[{"name":"wp","href":"https:\/\/api.w.org\/{rel}","templated":true}]}}