{"id":1079,"date":"2025-04-28T03:50:17","date_gmt":"2025-04-28T01:50:17","guid":{"rendered":"https:\/\/www.regionalis.shop\/mariamart\/product\/anhaenger-ohrringe-pfau-von-cloisonne-enamel-handarbeit-unikat\/"},"modified":"2025-10-30T12:56:33","modified_gmt":"2025-10-30T11:56:33","slug":"anhaenger-ohrringe-pfau-von-cloisonne-enamel-handarbeit-unikat","status":"publish","type":"product","link":"https:\/\/www.regionalis.shop\/mariamart\/shop\/anhaenger-ohrringe-pfau-von-cloisonne-enamel-handarbeit-unikat\/","title":{"rendered":"Anh\u00e4nger &#8222;Pfau&#8220; von Cloisonne Enamel, Handarbeit, Unikat"},"content":{"rendered":"<p>-Die Kette &#8222;Pfau&#8220;<br \/>\n-Anh\u00e4nger L\u00e4nge: 48cm<br \/>\n-Breite: 1,6cm<br \/>\n-L\u00e4nger: 5,0cm<br \/>\n-Material: 999er-Silber<br \/>\n-Email,Feinsilber<br \/>\n-Handarbeit ,Unikat<\/p>\n<p>&nbsp;<\/p>\n<p>Ein Cloisonne Emaille handgefertigter Anh\u00e4nger &#8222;Pfau&#8220; mit Halskette ist ein atemberaubendes Schmuckst\u00fcck. Cloisonne Emaille ist eine traditionelle Emailletechnik, bei der Metallkanten verwendet werden, um verschiedene Farben voneinander zu trennen und ein Muster zu bilden. Der Pfau ist ein Symbol f\u00fcr Sch\u00f6nheit, Anmut und Wohlstand, und der Anh\u00e4nger verk\u00f6rpert diese Eigenschaften auf kunstvolle Weise. Mit der dazugeh\u00f6rigen Halskette wird der Anh\u00e4nger stilvoll pr\u00e4sentiert und kann jedes Outfit erg\u00e4nzen. Ein Cloisonne Emaille Anh\u00e4nger &#8222;Pfau&#8220; mit Halskette ist ein faszinierendes Schmuckst\u00fcck, das sowohl eine \u00e4sthetische als auch eine symbolische Bedeutung hat. Es ist ein wahrer Blickfang und ein Ausdruck von Eleganz und Stil.<\/p>\n<p>&nbsp;<\/p>\n<p>&nbsp;<\/p>\n<p>VERPACKUNG<br \/>\n\u2022 Handgefertigter Schmuck wird in einer speziellen Box geliefert;<br \/>\n\u2022 Cloisonn\u00e9-Emaille-Artikel werden so verpackt, dass sie w\u00e4hrend des Transports vor Besch\u00e4digungen gesch\u00fctzt sind.<\/p>\n<p>\u2022Z\u00f6gern Sie nicht, uns f\u00fcr weitere Informationen zu schreiben. Unser Team beantwortet gerne alle Fragen.<\/p>\n","protected":false},"excerpt":{"rendered":"<p>-Die Kette &#8222;Pfau&#8220; -Anh\u00e4nger L\u00e4nge: 48cm -Breite: 1,6cm -L\u00e4nger: 5,0cm -Material: 999er-Silber -Email,Feinsilber -Handarbeit ,Unikat &nbsp; Ein Cloisonne Emaille handgefertigter Anh\u00e4nger &#8222;Pfau&#8220; mit Halskette ist ein atemberaubendes Schmuckst\u00fcck. Cloisonne Emaille ist eine traditionelle Emailletechnik, bei der Metallkanten verwendet werden, um verschiedene Farben voneinander zu trennen und ein Muster zu bilden. Der Pfau ist ein Symbol &hellip; <a href=\"https:\/\/www.regionalis.shop\/mariamart\/shop\/anhaenger-ohrringe-pfau-von-cloisonne-enamel-handarbeit-unikat\/\">Continued<\/a><\/p>\n","protected":false},"featured_media":1178,"template":"","meta":{"_acf_changed":false},"product_brand":[],"product_cat":[108,70,71],"product_tag":[176,178,177],"class_list":{"0":"post-1079","1":"product","2":"type-product","3":"status-publish","4":"has-post-thumbnail","6":"product_cat-anhaenger","7":"product_cat-schmuck","8":"product_cat-schmucksets","9":"product_tag-anhaenger","10":"product_tag-pfau","11":"product_tag-silber","13":"first","14":"instock","15":"purchasable","16":"product-type-simple"},"acf":[],"_links":{"self":[{"href":"https:\/\/www.regionalis.shop\/mariamart\/wp-json\/wp\/v2\/product\/1079","targetHints":{"allow":["GET"]}}],"collection":[{"href":"https:\/\/www.regionalis.shop\/mariamart\/wp-json\/wp\/v2\/product"}],"about":[{"href":"https:\/\/www.regionalis.shop\/mariamart\/wp-json\/wp\/v2\/types\/product"}],"wp:featuredmedia":[{"embeddable":true,"href":"https:\/\/www.regionalis.shop\/mariamart\/wp-json\/wp\/v2\/media\/1178"}],"wp:attachment":[{"href":"https:\/\/www.regionalis.shop\/mariamart\/wp-json\/wp\/v2\/media?parent=1079"}],"wp:term":[{"taxonomy":"product_brand","embeddable":true,"href":"https:\/\/www.regionalis.shop\/mariamart\/wp-json\/wp\/v2\/product_brand?post=1079"},{"taxonomy":"product_cat","embeddable":true,"href":"https:\/\/www.regionalis.shop\/mariamart\/wp-json\/wp\/v2\/product_cat?post=1079"},{"taxonomy":"product_tag","embeddable":true,"href":"https:\/\/www.regionalis.shop\/mariamart\/wp-json\/wp\/v2\/product_tag?post=1079"}],"curies":[{"name":"wp","href":"https:\/\/api.w.org\/{rel}","templated":true}]}}