{"id":1085,"date":"2025-04-28T03:50:17","date_gmt":"2025-04-28T01:50:17","guid":{"rendered":"https:\/\/www.regionalis.shop\/mariamart\/product\/ring-von-cloisonne-enamel-handarbeit-unikatsilber-925\/"},"modified":"2025-10-30T14:03:31","modified_gmt":"2025-10-30T13:03:31","slug":"ring-von-cloisonne-enamel-handarbeit-unikatsilber-925","status":"publish","type":"product","link":"https:\/\/www.regionalis.shop\/mariamart\/shop\/ring-von-cloisonne-enamel-handarbeit-unikatsilber-925\/","title":{"rendered":"Ring  von Cloisonne Enamel, Handarbeit, Unikat,Silber\/-925"},"content":{"rendered":"<p>Ein Cloisonn\u00e9-Emaille-Ring in Blaut\u00f6nen ist ein wundersch\u00f6nes Schmuckst\u00fcck, das f\u00fcr seine kunstvolle Emaille-Arbeit bekannt ist. Cloisonn\u00e9 ist eine Emaille-Technik, bei der d\u00fcnnmetallene Streifen auf eine Unterlage aufgebracht werden, um Abgrenzungen zu schaffen, in die die Emaille eingef\u00fcllt wird. Dieser Prozess erzeugt ein strukturiertes und farbenfrohes Design. Blaue T\u00f6ne verleihen dem Ring eine elegante und zeitlose Ausstrahlung. Es w\u00e4re sicherlich ein beeindruckendes und einzigartiges Schmuckst\u00fcck f\u00fcr jeden, der Stil und Handwerkskunst sch\u00e4tzt.<\/p>\n<p>&nbsp;<\/p>\n<p>www.mariamart.at<\/p>\n<p>VERPACKUNG<br \/>\n\u2022 Handgefertigter Schmuck wird in einer speziellen Box geliefert;<br \/>\n\u2022 Cloisonn\u00e9-Emaille-Artikel werden so verpackt, dass sie w\u00e4hrend des Transports vor Besch\u00e4digungen gesch\u00fctzt sind.<\/p>\n<p>\u2022Z\u00f6gern Sie nicht, uns f\u00fcr weitere Informationen zu schreiben. Unser Team beantwortet gerne alle Fragen.<\/p>\n","protected":false},"excerpt":{"rendered":"<p>-Der Ring<br \/>\n-Breite: 1,8\/2,3 cm<br \/>\n-Material: 999er Silber<br \/>\n-Blattsilber,Email,Feinsilber<br \/>\n-Gr\u00f6\u00df2 18,5<\/p>\n<p>-Handarbeit<br \/>\n-Unikat<\/p>\n","protected":false},"featured_media":1086,"template":"","meta":{"_acf_changed":false},"product_brand":[],"product_cat":[165,70],"product_tag":[],"class_list":{"0":"post-1085","1":"product","2":"type-product","3":"status-publish","4":"has-post-thumbnail","6":"product_cat-ringe","7":"product_cat-schmuck","9":"first","10":"instock","11":"purchasable","12":"product-type-simple"},"acf":[],"_links":{"self":[{"href":"https:\/\/www.regionalis.shop\/mariamart\/wp-json\/wp\/v2\/product\/1085","targetHints":{"allow":["GET"]}}],"collection":[{"href":"https:\/\/www.regionalis.shop\/mariamart\/wp-json\/wp\/v2\/product"}],"about":[{"href":"https:\/\/www.regionalis.shop\/mariamart\/wp-json\/wp\/v2\/types\/product"}],"wp:featuredmedia":[{"embeddable":true,"href":"https:\/\/www.regionalis.shop\/mariamart\/wp-json\/wp\/v2\/media\/1086"}],"wp:attachment":[{"href":"https:\/\/www.regionalis.shop\/mariamart\/wp-json\/wp\/v2\/media?parent=1085"}],"wp:term":[{"taxonomy":"product_brand","embeddable":true,"href":"https:\/\/www.regionalis.shop\/mariamart\/wp-json\/wp\/v2\/product_brand?post=1085"},{"taxonomy":"product_cat","embeddable":true,"href":"https:\/\/www.regionalis.shop\/mariamart\/wp-json\/wp\/v2\/product_cat?post=1085"},{"taxonomy":"product_tag","embeddable":true,"href":"https:\/\/www.regionalis.shop\/mariamart\/wp-json\/wp\/v2\/product_tag?post=1085"}],"curies":[{"name":"wp","href":"https:\/\/api.w.org\/{rel}","templated":true}]}}