{"id":1095,"date":"2025-04-28T03:48:47","date_gmt":"2025-04-28T01:48:47","guid":{"rendered":"https:\/\/www.regionalis.shop\/mariamart\/product\/ohrringe-von-cloisonne-enamel-handarbeit-unikat-2\/"},"modified":"2025-04-28T03:48:47","modified_gmt":"2025-04-28T01:48:47","slug":"ohrringe-von-cloisonne-enamel-handarbeit-unikat-2","status":"publish","type":"product","link":"https:\/\/www.regionalis.shop\/mariamart\/shop\/ohrringe-von-cloisonne-enamel-handarbeit-unikat-2\/","title":{"rendered":"Ohrringe von Cloisonne Enamel, Handarbeit, Unikat"},"content":{"rendered":"<p>-Die  Ohrringe<br \/>\n-Breite:3,0 cm<br \/>\n-L\u00e4nger:6,2cm<br \/>\n-Material 999er,925er  Silber<br \/>\n-Email,Feinsilber, Silberfolie<br \/>\n-Steinart: Charm mit zwei \u00d6sen 9X15 mm<br \/>\n-Handarbeit<br \/>\n-Unikat<\/p>\n<p>Mariamart bietet eine exklusive handgefertigte Cloisonn\u00e9-Emaille Schmuck. Cloisonn\u00e9-Emaille ist eine uralte Metallarbeiten-Technik , die Verwendung von kleinen, Edelmetall-Flaments und buntes Glas Emaille eine geniale Kunstwerk macht. Der Schmuck wird handgefertigt und exklusive. Georgische Cloisonn\u00e9 Emaille ist nicht nur Schmuck, sondern jedes Element ist einfach ein St\u00fcck tragbare Kunst. <\/p>\n<p>Lieferung: Ich biete weltweite Lieferung. Wenn es Zollverfahren f\u00fcr bestimmte L\u00e4nder erforderlich gibt, liegt es an Kunden verantwortlich.<\/p>\n","protected":false},"excerpt":{"rendered":"<p>-Die Ohrringe -Breite:3,0 cm -L\u00e4nger:6,2cm -Material 999er,925er Silber -Email,Feinsilber, Silberfolie -Steinart: Charm mit zwei \u00d6sen 9X15 mm -Handarbeit -Unikat Mariamart bietet eine exklusive handgefertigte Cloisonn\u00e9-Emaille Schmuck. Cloisonn\u00e9-Emaille ist eine uralte Metallarbeiten-Technik , die Verwendung von kleinen, Edelmetall-Flaments und buntes Glas Emaille eine geniale Kunstwerk macht. Der Schmuck wird handgefertigt und exklusive. Georgische Cloisonn\u00e9 Emaille ist &hellip; <a href=\"https:\/\/www.regionalis.shop\/mariamart\/shop\/ohrringe-von-cloisonne-enamel-handarbeit-unikat-2\/\">Continued<\/a><\/p>\n","protected":false},"featured_media":1096,"template":"","meta":{"_acf_changed":false},"product_brand":[],"product_cat":[163,70],"product_tag":[],"class_list":{"0":"post-1095","1":"product","2":"type-product","3":"status-publish","4":"has-post-thumbnail","6":"product_cat-ohrringe","7":"product_cat-schmuck","9":"first","10":"instock","11":"purchasable","12":"product-type-simple"},"acf":[],"_links":{"self":[{"href":"https:\/\/www.regionalis.shop\/mariamart\/wp-json\/wp\/v2\/product\/1095","targetHints":{"allow":["GET"]}}],"collection":[{"href":"https:\/\/www.regionalis.shop\/mariamart\/wp-json\/wp\/v2\/product"}],"about":[{"href":"https:\/\/www.regionalis.shop\/mariamart\/wp-json\/wp\/v2\/types\/product"}],"wp:featuredmedia":[{"embeddable":true,"href":"https:\/\/www.regionalis.shop\/mariamart\/wp-json\/wp\/v2\/media\/1096"}],"wp:attachment":[{"href":"https:\/\/www.regionalis.shop\/mariamart\/wp-json\/wp\/v2\/media?parent=1095"}],"wp:term":[{"taxonomy":"product_brand","embeddable":true,"href":"https:\/\/www.regionalis.shop\/mariamart\/wp-json\/wp\/v2\/product_brand?post=1095"},{"taxonomy":"product_cat","embeddable":true,"href":"https:\/\/www.regionalis.shop\/mariamart\/wp-json\/wp\/v2\/product_cat?post=1095"},{"taxonomy":"product_tag","embeddable":true,"href":"https:\/\/www.regionalis.shop\/mariamart\/wp-json\/wp\/v2\/product_tag?post=1095"}],"curies":[{"name":"wp","href":"https:\/\/api.w.org\/{rel}","templated":true}]}}