{"id":1097,"date":"2025-04-28T03:48:47","date_gmt":"2025-04-28T01:48:47","guid":{"rendered":"https:\/\/www.regionalis.shop\/mariamart\/product\/ohrringe-kette-kreuz-von-cloisonne-enamel-handarbeit-unikat\/"},"modified":"2025-04-28T03:48:47","modified_gmt":"2025-04-28T01:48:47","slug":"ohrringe-kette-kreuz-von-cloisonne-enamel-handarbeit-unikat","status":"publish","type":"product","link":"https:\/\/www.regionalis.shop\/mariamart\/shop\/ohrringe-kette-kreuz-von-cloisonne-enamel-handarbeit-unikat\/","title":{"rendered":"Ohrringe &#038; Kette  Kreuz von Cloisonne Enamel, Handarbeit, Unikat"},"content":{"rendered":"<p>-Halskette Kreuz<br \/>\n-Anh\u00e4nger L\u00e4nge: 54cm<br \/>\n-Breite:2,5cm<br \/>\n-L\u00e4nge: 3,5cm<br \/>\n-Material: 999er Silber, Email<br \/>\n-Feinsilberfolie, Feinsilberstegdraht<br \/>\n-Federringverschluss<\/p>\n<p>-Ohrringe  Kreuz<br \/>\n-Breite:1,4cm<br \/>\n-L\u00e4nge: 4,0cm<br \/>\n-Material: 999er Silber, Email<br \/>\n-Feinsilberfolie, Feinsilberstegdraht<br \/>\n-Handarbeit ,Unikat<\/p>\n<p>Mariamart bietet eine exklusive handgefertigte Cloisonn\u00e9-Emaille Schmuck. Cloisonn\u00e9-Emaille ist eine uralte Metallarbeiten-Technik , die Verwendung von kleinen, Edelmetall-Flaments und buntes Glas Emaille eine geniale Kunstwerk macht. Der Schmuck wird handgefertigt und exklusive. Georgische Cloisonn\u00e9 Emaille ist nicht nur Schmuck, sondern jedes Element ist einfach ein St\u00fcck tragbare Kunst.<\/p>\n","protected":false},"excerpt":{"rendered":"<p>-Halskette Kreuz -Anh\u00e4nger L\u00e4nge: 54cm -Breite:2,5cm -L\u00e4nge: 3,5cm -Material: 999er Silber, Email -Feinsilberfolie, Feinsilberstegdraht -Federringverschluss -Ohrringe Kreuz -Breite:1,4cm -L\u00e4nge: 4,0cm -Material: 999er Silber, Email -Feinsilberfolie, Feinsilberstegdraht -Handarbeit ,Unikat Mariamart bietet eine exklusive handgefertigte Cloisonn\u00e9-Emaille Schmuck. Cloisonn\u00e9-Emaille ist eine uralte Metallarbeiten-Technik , die Verwendung von kleinen, Edelmetall-Flaments und buntes Glas Emaille eine geniale Kunstwerk macht. Der &hellip; <a href=\"https:\/\/www.regionalis.shop\/mariamart\/shop\/ohrringe-kette-kreuz-von-cloisonne-enamel-handarbeit-unikat\/\">Continued<\/a><\/p>\n","protected":false},"featured_media":1098,"template":"","meta":{"_acf_changed":false},"product_brand":[],"product_cat":[70,71],"product_tag":[],"class_list":{"0":"post-1097","1":"product","2":"type-product","3":"status-publish","4":"has-post-thumbnail","6":"product_cat-schmuck","7":"product_cat-schmucksets","9":"first","10":"instock","11":"purchasable","12":"product-type-simple"},"acf":[],"_links":{"self":[{"href":"https:\/\/www.regionalis.shop\/mariamart\/wp-json\/wp\/v2\/product\/1097","targetHints":{"allow":["GET"]}}],"collection":[{"href":"https:\/\/www.regionalis.shop\/mariamart\/wp-json\/wp\/v2\/product"}],"about":[{"href":"https:\/\/www.regionalis.shop\/mariamart\/wp-json\/wp\/v2\/types\/product"}],"wp:featuredmedia":[{"embeddable":true,"href":"https:\/\/www.regionalis.shop\/mariamart\/wp-json\/wp\/v2\/media\/1098"}],"wp:attachment":[{"href":"https:\/\/www.regionalis.shop\/mariamart\/wp-json\/wp\/v2\/media?parent=1097"}],"wp:term":[{"taxonomy":"product_brand","embeddable":true,"href":"https:\/\/www.regionalis.shop\/mariamart\/wp-json\/wp\/v2\/product_brand?post=1097"},{"taxonomy":"product_cat","embeddable":true,"href":"https:\/\/www.regionalis.shop\/mariamart\/wp-json\/wp\/v2\/product_cat?post=1097"},{"taxonomy":"product_tag","embeddable":true,"href":"https:\/\/www.regionalis.shop\/mariamart\/wp-json\/wp\/v2\/product_tag?post=1097"}],"curies":[{"name":"wp","href":"https:\/\/api.w.org\/{rel}","templated":true}]}}